{"id":1894,"date":"2019-07-09T05:18:43","date_gmt":"2019-07-09T05:18:43","guid":{"rendered":"http:\/\/microst.net\/?page_id=1894"},"modified":"2020-11-23T13:46:49","modified_gmt":"2020-11-23T12:46:49","slug":"about","status":"publish","type":"page","link":"https:\/\/microst.net\/?page_id=1894","title":{"rendered":"Pr\u00e9sentation"},"content":{"rendered":"\t\t<div data-elementor-type=\"wp-post\" data-elementor-id=\"1894\" class=\"elementor elementor-1894\">\n\t\t\t\t\t\t<div class=\"elementor-inner\">\n\t\t\t\t<div class=\"elementor-section-wrap\">\n\t\t\t\t\t\t\t\t\t<section class=\"elementor-section elementor-top-section elementor-element elementor-element-3337 elementor-section-boxed elementor-section-height-default elementor-section-height-default\" data-id=\"3337\" data-element_type=\"section\">\n\t\t\t\t\t\t<div class=\"elementor-container elementor-column-gap-default\">\n\t\t\t\t\t\t\t<div class=\"elementor-row\">\n\t\t\t\t\t<div class=\"elementor-column elementor-col-100 elementor-top-column elementor-element elementor-element-5836\" data-id=\"5836\" data-element_type=\"column\">\n\t\t\t<div class=\"elementor-column-wrap elementor-element-populated\">\n\t\t\t\t\t\t\t<div class=\"elementor-widget-wrap\">\n\t\t\t\t\t\t<section class=\"elementor-section elementor-inner-section elementor-element elementor-element-5d1 elementor-section-boxed elementor-section-height-default elementor-section-height-default\" data-id=\"5d1\" data-element_type=\"section\">\n\t\t\t\t\t\t<div class=\"elementor-container elementor-column-gap-default\">\n\t\t\t\t\t\t\t<div class=\"elementor-row\">\n\t\t\t\t\t<div class=\"elementor-column elementor-col-50 elementor-inner-column elementor-element elementor-element-7c0c\" data-id=\"7c0c\" data-element_type=\"column\">\n\t\t\t<div class=\"elementor-column-wrap elementor-element-populated\">\n\t\t\t\t\t\t\t<div class=\"elementor-widget-wrap\">\n\t\t\t\t\t\t<div class=\"elementor-element elementor-element-3b5e elementor-widget elementor-widget-image\" data-id=\"3b5e\" data-element_type=\"widget\" data-widget_type=\"image.default\">\n\t\t\t\t<div class=\"elementor-widget-container\">\n\t\t\t\t\t\t\t\t<div class=\"elementor-image\">\n\t\t\t\t\t\t\t\t\t\t\t\t<img width=\"800\" height=\"534\" src=\"https:\/\/microst.net\/wp-content\/uploads\/2020\/08\/inspirational-contemporary-office-with-minimalist-decor.jpg\" class=\"attachment-large size-large\" alt=\"\" loading=\"lazy\" srcset=\"https:\/\/microst.net\/wp-content\/uploads\/2020\/08\/inspirational-contemporary-office-with-minimalist-decor.jpg 1024w, https:\/\/microst.net\/wp-content\/uploads\/2020\/08\/inspirational-contemporary-office-with-minimalist-decor-300x200.jpg 300w, https:\/\/microst.net\/wp-content\/uploads\/2020\/08\/inspirational-contemporary-office-with-minimalist-decor-768x512.jpg 768w, https:\/\/microst.net\/wp-content\/uploads\/2020\/08\/inspirational-contemporary-office-with-minimalist-decor-600x400.jpg 600w\" sizes=\"(max-width: 800px) 100vw, 800px\" \/>\t\t\t\t\t\t\t\t\t\t\t\t\t\t<\/div>\n\t\t\t\t\t\t<\/div>\n\t\t\t\t<\/div>\n\t\t\t\t<div class=\"elementor-element elementor-element-1af6804 elementor-absolute elementor-hidden-phone elementor-view-default elementor-widget elementor-widget-icon\" data-id=\"1af6804\" data-element_type=\"widget\" data-settings=\"{&quot;_position&quot;:&quot;absolute&quot;}\" data-widget_type=\"icon.default\">\n\t\t\t\t<div class=\"elementor-widget-container\">\n\t\t\t\t\t<div class=\"elementor-icon-wrapper\">\n\t\t\t<div class=\"elementor-icon\">\n\t\t\t<i aria-hidden=\"true\" class=\"fas fa-quote-left\"><\/i>\t\t\t<\/div>\n\t\t<\/div>\n\t\t\t\t<\/div>\n\t\t\t\t<\/div>\n\t\t\t\t\t\t<\/div>\n\t\t\t\t\t<\/div>\n\t\t<\/div>\n\t\t\t\t<div class=\"elementor-column elementor-col-50 elementor-inner-column elementor-element elementor-element-4cf8\" data-id=\"4cf8\" data-element_type=\"column\">\n\t\t\t<div class=\"elementor-column-wrap elementor-element-populated\">\n\t\t\t\t\t\t\t<div class=\"elementor-widget-wrap\">\n\t\t\t\t\t\t<div class=\"elementor-element elementor-element-954d00d elementor-widget elementor-widget-elementskit-heading\" data-id=\"954d00d\" data-element_type=\"widget\" data-widget_type=\"elementskit-heading.default\">\n\t\t\t\t<div class=\"elementor-widget-container\">\n\t\t\t<div class=\"ekit-wid-con\" ><div class=\"ekit-heading elementskit-section-title-wraper text_left   ekit_heading_tablet-   ekit_heading_mobile-\"><h2 class=\"ekit-heading--title elementskit-section-title \">\n\t\t\t\t\tA propos\n\t\t\t\t<\/h2><div class=\"ekit_heading_separetor_wraper ekit_heading_elementskit-border-divider\"><div class=\"elementskit-border-divider\"><\/div><\/div><\/div><\/div>\t\t<\/div>\n\t\t\t\t<\/div>\n\t\t\t\t<div class=\"elementor-element elementor-element-49c7e96 elementor-tabs-view-horizontal elementor-widget elementor-widget-tabs\" data-id=\"49c7e96\" data-element_type=\"widget\" data-widget_type=\"tabs.default\">\n\t\t\t\t<div class=\"elementor-widget-container\">\n\t\t\t\t\t<div class=\"elementor-tabs\">\n\t\t\t<div class=\"elementor-tabs-wrapper\" role=\"tablist\" >\n\t\t\t\t\t\t\t\t\t<div id=\"elementor-tab-title-7731\" class=\"elementor-tab-title elementor-tab-desktop-title\" aria-selected=\"true\" data-tab=\"1\" role=\"tab\" tabindex=\"0\" aria-controls=\"elementor-tab-content-7731\" aria-expanded=\"false\"><a href=\"\">A Propos<\/a><\/div>\n\t\t\t\t\t\t\t\t\t<div id=\"elementor-tab-title-7732\" class=\"elementor-tab-title elementor-tab-desktop-title\" aria-selected=\"false\" data-tab=\"2\" role=\"tab\" tabindex=\"-1\" aria-controls=\"elementor-tab-content-7732\" aria-expanded=\"false\"><a href=\"\">Nos Valeurs<\/a><\/div>\n\t\t\t\t\t\t\t\t\t<div id=\"elementor-tab-title-7733\" class=\"elementor-tab-title elementor-tab-desktop-title\" aria-selected=\"false\" data-tab=\"3\" role=\"tab\" tabindex=\"-1\" aria-controls=\"elementor-tab-content-7733\" aria-expanded=\"false\"><a href=\"\">Pourquoi Micro Solution?<\/a><\/div>\n\t\t\t\t\t\t\t<\/div>\n\t\t\t<div class=\"elementor-tabs-content-wrapper\" role=\"tablist\" aria-orientation=\"vertical\">\n\t\t\t\t\t\t\t\t\t<div class=\"elementor-tab-title elementor-tab-mobile-title\" aria-selected=\"true\" data-tab=\"1\" role=\"tab\" tabindex=\"0\" aria-controls=\"elementor-tab-content-7731\" aria-expanded=\"false\">A Propos<\/div>\n\t\t\t\t\t<div id=\"elementor-tab-content-7731\" class=\"elementor-tab-content elementor-clearfix\" data-tab=\"1\" role=\"tabpanel\" aria-labelledby=\"elementor-tab-title-7731\" tabindex=\"0\" hidden=\"false\"><p><strong>Micro Solutions <\/strong>est un <strong>int\u00e9grateur et fournisseur de technologies <\/strong>de l\u2019information pour toute entreprise de tout genre et propose des <strong>solutions int\u00e9gr\u00e9es <\/strong>de<br \/>t\u00e9l\u00e9communication. Que vos besoins englobent l\u2019<strong>acc\u00e8s aux donn\u00e9es<\/strong>, la <strong>s\u00e9curit\u00e9\u0301 de r\u00e9seaux<\/strong>, la <strong>virtualisation<\/strong>, le <strong>stockage de donn\u00e9es<\/strong>, <strong>l\u2019infrastructure LAN ou vid\u00e9o ou Web-confe\u0301rence<\/strong>.<\/p><p><strong>Micro Solutions <\/strong>offre a\u0300 ses clients une solution plus <strong>satisfaisante <\/strong>en termes <strong>d\u2019utilit\u00e9\u0301 <\/strong>et de <strong>technologie<\/strong>. Nos produits donnent une valeur ajout\u00e9e au mobilier courant.<\/p><p>Gr\u00e2ce a\u0300 des soci\u00e9t\u00e9s partenaires d\u2019une dimension internationale, nous continuons d\u2019aider les entreprises a\u0300 plusieurs niveaux, ainsi que les organisations internationales de la sous-r\u00e9gion Subsaharienne.<br \/><strong>Dans notre domaine des services, l\u2019une des strat\u00e9gies concurrentielles majeures est de garantir un niveau de qualit\u00e9\u0301 sup\u00e9rieure a\u0300 nos clients. <\/strong><\/p><p>Nos clients choisissent <strong>Micro Solutions <\/strong>pour beaucoup de raisons parmi lesquelles on peut citer quelques-unes :<\/p><ol><li style=\"list-style-type: none;\"><ol><li>Des solutions flexibles et personnalis\u00e9es qui r\u00e9pondent a\u0300 leurs besoins uniques.<\/li><li>Des solutions performantes qu\u2019ils peuvent utiliser en tout temps.<\/li><li>Un soutien en tout temps a\u0300 la client\u00e8le.<\/li><\/ol><\/li><\/ol><\/div>\n\t\t\t\t\t\t\t\t\t<div class=\"elementor-tab-title elementor-tab-mobile-title\" aria-selected=\"false\" data-tab=\"2\" role=\"tab\" tabindex=\"-1\" aria-controls=\"elementor-tab-content-7732\" aria-expanded=\"false\">Nos Valeurs<\/div>\n\t\t\t\t\t<div id=\"elementor-tab-content-7732\" class=\"elementor-tab-content elementor-clearfix\" data-tab=\"2\" role=\"tabpanel\" aria-labelledby=\"elementor-tab-title-7732\" tabindex=\"0\" hidden=\"hidden\"><ul><li>\u00a0<strong>L\u2019acce\u0301s <\/strong><\/li><li><strong>Une philosophie de la qualite\u0301 ancre\u0301e <\/strong><\/li><li><strong>La compe\u0301tence <\/strong><\/li><li><strong>Le souci du client <\/strong><\/li><li><strong>La courtoisie <\/strong><\/li><li><strong>La cre\u0301dibilite\u0301 <\/strong><\/li><li><strong>La fiabilite\u0301 <\/strong><\/li><li><strong>La se\u0301curite\u0301 <\/strong><\/li><\/ul><\/div>\n\t\t\t\t\t\t\t\t\t<div class=\"elementor-tab-title elementor-tab-mobile-title\" aria-selected=\"false\" data-tab=\"3\" role=\"tab\" tabindex=\"-1\" aria-controls=\"elementor-tab-content-7733\" aria-expanded=\"false\">Pourquoi Micro Solution?<\/div>\n\t\t\t\t\t<div id=\"elementor-tab-content-7733\" class=\"elementor-tab-content elementor-clearfix\" data-tab=\"3\" role=\"tabpanel\" aria-labelledby=\"elementor-tab-title-7733\" tabindex=\"0\" hidden=\"hidden\"><p style=\"background: white;\"><span style=\"font-family: 'Cambria',serif; color: #636363;\">Pour le besoin des attentes et souhaits de la client\u00e8le, Micro Solutions met toujours a\u0300 la disposition de ses clients une disponibilit\u00e9\u0301 d\u2019<b>outils <\/b>et de <b>techniques informatiques puissants<\/b>. <\/span><\/p><\/div>\n\t\t\t\t\t\t\t<\/div>\n\t\t<\/div>\n\t\t\t\t<\/div>\n\t\t\t\t<\/div>\n\t\t\t\t\t\t<\/div>\n\t\t\t\t\t<\/div>\n\t\t<\/div>\n\t\t\t\t\t\t\t\t<\/div>\n\t\t\t\t\t<\/div>\n\t\t<\/section>\n\t\t\t\t\t\t<\/div>\n\t\t\t\t\t<\/div>\n\t\t<\/div>\n\t\t\t\t\t\t\t\t<\/div>\n\t\t\t\t\t<\/div>\n\t\t<\/section>\n\t\t\t\t<section class=\"elementor-section elementor-top-section elementor-element elementor-element-2fb3 elementor-section-boxed elementor-section-height-default elementor-section-height-default\" data-id=\"2fb3\" data-element_type=\"section\">\n\t\t\t\t\t\t<div class=\"elementor-container elementor-column-gap-default\">\n\t\t\t\t\t\t\t<div class=\"elementor-row\">\n\t\t\t\t\t<div class=\"elementor-column elementor-col-100 elementor-top-column elementor-element elementor-element-4922\" data-id=\"4922\" data-element_type=\"column\">\n\t\t\t<div class=\"elementor-column-wrap elementor-element-populated\">\n\t\t\t\t\t\t\t<div class=\"elementor-widget-wrap\">\n\t\t\t\t\t\t<div class=\"elementor-element elementor-element-d64865d elementor-widget elementor-widget-elementskit-heading\" data-id=\"d64865d\" data-element_type=\"widget\" data-widget_type=\"elementskit-heading.default\">\n\t\t\t\t<div class=\"elementor-widget-container\">\n\t\t\t<div class=\"ekit-wid-con\" ><div class=\"ekit-heading elementskit-section-title-wraper text_center   ekit_heading_tablet-   ekit_heading_mobile-\"><h3 class=\"elementskit-section-subtitle  \">\n\t\t\t\t\t\tC\u2019est une fiert\u00e9 de de travailler avec chacun de nos client et de les rendre satisfait\n\t\t\t\t\t<\/h3><h2 class=\"ekit-heading--title elementskit-section-title \">\n\t\t\t\t\tCe que disent nos clients\n\t\t\t\t<\/h2><\/div><\/div>\t\t<\/div>\n\t\t\t\t<\/div>\n\t\t\t\t<div class=\"elementor-element elementor-element-cb95bf9 elementor-widget elementor-widget-elementskit-testimonial\" data-id=\"cb95bf9\" data-element_type=\"widget\" data-widget_type=\"elementskit-testimonial.default\">\n\t\t\t\t<div class=\"elementor-widget-container\">\n\t\t\t<div class=\"ekit-wid-con\" ><div class=\"elementskit-testimonial-slider ekit_testimonial_style_5 slick-slider arrow_inside slick-dotted\" data-config=\"{&quot;rtl&quot;:false,&quot;arrows&quot;:false,&quot;dots&quot;:true,&quot;pauseOnHover&quot;:true,&quot;autoplay&quot;:true,&quot;speed&quot;:1000,&quot;slidesPerGroup&quot;:1,&quot;slidesPerView&quot;:2,&quot;loop&quot;:false,&quot;breakpoints&quot;:{&quot;320&quot;:{&quot;slidesPerView&quot;:&quot;1&quot;,&quot;slidesPerGroup&quot;:1},&quot;768&quot;:{&quot;slidesPerView&quot;:&quot;1&quot;,&quot;slidesPerGroup&quot;:1},&quot;1024&quot;:{&quot;slidesPerView&quot;:&quot;2&quot;,&quot;slidesPerGroup&quot;:1}}}\">\n\t<div class=\"swiper-container\">\n        <div class=\"slick-list swiper-wrapper\">\n\t\t\t\t\t\t\t<div class=\"swiper-slide\">\n\t\t\t\t\t<div class=\"slick-slide\">\n\t\t\t\t\t\t<div class=\"elementskit-single-testimonial-slider elementskit-testimonial-slider-block-style elementskit-testimonial-slider-block-style-two  elementor-repeater-item-fefd0ff\" >\n\t\t\t\t\t\t\t<div class=\"elementskit-commentor-header\">\n\t\t\t\t\t\t\t\t\n\t\t\t\t\t\t\t\t\t\t\t\t\t\t\t<\/div>\n\t\t\t\t\t\t\t\n\t\t\t\t\t\t\t\t\t\t\t\t\t\t\t<div class=\"elementskit-commentor-content\"><p>\n\n                           From banking and  insurance to wealth manage ent and securities distribution, we dedicate financial on services the teams serve all major sectors.\n                                              <\/p><\/div>\n\t\t\t\t\t\t\t\n\t\t\t\t\t\t\t<div class=\"elementskit-commentor-bio\">\n\t\t\t\t\t\t\t\t<div class=\"elementkit-commentor-details client_left\">\n\t\t\t\t\t\t\t\t\t\t\t\t\t\t\t\t\t\t\t<div class=\"elementskit-commentor-image ekit-testimonial--avatar\">\n\t\t\t\t\t\t\t\t\t\t\t<img width=\"68\" height=\"68\" src=\"https:\/\/microst.net\/wp-content\/uploads\/2019\/06\/author2.png\" class=\"attachment-full size-full\" alt=\"\" loading=\"lazy\" \/>\t\t\t\t\t\t\t\t\t\t<\/div>\n\t\t\t\t\t\t\t\t\t\t\t\t\t\t\t\t\t\t<div class=\"elementskit-profile-info\">\n\t\t\t\t\t\t\t\t\t\t<strong class=\"elementskit-author-name\">Robart Marts<\/strong>\n\t\t\t\t\t\t\t\t\t\t<span class=\"elementskit-author-des\">Ceo at dorn<\/span>\n\t\t\t\t\t\t\t\t\t<\/div>\n\t\t\t\t\t\t\t\t<\/div>\n\t\t\t\t\t\t\t\t\t\t\t\t\t\t\t\t<div class=\"elementskit-icon-content elementskit-watermark-icon \">\n\t\t\t\t\t\t\t\t\t\t\t\t\t\t\t\t\t\t\t\t<i class=\"icon icon-quote\" aria-hidden=\"true\"><\/i>\n\t\t\t\t\t\t\t\t\t\t\t\t\t\t\t\t\t\t\t<\/div>\n\t\t\t\t\t\t\t\t\t\t\t\t\t\t\t<\/div>\n\t\t\t\t\t\t<\/div>\n\t\t\t\t\t<\/div>\n\t\t\t\t<\/div>\n\t\t\t\t\t\t\t<div class=\"swiper-slide\">\n\t\t\t\t\t<div class=\"slick-slide\">\n\t\t\t\t\t\t<div class=\"elementskit-single-testimonial-slider elementskit-testimonial-slider-block-style elementskit-testimonial-slider-block-style-two  elementor-repeater-item-10abb88\" >\n\t\t\t\t\t\t\t<div class=\"elementskit-commentor-header\">\n\t\t\t\t\t\t\t\t\n\t\t\t\t\t\t\t\t\t\t\t\t\t\t\t<\/div>\n\t\t\t\t\t\t\t\n\t\t\t\t\t\t\t\t\t\t\t\t\t\t\t<div class=\"elementskit-commentor-content\"><p>\n                           From banking and  insurance to wealth manage ent and securities distribution, we dedicate financial on services the teams serve all major sectors.\n                       <\/p><\/div>\n\t\t\t\t\t\t\t\n\t\t\t\t\t\t\t<div class=\"elementskit-commentor-bio\">\n\t\t\t\t\t\t\t\t<div class=\"elementkit-commentor-details client_left\">\n\t\t\t\t\t\t\t\t\t\t\t\t\t\t\t\t\t\t\t<div class=\"elementskit-commentor-image ekit-testimonial--avatar\">\n\t\t\t\t\t\t\t\t\t\t\t<img width=\"68\" height=\"68\" src=\"https:\/\/microst.net\/wp-content\/uploads\/2019\/06\/author4.png\" class=\"attachment-full size-full\" alt=\"\" loading=\"lazy\" \/>\t\t\t\t\t\t\t\t\t\t<\/div>\n\t\t\t\t\t\t\t\t\t\t\t\t\t\t\t\t\t\t<div class=\"elementskit-profile-info\">\n\t\t\t\t\t\t\t\t\t\t<strong class=\"elementskit-author-name\">July Robast<\/strong>\n\t\t\t\t\t\t\t\t\t\t<span class=\"elementskit-author-des\">Manager<\/span>\n\t\t\t\t\t\t\t\t\t<\/div>\n\t\t\t\t\t\t\t\t<\/div>\n\t\t\t\t\t\t\t\t\t\t\t\t\t\t\t\t<div class=\"elementskit-icon-content elementskit-watermark-icon \">\n\t\t\t\t\t\t\t\t\t\t\t\t\t\t\t\t\t\t\t\t<i class=\"icon icon-quote\" aria-hidden=\"true\"><\/i>\n\t\t\t\t\t\t\t\t\t\t\t\t\t\t\t\t\t\t\t<\/div>\n\t\t\t\t\t\t\t\t\t\t\t\t\t\t\t<\/div>\n\t\t\t\t\t\t<\/div>\n\t\t\t\t\t<\/div>\n\t\t\t\t<\/div>\n\t\t\t\t\t\t\t<div class=\"swiper-slide\">\n\t\t\t\t\t<div class=\"slick-slide\">\n\t\t\t\t\t\t<div class=\"elementskit-single-testimonial-slider elementskit-testimonial-slider-block-style elementskit-testimonial-slider-block-style-two  elementor-repeater-item-5577ec8\" >\n\t\t\t\t\t\t\t<div class=\"elementskit-commentor-header\">\n\t\t\t\t\t\t\t\t\n\t\t\t\t\t\t\t\t\t\t\t\t\t\t\t<\/div>\n\t\t\t\t\t\t\t\n\t\t\t\t\t\t\t\t\t\t\t\t\t\t\t<div class=\"elementskit-commentor-content\"><p>\n                           From banking and  insurance to wealth manage ent and securities distribution, we dedicate financial on services the teams serve all major sectors.\n                       <\/p><\/div>\n\t\t\t\t\t\t\t\n\t\t\t\t\t\t\t<div class=\"elementskit-commentor-bio\">\n\t\t\t\t\t\t\t\t<div class=\"elementkit-commentor-details client_left\">\n\t\t\t\t\t\t\t\t\t\t\t\t\t\t\t\t\t\t\t<div class=\"elementskit-commentor-image ekit-testimonial--avatar\">\n\t\t\t\t\t\t\t\t\t\t\t<img width=\"63\" height=\"63\" src=\"https:\/\/microst.net\/wp-content\/uploads\/2019\/06\/author1.jpg\" class=\"attachment-full size-full\" alt=\"\" loading=\"lazy\" \/>\t\t\t\t\t\t\t\t\t\t<\/div>\n\t\t\t\t\t\t\t\t\t\t\t\t\t\t\t\t\t\t<div class=\"elementskit-profile-info\">\n\t\t\t\t\t\t\t\t\t\t<strong class=\"elementskit-author-name\">Mark Stive<\/strong>\n\t\t\t\t\t\t\t\t\t\t<span class=\"elementskit-author-des\">Ceo at dron<\/span>\n\t\t\t\t\t\t\t\t\t<\/div>\n\t\t\t\t\t\t\t\t<\/div>\n\t\t\t\t\t\t\t\t\t\t\t\t\t\t\t\t<div class=\"elementskit-icon-content elementskit-watermark-icon \">\n\t\t\t\t\t\t\t\t\t\t\t\t\t\t\t\t\t\t\t\t<i class=\"icon icon-quote\" aria-hidden=\"true\"><\/i>\n\t\t\t\t\t\t\t\t\t\t\t\t\t\t\t\t\t\t\t<\/div>\n\t\t\t\t\t\t\t\t\t\t\t\t\t\t\t<\/div>\n\t\t\t\t\t\t<\/div>\n\t\t\t\t\t<\/div>\n\t\t\t\t<\/div>\n\t\t\t\t\t<\/div>\n\t<\/div>\n\t<ul class=\"slick-dots swiper-pagination swiper-pagination-clickable swiper-pagination-bullets\"><\/ul>\n\t<\/div><\/div>\t\t<\/div>\n\t\t\t\t<\/div>\n\t\t\t\t\t\t<\/div>\n\t\t\t\t\t<\/div>\n\t\t<\/div>\n\t\t\t\t\t\t\t\t<\/div>\n\t\t\t\t\t<\/div>\n\t\t<\/section>\n\t\t\t\t\t\t\t\t\t<\/div>\n\t\t\t<\/div>\n\t\t\t\t\t<\/div>\n\t\t","protected":false},"excerpt":{"rendered":"<p>A propos A Propos Nos Valeurs Pourquoi Micro Solution? A Propos Micro Solutions est un int\u00e9grateur et fournisseur de technologies de l\u2019information pour toute entreprise de tout genre et propose des solutions int\u00e9gr\u00e9es det\u00e9l\u00e9communication. Que vos besoins englobent l\u2019acc\u00e8s aux donn\u00e9es, la s\u00e9curit\u00e9\u0301 de r\u00e9seaux, la virtualisation, le stockage de donn\u00e9es, l\u2019infrastructure LAN ou vid\u00e9o [&hellip;]<\/p>\n","protected":false},"author":1,"featured_media":0,"parent":0,"menu_order":0,"comment_status":"closed","ping_status":"closed","template":"template\/full-width-template.php","meta":[],"yoast_head":"<!-- This site is optimized with the Yoast SEO plugin v19.1 - https:\/\/yoast.com\/wordpress\/plugins\/seo\/ -->\n<title>Pr\u00e9sentation - Micro Solutions<\/title>\n<meta name=\"robots\" content=\"index, follow, max-snippet:-1, max-image-preview:large, max-video-preview:-1\" \/>\n<link rel=\"canonical\" href=\"https:\/\/microst.net\/?page_id=1894\" \/>\n<meta property=\"og:locale\" content=\"fr_FR\" \/>\n<meta property=\"og:type\" content=\"article\" \/>\n<meta property=\"og:title\" content=\"Pr\u00e9sentation - Micro Solutions\" \/>\n<meta property=\"og:description\" content=\"A propos A Propos Nos Valeurs Pourquoi Micro Solution? A Propos Micro Solutions est un int\u00e9grateur et fournisseur de technologies de l\u2019information pour toute entreprise de tout genre et propose des solutions int\u00e9gr\u00e9es det\u00e9l\u00e9communication. Que vos besoins englobent l\u2019acc\u00e8s aux donn\u00e9es, la s\u00e9curit\u00e9\u0301 de r\u00e9seaux, la virtualisation, le stockage de donn\u00e9es, l\u2019infrastructure LAN ou vid\u00e9o [&hellip;]\" \/>\n<meta property=\"og:url\" content=\"https:\/\/microst.net\/?page_id=1894\" \/>\n<meta property=\"og:site_name\" content=\"Micro Solutions\" \/>\n<meta property=\"article:modified_time\" content=\"2020-11-23T12:46:49+00:00\" \/>\n<meta property=\"og:image\" content=\"http:\/\/microst.net\/wp-content\/uploads\/2020\/08\/inspirational-contemporary-office-with-minimalist-decor.jpg\" \/>\n<meta name=\"twitter:card\" content=\"summary_large_image\" \/>\n<meta name=\"twitter:label1\" content=\"Dur\u00e9e de lecture estim\u00e9e\" \/>\n\t<meta name=\"twitter:data1\" content=\"2 minutes\" \/>\n<script type=\"application\/ld+json\" class=\"yoast-schema-graph\">{\"@context\":\"https:\/\/schema.org\",\"@graph\":[{\"@type\":\"WebSite\",\"@id\":\"https:\/\/microst.net\/#website\",\"url\":\"https:\/\/microst.net\/\",\"name\":\"Micro Solutions\",\"description\":\"\",\"potentialAction\":[{\"@type\":\"SearchAction\",\"target\":{\"@type\":\"EntryPoint\",\"urlTemplate\":\"https:\/\/microst.net\/?s={search_term_string}\"},\"query-input\":\"required name=search_term_string\"}],\"inLanguage\":\"fr-FR\"},{\"@type\":\"ImageObject\",\"inLanguage\":\"fr-FR\",\"@id\":\"https:\/\/microst.net\/?page_id=1894#primaryimage\",\"url\":\"https:\/\/microst.net\/wp-content\/uploads\/2020\/08\/inspirational-contemporary-office-with-minimalist-decor.jpg\",\"contentUrl\":\"https:\/\/microst.net\/wp-content\/uploads\/2020\/08\/inspirational-contemporary-office-with-minimalist-decor.jpg\",\"width\":1024,\"height\":683},{\"@type\":\"WebPage\",\"@id\":\"https:\/\/microst.net\/?page_id=1894#webpage\",\"url\":\"https:\/\/microst.net\/?page_id=1894\",\"name\":\"Pr\u00e9sentation - Micro Solutions\",\"isPartOf\":{\"@id\":\"https:\/\/microst.net\/#website\"},\"primaryImageOfPage\":{\"@id\":\"https:\/\/microst.net\/?page_id=1894#primaryimage\"},\"datePublished\":\"2019-07-09T05:18:43+00:00\",\"dateModified\":\"2020-11-23T12:46:49+00:00\",\"breadcrumb\":{\"@id\":\"https:\/\/microst.net\/?page_id=1894#breadcrumb\"},\"inLanguage\":\"fr-FR\",\"potentialAction\":[{\"@type\":\"ReadAction\",\"target\":[\"https:\/\/microst.net\/?page_id=1894\"]}]},{\"@type\":\"BreadcrumbList\",\"@id\":\"https:\/\/microst.net\/?page_id=1894#breadcrumb\",\"itemListElement\":[{\"@type\":\"ListItem\",\"position\":1,\"name\":\"Accueil\",\"item\":\"https:\/\/microst.net\/\"},{\"@type\":\"ListItem\",\"position\":2,\"name\":\"Pr\u00e9sentation\"}]}]}<\/script>\n<!-- \/ Yoast SEO plugin. -->","yoast_head_json":{"title":"Pr\u00e9sentation - Micro Solutions","robots":{"index":"index","follow":"follow","max-snippet":"max-snippet:-1","max-image-preview":"max-image-preview:large","max-video-preview":"max-video-preview:-1"},"canonical":"https:\/\/microst.net\/?page_id=1894","og_locale":"fr_FR","og_type":"article","og_title":"Pr\u00e9sentation - Micro Solutions","og_description":"A propos A Propos Nos Valeurs Pourquoi Micro Solution? A Propos Micro Solutions est un int\u00e9grateur et fournisseur de technologies de l\u2019information pour toute entreprise de tout genre et propose des solutions int\u00e9gr\u00e9es det\u00e9l\u00e9communication. Que vos besoins englobent l\u2019acc\u00e8s aux donn\u00e9es, la s\u00e9curit\u00e9\u0301 de r\u00e9seaux, la virtualisation, le stockage de donn\u00e9es, l\u2019infrastructure LAN ou vid\u00e9o [&hellip;]","og_url":"https:\/\/microst.net\/?page_id=1894","og_site_name":"Micro Solutions","article_modified_time":"2020-11-23T12:46:49+00:00","og_image":[{"url":"http:\/\/microst.net\/wp-content\/uploads\/2020\/08\/inspirational-contemporary-office-with-minimalist-decor.jpg"}],"twitter_card":"summary_large_image","twitter_misc":{"Dur\u00e9e de lecture estim\u00e9e":"2 minutes"},"schema":{"@context":"https:\/\/schema.org","@graph":[{"@type":"WebSite","@id":"https:\/\/microst.net\/#website","url":"https:\/\/microst.net\/","name":"Micro Solutions","description":"","potentialAction":[{"@type":"SearchAction","target":{"@type":"EntryPoint","urlTemplate":"https:\/\/microst.net\/?s={search_term_string}"},"query-input":"required name=search_term_string"}],"inLanguage":"fr-FR"},{"@type":"ImageObject","inLanguage":"fr-FR","@id":"https:\/\/microst.net\/?page_id=1894#primaryimage","url":"https:\/\/microst.net\/wp-content\/uploads\/2020\/08\/inspirational-contemporary-office-with-minimalist-decor.jpg","contentUrl":"https:\/\/microst.net\/wp-content\/uploads\/2020\/08\/inspirational-contemporary-office-with-minimalist-decor.jpg","width":1024,"height":683},{"@type":"WebPage","@id":"https:\/\/microst.net\/?page_id=1894#webpage","url":"https:\/\/microst.net\/?page_id=1894","name":"Pr\u00e9sentation - Micro Solutions","isPartOf":{"@id":"https:\/\/microst.net\/#website"},"primaryImageOfPage":{"@id":"https:\/\/microst.net\/?page_id=1894#primaryimage"},"datePublished":"2019-07-09T05:18:43+00:00","dateModified":"2020-11-23T12:46:49+00:00","breadcrumb":{"@id":"https:\/\/microst.net\/?page_id=1894#breadcrumb"},"inLanguage":"fr-FR","potentialAction":[{"@type":"ReadAction","target":["https:\/\/microst.net\/?page_id=1894"]}]},{"@type":"BreadcrumbList","@id":"https:\/\/microst.net\/?page_id=1894#breadcrumb","itemListElement":[{"@type":"ListItem","position":1,"name":"Accueil","item":"https:\/\/microst.net\/"},{"@type":"ListItem","position":2,"name":"Pr\u00e9sentation"}]}]}},"_links":{"self":[{"href":"https:\/\/microst.net\/index.php?rest_route=\/wp\/v2\/pages\/1894"}],"collection":[{"href":"https:\/\/microst.net\/index.php?rest_route=\/wp\/v2\/pages"}],"about":[{"href":"https:\/\/microst.net\/index.php?rest_route=\/wp\/v2\/types\/page"}],"author":[{"embeddable":true,"href":"https:\/\/microst.net\/index.php?rest_route=\/wp\/v2\/users\/1"}],"replies":[{"embeddable":true,"href":"https:\/\/microst.net\/index.php?rest_route=%2Fwp%2Fv2%2Fcomments&post=1894"}],"version-history":[{"count":12,"href":"https:\/\/microst.net\/index.php?rest_route=\/wp\/v2\/pages\/1894\/revisions"}],"predecessor-version":[{"id":6001,"href":"https:\/\/microst.net\/index.php?rest_route=\/wp\/v2\/pages\/1894\/revisions\/6001"}],"wp:attachment":[{"href":"https:\/\/microst.net\/index.php?rest_route=%2Fwp%2Fv2%2Fmedia&parent=1894"}],"curies":[{"name":"wp","href":"https:\/\/api.w.org\/{rel}","templated":true}]}}