{"id":5821,"date":"2020-08-24T15:07:49","date_gmt":"2020-08-24T14:07:49","guid":{"rendered":"http:\/\/microst.net\/?page_id=5821"},"modified":"2020-11-23T13:40:07","modified_gmt":"2020-11-23T12:40:07","slug":"securite-des-donnees","status":"publish","type":"page","link":"https:\/\/microst.net\/?page_id=5821","title":{"rendered":"S\u00e9curit\u00e9 des donn\u00e9es"},"content":{"rendered":"\t\t<div data-elementor-type=\"wp-page\" data-elementor-id=\"5821\" class=\"elementor elementor-5821\">\n\t\t\t\t\t\t<div class=\"elementor-inner\">\n\t\t\t\t<div class=\"elementor-section-wrap\">\n\t\t\t\t\t\t\t\t\t<section class=\"elementor-section elementor-top-section elementor-element elementor-element-e1bf8e3 elementor-section-stretched elementor-section-full_width elementor-section-height-default elementor-section-height-default\" data-id=\"e1bf8e3\" data-element_type=\"section\" data-settings=\"{&quot;stretch_section&quot;:&quot;section-stretched&quot;}\">\n\t\t\t\t\t\t<div class=\"elementor-container elementor-column-gap-default\">\n\t\t\t\t\t\t\t<div class=\"elementor-row\">\n\t\t\t\t\t<div class=\"elementor-column elementor-col-100 elementor-top-column elementor-element elementor-element-3559abf\" data-id=\"3559abf\" data-element_type=\"column\">\n\t\t\t<div class=\"elementor-column-wrap elementor-element-populated\">\n\t\t\t\t\t\t\t<div class=\"elementor-widget-wrap\">\n\t\t\t\t\t\t<section class=\"elementor-section elementor-inner-section elementor-element elementor-element-a6c40ce elementor-section-boxed elementor-section-height-default elementor-section-height-default\" data-id=\"a6c40ce\" data-element_type=\"section\">\n\t\t\t\t\t\t<div class=\"elementor-container elementor-column-gap-default\">\n\t\t\t\t\t\t\t<div class=\"elementor-row\">\n\t\t\t\t\t<div class=\"elementor-column elementor-col-50 elementor-inner-column elementor-element elementor-element-ef6969b\" data-id=\"ef6969b\" data-element_type=\"column\">\n\t\t\t<div class=\"elementor-column-wrap elementor-element-populated\">\n\t\t\t\t\t\t\t<div class=\"elementor-widget-wrap\">\n\t\t\t\t\t\t<div class=\"elementor-element elementor-element-e38f5eb elementor-invisible elementor-widget elementor-widget-image\" data-id=\"e38f5eb\" data-element_type=\"widget\" data-settings=\"{&quot;_animation&quot;:&quot;fadeInLeft&quot;}\" data-widget_type=\"image.default\">\n\t\t\t\t<div class=\"elementor-widget-container\">\n\t\t\t\t\t\t\t\t<div class=\"elementor-image\">\n\t\t\t\t\t\t\t\t\t\t\t\t<img width=\"800\" height=\"450\" src=\"https:\/\/microst.net\/wp-content\/uploads\/2020\/08\/6532-1024x576.jpg\" class=\"attachment-large size-large\" alt=\"\" loading=\"lazy\" srcset=\"https:\/\/microst.net\/wp-content\/uploads\/2020\/08\/6532-1024x576.jpg 1024w, https:\/\/microst.net\/wp-content\/uploads\/2020\/08\/6532-300x169.jpg 300w, https:\/\/microst.net\/wp-content\/uploads\/2020\/08\/6532-768x432.jpg 768w, https:\/\/microst.net\/wp-content\/uploads\/2020\/08\/6532-1536x864.jpg 1536w, https:\/\/microst.net\/wp-content\/uploads\/2020\/08\/6532-2048x1152.jpg 2048w, https:\/\/microst.net\/wp-content\/uploads\/2020\/08\/6532-600x337.jpg 600w\" sizes=\"(max-width: 800px) 100vw, 800px\" \/>\t\t\t\t\t\t\t\t\t\t\t\t\t\t<\/div>\n\t\t\t\t\t\t<\/div>\n\t\t\t\t<\/div>\n\t\t\t\t\t\t<\/div>\n\t\t\t\t\t<\/div>\n\t\t<\/div>\n\t\t\t\t<div class=\"elementor-column elementor-col-50 elementor-inner-column elementor-element elementor-element-9350860 elementor-invisible\" data-id=\"9350860\" data-element_type=\"column\" data-settings=\"{&quot;animation&quot;:&quot;fadeInRight&quot;}\">\n\t\t\t<div class=\"elementor-column-wrap elementor-element-populated\">\n\t\t\t\t\t\t\t<div class=\"elementor-widget-wrap\">\n\t\t\t\t\t\t<div class=\"elementor-element elementor-element-5affc94 elementor-widget elementor-widget-elementskit-heading\" data-id=\"5affc94\" data-element_type=\"widget\" data-widget_type=\"elementskit-heading.default\">\n\t\t\t\t<div class=\"elementor-widget-container\">\n\t\t\t<div class=\"ekit-wid-con\" ><div class=\"ekit-heading elementskit-section-title-wraper text_left   ekit_heading_tablet-   ekit_heading_mobile-\"><h2 class=\"ekit-heading--title elementskit-section-title \">\n\t\t\t\t\tS\u00e9curit\u00e9 Des Donn\u00e9es\n\t\t\t\t<\/h2><div class=\"ekit_heading_separetor_wraper ekit_heading_elementskit-border-divider\"><div class=\"elementskit-border-divider\"><\/div><\/div><\/div><\/div>\t\t<\/div>\n\t\t\t\t<\/div>\n\t\t\t\t<div class=\"elementor-element elementor-element-5ec12ea elementor-widget elementor-widget-text-editor\" data-id=\"5ec12ea\" data-element_type=\"widget\" data-widget_type=\"text-editor.default\">\n\t\t\t\t<div class=\"elementor-widget-container\">\n\t\t\t\t\t\t\t\t<div class=\"elementor-text-editor elementor-clearfix\">\n\t\t\t\t\u2713 Se\u0301curisation des donne\u0301es de votre entreprise par un syste\u0300me de sauvegarde parfaitement fiable limitant la perte de donne\u0301es en cas d\u2019incident (incendie, vol, crash informatique).<br>\u2713 Sauvegarde et de restauration de vos donne\u0301es ( <strong>applications, messageries, syste\u0300mes et machines virtuelles<\/strong>) d\u2019une manie\u0300re comple\u0300te et rapide.<br>\u2713 Protection de vos donne\u0301es, par une bonne RTO (recovery time objective)\n<ul>\n \t<li>Protection de vos donne\u0301es, par une RPO (recovery point objective),<\/li>\n \t<li>Proposition d\u2019une ou plusieurs Appliance de sauvegarde, Selon vos besoins et votre budget,<\/li>\n \t<li>proposition de solutions Antivirus Professionnels pour la protection de serveurs et de postes de travail au sein de vos entreprises.<\/li>\n<\/ul>\t\t\t\t\t<\/div>\n\t\t\t\t\t\t<\/div>\n\t\t\t\t<\/div>\n\t\t\t\t\t\t<\/div>\n\t\t\t\t\t<\/div>\n\t\t<\/div>\n\t\t\t\t\t\t\t\t<\/div>\n\t\t\t\t\t<\/div>\n\t\t<\/section>\n\t\t\t\t\t\t<\/div>\n\t\t\t\t\t<\/div>\n\t\t<\/div>\n\t\t\t\t\t\t\t\t<\/div>\n\t\t\t\t\t<\/div>\n\t\t<\/section>\n\t\t\t\t\t\t\t\t\t<\/div>\n\t\t\t<\/div>\n\t\t\t\t\t<\/div>\n\t\t","protected":false},"excerpt":{"rendered":"<p>S\u00e9curit\u00e9 Des Donn\u00e9es \u2713 Se\u0301curisation des donne\u0301es de votre entreprise par un syste\u0300me de sauvegarde parfaitement fiable limitant la perte de donne\u0301es en cas d\u2019incident (incendie, vol, crash informatique).\u2713 Sauvegarde et de restauration de vos donne\u0301es ( applications, messageries, syste\u0300mes et machines virtuelles) d\u2019une manie\u0300re comple\u0300te et rapide.\u2713 Protection de vos donne\u0301es, par une bonne [&hellip;]<\/p>\n","protected":false},"author":1,"featured_media":0,"parent":0,"menu_order":0,"comment_status":"closed","ping_status":"closed","template":"template\/full-width-template.php","meta":[],"yoast_head":"<!-- This site is optimized with the Yoast SEO plugin v19.1 - https:\/\/yoast.com\/wordpress\/plugins\/seo\/ -->\n<title>S\u00e9curit\u00e9 des donn\u00e9es - Micro Solutions<\/title>\n<meta name=\"robots\" content=\"index, follow, max-snippet:-1, max-image-preview:large, max-video-preview:-1\" \/>\n<link rel=\"canonical\" href=\"https:\/\/microst.net\/?page_id=5821\" \/>\n<meta property=\"og:locale\" content=\"fr_FR\" \/>\n<meta property=\"og:type\" content=\"article\" \/>\n<meta property=\"og:title\" content=\"S\u00e9curit\u00e9 des donn\u00e9es - Micro Solutions\" \/>\n<meta property=\"og:description\" content=\"S\u00e9curit\u00e9 Des Donn\u00e9es \u2713 Se\u0301curisation des donne\u0301es de votre entreprise par un syste\u0300me de sauvegarde parfaitement fiable limitant la perte de donne\u0301es en cas d\u2019incident (incendie, vol, crash informatique).\u2713 Sauvegarde et de restauration de vos donne\u0301es ( applications, messageries, syste\u0300mes et machines virtuelles) d\u2019une manie\u0300re comple\u0300te et rapide.\u2713 Protection de vos donne\u0301es, par une bonne [&hellip;]\" \/>\n<meta property=\"og:url\" content=\"https:\/\/microst.net\/?page_id=5821\" \/>\n<meta property=\"og:site_name\" content=\"Micro Solutions\" \/>\n<meta property=\"article:modified_time\" content=\"2020-11-23T12:40:07+00:00\" \/>\n<meta property=\"og:image\" content=\"http:\/\/microst.net\/wp-content\/uploads\/2020\/08\/6532-1024x576.jpg\" \/>\n<meta name=\"twitter:card\" content=\"summary_large_image\" \/>\n<meta name=\"twitter:label1\" content=\"Dur\u00e9e de lecture estim\u00e9e\" \/>\n\t<meta name=\"twitter:data1\" content=\"1 minute\" \/>\n<script type=\"application\/ld+json\" class=\"yoast-schema-graph\">{\"@context\":\"https:\/\/schema.org\",\"@graph\":[{\"@type\":\"WebSite\",\"@id\":\"https:\/\/microst.net\/#website\",\"url\":\"https:\/\/microst.net\/\",\"name\":\"Micro Solutions\",\"description\":\"\",\"potentialAction\":[{\"@type\":\"SearchAction\",\"target\":{\"@type\":\"EntryPoint\",\"urlTemplate\":\"https:\/\/microst.net\/?s={search_term_string}\"},\"query-input\":\"required name=search_term_string\"}],\"inLanguage\":\"fr-FR\"},{\"@type\":\"ImageObject\",\"inLanguage\":\"fr-FR\",\"@id\":\"https:\/\/microst.net\/?page_id=5821#primaryimage\",\"url\":\"http:\/\/microst.net\/wp-content\/uploads\/2020\/08\/6532-1024x576.jpg\",\"contentUrl\":\"http:\/\/microst.net\/wp-content\/uploads\/2020\/08\/6532-1024x576.jpg\"},{\"@type\":\"WebPage\",\"@id\":\"https:\/\/microst.net\/?page_id=5821#webpage\",\"url\":\"https:\/\/microst.net\/?page_id=5821\",\"name\":\"S\u00e9curit\u00e9 des donn\u00e9es - Micro Solutions\",\"isPartOf\":{\"@id\":\"https:\/\/microst.net\/#website\"},\"primaryImageOfPage\":{\"@id\":\"https:\/\/microst.net\/?page_id=5821#primaryimage\"},\"datePublished\":\"2020-08-24T14:07:49+00:00\",\"dateModified\":\"2020-11-23T12:40:07+00:00\",\"breadcrumb\":{\"@id\":\"https:\/\/microst.net\/?page_id=5821#breadcrumb\"},\"inLanguage\":\"fr-FR\",\"potentialAction\":[{\"@type\":\"ReadAction\",\"target\":[\"https:\/\/microst.net\/?page_id=5821\"]}]},{\"@type\":\"BreadcrumbList\",\"@id\":\"https:\/\/microst.net\/?page_id=5821#breadcrumb\",\"itemListElement\":[{\"@type\":\"ListItem\",\"position\":1,\"name\":\"Accueil\",\"item\":\"https:\/\/microst.net\/\"},{\"@type\":\"ListItem\",\"position\":2,\"name\":\"S\u00e9curit\u00e9 des donn\u00e9es\"}]}]}<\/script>\n<!-- \/ Yoast SEO plugin. -->","yoast_head_json":{"title":"S\u00e9curit\u00e9 des donn\u00e9es - Micro Solutions","robots":{"index":"index","follow":"follow","max-snippet":"max-snippet:-1","max-image-preview":"max-image-preview:large","max-video-preview":"max-video-preview:-1"},"canonical":"https:\/\/microst.net\/?page_id=5821","og_locale":"fr_FR","og_type":"article","og_title":"S\u00e9curit\u00e9 des donn\u00e9es - Micro Solutions","og_description":"S\u00e9curit\u00e9 Des Donn\u00e9es \u2713 Se\u0301curisation des donne\u0301es de votre entreprise par un syste\u0300me de sauvegarde parfaitement fiable limitant la perte de donne\u0301es en cas d\u2019incident (incendie, vol, crash informatique).\u2713 Sauvegarde et de restauration de vos donne\u0301es ( applications, messageries, syste\u0300mes et machines virtuelles) d\u2019une manie\u0300re comple\u0300te et rapide.\u2713 Protection de vos donne\u0301es, par une bonne [&hellip;]","og_url":"https:\/\/microst.net\/?page_id=5821","og_site_name":"Micro Solutions","article_modified_time":"2020-11-23T12:40:07+00:00","og_image":[{"url":"http:\/\/microst.net\/wp-content\/uploads\/2020\/08\/6532-1024x576.jpg"}],"twitter_card":"summary_large_image","twitter_misc":{"Dur\u00e9e de lecture estim\u00e9e":"1 minute"},"schema":{"@context":"https:\/\/schema.org","@graph":[{"@type":"WebSite","@id":"https:\/\/microst.net\/#website","url":"https:\/\/microst.net\/","name":"Micro Solutions","description":"","potentialAction":[{"@type":"SearchAction","target":{"@type":"EntryPoint","urlTemplate":"https:\/\/microst.net\/?s={search_term_string}"},"query-input":"required name=search_term_string"}],"inLanguage":"fr-FR"},{"@type":"ImageObject","inLanguage":"fr-FR","@id":"https:\/\/microst.net\/?page_id=5821#primaryimage","url":"http:\/\/microst.net\/wp-content\/uploads\/2020\/08\/6532-1024x576.jpg","contentUrl":"http:\/\/microst.net\/wp-content\/uploads\/2020\/08\/6532-1024x576.jpg"},{"@type":"WebPage","@id":"https:\/\/microst.net\/?page_id=5821#webpage","url":"https:\/\/microst.net\/?page_id=5821","name":"S\u00e9curit\u00e9 des donn\u00e9es - Micro Solutions","isPartOf":{"@id":"https:\/\/microst.net\/#website"},"primaryImageOfPage":{"@id":"https:\/\/microst.net\/?page_id=5821#primaryimage"},"datePublished":"2020-08-24T14:07:49+00:00","dateModified":"2020-11-23T12:40:07+00:00","breadcrumb":{"@id":"https:\/\/microst.net\/?page_id=5821#breadcrumb"},"inLanguage":"fr-FR","potentialAction":[{"@type":"ReadAction","target":["https:\/\/microst.net\/?page_id=5821"]}]},{"@type":"BreadcrumbList","@id":"https:\/\/microst.net\/?page_id=5821#breadcrumb","itemListElement":[{"@type":"ListItem","position":1,"name":"Accueil","item":"https:\/\/microst.net\/"},{"@type":"ListItem","position":2,"name":"S\u00e9curit\u00e9 des donn\u00e9es"}]}]}},"_links":{"self":[{"href":"https:\/\/microst.net\/index.php?rest_route=\/wp\/v2\/pages\/5821"}],"collection":[{"href":"https:\/\/microst.net\/index.php?rest_route=\/wp\/v2\/pages"}],"about":[{"href":"https:\/\/microst.net\/index.php?rest_route=\/wp\/v2\/types\/page"}],"author":[{"embeddable":true,"href":"https:\/\/microst.net\/index.php?rest_route=\/wp\/v2\/users\/1"}],"replies":[{"embeddable":true,"href":"https:\/\/microst.net\/index.php?rest_route=%2Fwp%2Fv2%2Fcomments&post=5821"}],"version-history":[{"count":5,"href":"https:\/\/microst.net\/index.php?rest_route=\/wp\/v2\/pages\/5821\/revisions"}],"predecessor-version":[{"id":5992,"href":"https:\/\/microst.net\/index.php?rest_route=\/wp\/v2\/pages\/5821\/revisions\/5992"}],"wp:attachment":[{"href":"https:\/\/microst.net\/index.php?rest_route=%2Fwp%2Fv2%2Fmedia&parent=5821"}],"curies":[{"name":"wp","href":"https:\/\/api.w.org\/{rel}","templated":true}]}}