{"id":5825,"date":"2020-08-24T15:07:50","date_gmt":"2020-08-24T14:07:50","guid":{"rendered":"http:\/\/microst.net\/?page_id=5825"},"modified":"2020-11-23T13:42:30","modified_gmt":"2020-11-23T12:42:30","slug":"equipement-telecom","status":"publish","type":"page","link":"https:\/\/microst.net\/?page_id=5825","title":{"rendered":"Equipement T\u00e9l\u00e9com"},"content":{"rendered":"\t\t<div data-elementor-type=\"wp-page\" data-elementor-id=\"5825\" class=\"elementor elementor-5825\">\n\t\t\t\t\t\t<div class=\"elementor-inner\">\n\t\t\t\t<div class=\"elementor-section-wrap\">\n\t\t\t\t\t\t\t\t\t<section class=\"elementor-section elementor-top-section elementor-element elementor-element-37d718f1 elementor-section-stretched elementor-section-full_width elementor-section-height-default elementor-section-height-default\" data-id=\"37d718f1\" data-element_type=\"section\" data-settings=\"{&quot;stretch_section&quot;:&quot;section-stretched&quot;}\">\n\t\t\t\t\t\t<div class=\"elementor-container elementor-column-gap-default\">\n\t\t\t\t\t\t\t<div class=\"elementor-row\">\n\t\t\t\t\t<div class=\"elementor-column elementor-col-100 elementor-top-column elementor-element elementor-element-1b83f967\" data-id=\"1b83f967\" data-element_type=\"column\">\n\t\t\t<div class=\"elementor-column-wrap elementor-element-populated\">\n\t\t\t\t\t\t\t<div class=\"elementor-widget-wrap\">\n\t\t\t\t\t\t<section class=\"elementor-section elementor-inner-section elementor-element elementor-element-4fe86309 elementor-section-boxed elementor-section-height-default elementor-section-height-default\" data-id=\"4fe86309\" data-element_type=\"section\">\n\t\t\t\t\t\t<div class=\"elementor-container elementor-column-gap-default\">\n\t\t\t\t\t\t\t<div class=\"elementor-row\">\n\t\t\t\t\t<div class=\"elementor-column elementor-col-50 elementor-inner-column elementor-element elementor-element-30c68e90\" data-id=\"30c68e90\" data-element_type=\"column\">\n\t\t\t<div class=\"elementor-column-wrap elementor-element-populated\">\n\t\t\t\t\t\t\t<div class=\"elementor-widget-wrap\">\n\t\t\t\t\t\t<div class=\"elementor-element elementor-element-1799ec84 elementor-invisible elementor-widget elementor-widget-image\" data-id=\"1799ec84\" data-element_type=\"widget\" data-settings=\"{&quot;_animation&quot;:&quot;fadeInLeft&quot;}\" data-widget_type=\"image.default\">\n\t\t\t\t<div class=\"elementor-widget-container\">\n\t\t\t\t\t\t\t\t<div class=\"elementor-image\">\n\t\t\t\t\t\t\t\t\t\t\t\t<img width=\"800\" height=\"517\" src=\"https:\/\/microst.net\/wp-content\/uploads\/2020\/08\/894-1024x662.jpg\" class=\"attachment-large size-large\" alt=\"\" loading=\"lazy\" srcset=\"https:\/\/microst.net\/wp-content\/uploads\/2020\/08\/894-1024x662.jpg 1024w, https:\/\/microst.net\/wp-content\/uploads\/2020\/08\/894-300x194.jpg 300w, https:\/\/microst.net\/wp-content\/uploads\/2020\/08\/894-768x496.jpg 768w, https:\/\/microst.net\/wp-content\/uploads\/2020\/08\/894-1536x992.jpg 1536w, https:\/\/microst.net\/wp-content\/uploads\/2020\/08\/894-2048x1323.jpg 2048w, https:\/\/microst.net\/wp-content\/uploads\/2020\/08\/894-600x388.jpg 600w\" sizes=\"(max-width: 800px) 100vw, 800px\" \/>\t\t\t\t\t\t\t\t\t\t\t\t\t\t<\/div>\n\t\t\t\t\t\t<\/div>\n\t\t\t\t<\/div>\n\t\t\t\t\t\t<\/div>\n\t\t\t\t\t<\/div>\n\t\t<\/div>\n\t\t\t\t<div class=\"elementor-column elementor-col-50 elementor-inner-column elementor-element elementor-element-1cb3a006 elementor-invisible\" data-id=\"1cb3a006\" data-element_type=\"column\" data-settings=\"{&quot;animation&quot;:&quot;fadeInRight&quot;}\">\n\t\t\t<div class=\"elementor-column-wrap elementor-element-populated\">\n\t\t\t\t\t\t\t<div class=\"elementor-widget-wrap\">\n\t\t\t\t\t\t<div class=\"elementor-element elementor-element-f605a14 elementor-widget elementor-widget-elementskit-heading\" data-id=\"f605a14\" data-element_type=\"widget\" data-widget_type=\"elementskit-heading.default\">\n\t\t\t\t<div class=\"elementor-widget-container\">\n\t\t\t<div class=\"ekit-wid-con\" ><div class=\"ekit-heading elementskit-section-title-wraper text_left   ekit_heading_tablet-   ekit_heading_mobile-\"><h2 class=\"ekit-heading--title elementskit-section-title \">\n\t\t\t\t\tEquipement T\u00e9l\u00e9com\n\t\t\t\t<\/h2><div class=\"ekit_heading_separetor_wraper ekit_heading_elementskit-border-divider\"><div class=\"elementskit-border-divider\"><\/div><\/div><\/div><\/div>\t\t<\/div>\n\t\t\t\t<\/div>\n\t\t\t\t<div class=\"elementor-element elementor-element-2a4d0b59 elementor-widget elementor-widget-text-editor\" data-id=\"2a4d0b59\" data-element_type=\"widget\" data-widget_type=\"text-editor.default\">\n\t\t\t\t<div class=\"elementor-widget-container\">\n\t\t\t\t\t\t\t\t<div class=\"elementor-text-editor elementor-clearfix\">\n\t\t\t\t<p>Pour re\u0301pondre aux proble\u0301matiques de service, de simplicite\u0301, de fiabilite\u0301 et de performance, Micro Solutions s\u2019est adosse\u0301e aux plus grands constructeurs mondiaux de mate\u0301riels te\u0301le\u0301communication (Redback (Ericsson), Lucent, Alcatel, Calix, Cisco, Arris, Adtran, Juniper, Force10, Foundry, Paradyne, Zhone, Tekelec, Genband, Taqua, Telica, etc.), pour vous fournir des outils modernes, pe\u0301rennes.<\/p><p>Cependant, il ne vous suffira pas de disposer du meilleur e\u0301quipement, vous devez aussi assurer sa maintenance tant pre\u0301ventive que curative \u2013 afin que celui-ci assure pleinement sa fonction de communication. A cet effet, nous avons imagine\u0301 des prestations de maintenance et de renouvellement des e\u0301quipements de\u0301ploye\u0301s sur vos sites qui tiennent compte de leurs spe\u0301cificite\u0301s mais aussi de vos contraintes budge\u0301taires.<\/p><p>\u00a0<\/p>\t\t\t\t\t<\/div>\n\t\t\t\t\t\t<\/div>\n\t\t\t\t<\/div>\n\t\t\t\t\t\t<\/div>\n\t\t\t\t\t<\/div>\n\t\t<\/div>\n\t\t\t\t\t\t\t\t<\/div>\n\t\t\t\t\t<\/div>\n\t\t<\/section>\n\t\t\t\t\t\t<\/div>\n\t\t\t\t\t<\/div>\n\t\t<\/div>\n\t\t\t\t\t\t\t\t<\/div>\n\t\t\t\t\t<\/div>\n\t\t<\/section>\n\t\t\t\t\t\t\t\t\t<\/div>\n\t\t\t<\/div>\n\t\t\t\t\t<\/div>\n\t\t","protected":false},"excerpt":{"rendered":"<p>Equipement T\u00e9l\u00e9com Pour re\u0301pondre aux proble\u0301matiques de service, de simplicite\u0301, de fiabilite\u0301 et de performance, Micro Solutions s\u2019est adosse\u0301e aux plus grands constructeurs mondiaux de mate\u0301riels te\u0301le\u0301communication (Redback (Ericsson), Lucent, Alcatel, Calix, Cisco, Arris, Adtran, Juniper, Force10, Foundry, Paradyne, Zhone, Tekelec, Genband, Taqua, Telica, etc.), pour vous fournir des outils modernes, pe\u0301rennes. Cependant, il ne [&hellip;]<\/p>\n","protected":false},"author":1,"featured_media":0,"parent":0,"menu_order":0,"comment_status":"closed","ping_status":"closed","template":"template\/full-width-template.php","meta":[],"yoast_head":"<!-- This site is optimized with the Yoast SEO plugin v19.1 - https:\/\/yoast.com\/wordpress\/plugins\/seo\/ -->\n<title>Equipement T\u00e9l\u00e9com - Micro Solutions<\/title>\n<meta name=\"robots\" content=\"index, follow, max-snippet:-1, max-image-preview:large, max-video-preview:-1\" \/>\n<link rel=\"canonical\" href=\"https:\/\/microst.net\/?page_id=5825\" \/>\n<meta property=\"og:locale\" content=\"fr_FR\" \/>\n<meta property=\"og:type\" content=\"article\" \/>\n<meta property=\"og:title\" content=\"Equipement T\u00e9l\u00e9com - Micro Solutions\" \/>\n<meta property=\"og:description\" content=\"Equipement T\u00e9l\u00e9com Pour re\u0301pondre aux proble\u0301matiques de service, de simplicite\u0301, de fiabilite\u0301 et de performance, Micro Solutions s\u2019est adosse\u0301e aux plus grands constructeurs mondiaux de mate\u0301riels te\u0301le\u0301communication (Redback (Ericsson), Lucent, Alcatel, Calix, Cisco, Arris, Adtran, Juniper, Force10, Foundry, Paradyne, Zhone, Tekelec, Genband, Taqua, Telica, etc.), pour vous fournir des outils modernes, pe\u0301rennes. Cependant, il ne [&hellip;]\" \/>\n<meta property=\"og:url\" content=\"https:\/\/microst.net\/?page_id=5825\" \/>\n<meta property=\"og:site_name\" content=\"Micro Solutions\" \/>\n<meta property=\"article:modified_time\" content=\"2020-11-23T12:42:30+00:00\" \/>\n<meta property=\"og:image\" content=\"http:\/\/microst.net\/wp-content\/uploads\/2020\/08\/894-1024x662.jpg\" \/>\n<meta name=\"twitter:card\" content=\"summary_large_image\" \/>\n<meta name=\"twitter:label1\" content=\"Dur\u00e9e de lecture estim\u00e9e\" \/>\n\t<meta name=\"twitter:data1\" content=\"1 minute\" \/>\n<script type=\"application\/ld+json\" class=\"yoast-schema-graph\">{\"@context\":\"https:\/\/schema.org\",\"@graph\":[{\"@type\":\"WebSite\",\"@id\":\"https:\/\/microst.net\/#website\",\"url\":\"https:\/\/microst.net\/\",\"name\":\"Micro Solutions\",\"description\":\"\",\"potentialAction\":[{\"@type\":\"SearchAction\",\"target\":{\"@type\":\"EntryPoint\",\"urlTemplate\":\"https:\/\/microst.net\/?s={search_term_string}\"},\"query-input\":\"required name=search_term_string\"}],\"inLanguage\":\"fr-FR\"},{\"@type\":\"ImageObject\",\"inLanguage\":\"fr-FR\",\"@id\":\"https:\/\/microst.net\/?page_id=5825#primaryimage\",\"url\":\"http:\/\/microst.net\/wp-content\/uploads\/2020\/08\/894-1024x662.jpg\",\"contentUrl\":\"http:\/\/microst.net\/wp-content\/uploads\/2020\/08\/894-1024x662.jpg\"},{\"@type\":\"WebPage\",\"@id\":\"https:\/\/microst.net\/?page_id=5825#webpage\",\"url\":\"https:\/\/microst.net\/?page_id=5825\",\"name\":\"Equipement T\u00e9l\u00e9com - Micro Solutions\",\"isPartOf\":{\"@id\":\"https:\/\/microst.net\/#website\"},\"primaryImageOfPage\":{\"@id\":\"https:\/\/microst.net\/?page_id=5825#primaryimage\"},\"datePublished\":\"2020-08-24T14:07:50+00:00\",\"dateModified\":\"2020-11-23T12:42:30+00:00\",\"breadcrumb\":{\"@id\":\"https:\/\/microst.net\/?page_id=5825#breadcrumb\"},\"inLanguage\":\"fr-FR\",\"potentialAction\":[{\"@type\":\"ReadAction\",\"target\":[\"https:\/\/microst.net\/?page_id=5825\"]}]},{\"@type\":\"BreadcrumbList\",\"@id\":\"https:\/\/microst.net\/?page_id=5825#breadcrumb\",\"itemListElement\":[{\"@type\":\"ListItem\",\"position\":1,\"name\":\"Accueil\",\"item\":\"https:\/\/microst.net\/\"},{\"@type\":\"ListItem\",\"position\":2,\"name\":\"Equipement T\u00e9l\u00e9com\"}]}]}<\/script>\n<!-- \/ Yoast SEO plugin. -->","yoast_head_json":{"title":"Equipement T\u00e9l\u00e9com - Micro Solutions","robots":{"index":"index","follow":"follow","max-snippet":"max-snippet:-1","max-image-preview":"max-image-preview:large","max-video-preview":"max-video-preview:-1"},"canonical":"https:\/\/microst.net\/?page_id=5825","og_locale":"fr_FR","og_type":"article","og_title":"Equipement T\u00e9l\u00e9com - Micro Solutions","og_description":"Equipement T\u00e9l\u00e9com Pour re\u0301pondre aux proble\u0301matiques de service, de simplicite\u0301, de fiabilite\u0301 et de performance, Micro Solutions s\u2019est adosse\u0301e aux plus grands constructeurs mondiaux de mate\u0301riels te\u0301le\u0301communication (Redback (Ericsson), Lucent, Alcatel, Calix, Cisco, Arris, Adtran, Juniper, Force10, Foundry, Paradyne, Zhone, Tekelec, Genband, Taqua, Telica, etc.), pour vous fournir des outils modernes, pe\u0301rennes. Cependant, il ne [&hellip;]","og_url":"https:\/\/microst.net\/?page_id=5825","og_site_name":"Micro Solutions","article_modified_time":"2020-11-23T12:42:30+00:00","og_image":[{"url":"http:\/\/microst.net\/wp-content\/uploads\/2020\/08\/894-1024x662.jpg"}],"twitter_card":"summary_large_image","twitter_misc":{"Dur\u00e9e de lecture estim\u00e9e":"1 minute"},"schema":{"@context":"https:\/\/schema.org","@graph":[{"@type":"WebSite","@id":"https:\/\/microst.net\/#website","url":"https:\/\/microst.net\/","name":"Micro Solutions","description":"","potentialAction":[{"@type":"SearchAction","target":{"@type":"EntryPoint","urlTemplate":"https:\/\/microst.net\/?s={search_term_string}"},"query-input":"required name=search_term_string"}],"inLanguage":"fr-FR"},{"@type":"ImageObject","inLanguage":"fr-FR","@id":"https:\/\/microst.net\/?page_id=5825#primaryimage","url":"http:\/\/microst.net\/wp-content\/uploads\/2020\/08\/894-1024x662.jpg","contentUrl":"http:\/\/microst.net\/wp-content\/uploads\/2020\/08\/894-1024x662.jpg"},{"@type":"WebPage","@id":"https:\/\/microst.net\/?page_id=5825#webpage","url":"https:\/\/microst.net\/?page_id=5825","name":"Equipement T\u00e9l\u00e9com - Micro Solutions","isPartOf":{"@id":"https:\/\/microst.net\/#website"},"primaryImageOfPage":{"@id":"https:\/\/microst.net\/?page_id=5825#primaryimage"},"datePublished":"2020-08-24T14:07:50+00:00","dateModified":"2020-11-23T12:42:30+00:00","breadcrumb":{"@id":"https:\/\/microst.net\/?page_id=5825#breadcrumb"},"inLanguage":"fr-FR","potentialAction":[{"@type":"ReadAction","target":["https:\/\/microst.net\/?page_id=5825"]}]},{"@type":"BreadcrumbList","@id":"https:\/\/microst.net\/?page_id=5825#breadcrumb","itemListElement":[{"@type":"ListItem","position":1,"name":"Accueil","item":"https:\/\/microst.net\/"},{"@type":"ListItem","position":2,"name":"Equipement T\u00e9l\u00e9com"}]}]}},"_links":{"self":[{"href":"https:\/\/microst.net\/index.php?rest_route=\/wp\/v2\/pages\/5825"}],"collection":[{"href":"https:\/\/microst.net\/index.php?rest_route=\/wp\/v2\/pages"}],"about":[{"href":"https:\/\/microst.net\/index.php?rest_route=\/wp\/v2\/types\/page"}],"author":[{"embeddable":true,"href":"https:\/\/microst.net\/index.php?rest_route=\/wp\/v2\/users\/1"}],"replies":[{"embeddable":true,"href":"https:\/\/microst.net\/index.php?rest_route=%2Fwp%2Fv2%2Fcomments&post=5825"}],"version-history":[{"count":4,"href":"https:\/\/microst.net\/index.php?rest_route=\/wp\/v2\/pages\/5825\/revisions"}],"predecessor-version":[{"id":5996,"href":"https:\/\/microst.net\/index.php?rest_route=\/wp\/v2\/pages\/5825\/revisions\/5996"}],"wp:attachment":[{"href":"https:\/\/microst.net\/index.php?rest_route=%2Fwp%2Fv2%2Fmedia&parent=5825"}],"curies":[{"name":"wp","href":"https:\/\/api.w.org\/{rel}","templated":true}]}}