{"id":5826,"date":"2020-08-24T15:07:50","date_gmt":"2020-08-24T14:07:50","guid":{"rendered":"http:\/\/microst.net\/?page_id=5826"},"modified":"2020-11-23T13:43:02","modified_gmt":"2020-11-23T12:43:02","slug":"telephonie-ip-viop","status":"publish","type":"page","link":"https:\/\/microst.net\/?page_id=5826","title":{"rendered":"T\u00e9l\u00e9phonie IP Viop"},"content":{"rendered":"\t\t<div data-elementor-type=\"wp-page\" data-elementor-id=\"5826\" class=\"elementor elementor-5826\">\n\t\t\t\t\t\t<div class=\"elementor-inner\">\n\t\t\t\t<div class=\"elementor-section-wrap\">\n\t\t\t\t\t\t\t\t\t<section class=\"elementor-section elementor-top-section elementor-element elementor-element-561a4972 elementor-section-stretched elementor-section-full_width elementor-section-height-default elementor-section-height-default\" data-id=\"561a4972\" data-element_type=\"section\" data-settings=\"{&quot;stretch_section&quot;:&quot;section-stretched&quot;}\">\n\t\t\t\t\t\t<div class=\"elementor-container elementor-column-gap-default\">\n\t\t\t\t\t\t\t<div class=\"elementor-row\">\n\t\t\t\t\t<div class=\"elementor-column elementor-col-100 elementor-top-column elementor-element elementor-element-3e3270b6\" data-id=\"3e3270b6\" data-element_type=\"column\">\n\t\t\t<div class=\"elementor-column-wrap elementor-element-populated\">\n\t\t\t\t\t\t\t<div class=\"elementor-widget-wrap\">\n\t\t\t\t\t\t<section class=\"elementor-section elementor-inner-section elementor-element elementor-element-780dcb28 elementor-section-boxed elementor-section-height-default elementor-section-height-default\" data-id=\"780dcb28\" data-element_type=\"section\">\n\t\t\t\t\t\t<div class=\"elementor-container elementor-column-gap-default\">\n\t\t\t\t\t\t\t<div class=\"elementor-row\">\n\t\t\t\t\t<div class=\"elementor-column elementor-col-50 elementor-inner-column elementor-element elementor-element-4b884cd3\" data-id=\"4b884cd3\" data-element_type=\"column\">\n\t\t\t<div class=\"elementor-column-wrap elementor-element-populated\">\n\t\t\t\t\t\t\t<div class=\"elementor-widget-wrap\">\n\t\t\t\t\t\t<div class=\"elementor-element elementor-element-75901a8 elementor-invisible elementor-widget elementor-widget-image\" data-id=\"75901a8\" data-element_type=\"widget\" data-settings=\"{&quot;_animation&quot;:&quot;fadeInLeft&quot;}\" data-widget_type=\"image.default\">\n\t\t\t\t<div class=\"elementor-widget-container\">\n\t\t\t\t\t\t\t\t<div class=\"elementor-image\">\n\t\t\t\t\t\t\t\t\t\t\t\t<img width=\"800\" height=\"534\" src=\"https:\/\/microst.net\/wp-content\/uploads\/2020\/08\/756-1024x683.jpg\" class=\"attachment-large size-large\" alt=\"\" loading=\"lazy\" srcset=\"https:\/\/microst.net\/wp-content\/uploads\/2020\/08\/756-1024x683.jpg 1024w, https:\/\/microst.net\/wp-content\/uploads\/2020\/08\/756-300x200.jpg 300w, https:\/\/microst.net\/wp-content\/uploads\/2020\/08\/756-768x512.jpg 768w, https:\/\/microst.net\/wp-content\/uploads\/2020\/08\/756-1536x1025.jpg 1536w, https:\/\/microst.net\/wp-content\/uploads\/2020\/08\/756-2048x1366.jpg 2048w, https:\/\/microst.net\/wp-content\/uploads\/2020\/08\/756-600x400.jpg 600w\" sizes=\"(max-width: 800px) 100vw, 800px\" \/>\t\t\t\t\t\t\t\t\t\t\t\t\t\t<\/div>\n\t\t\t\t\t\t<\/div>\n\t\t\t\t<\/div>\n\t\t\t\t\t\t<\/div>\n\t\t\t\t\t<\/div>\n\t\t<\/div>\n\t\t\t\t<div class=\"elementor-column elementor-col-50 elementor-inner-column elementor-element elementor-element-273a8342 elementor-invisible\" data-id=\"273a8342\" data-element_type=\"column\" data-settings=\"{&quot;animation&quot;:&quot;fadeInRight&quot;}\">\n\t\t\t<div class=\"elementor-column-wrap elementor-element-populated\">\n\t\t\t\t\t\t\t<div class=\"elementor-widget-wrap\">\n\t\t\t\t\t\t<div class=\"elementor-element elementor-element-86a3a88 elementor-widget elementor-widget-elementskit-heading\" data-id=\"86a3a88\" data-element_type=\"widget\" data-widget_type=\"elementskit-heading.default\">\n\t\t\t\t<div class=\"elementor-widget-container\">\n\t\t\t<div class=\"ekit-wid-con\" ><div class=\"ekit-heading elementskit-section-title-wraper text_left   ekit_heading_tablet-   ekit_heading_mobile-\"><h2 class=\"ekit-heading--title elementskit-section-title \">\n\t\t\t\t\tT\u00e9l\u00e9phonie IP Viop\n\t\t\t\t<\/h2><div class=\"ekit_heading_separetor_wraper ekit_heading_elementskit-border-divider\"><div class=\"elementskit-border-divider\"><\/div><\/div><\/div><\/div>\t\t<\/div>\n\t\t\t\t<\/div>\n\t\t\t\t<div class=\"elementor-element elementor-element-235d2181 elementor-widget elementor-widget-text-editor\" data-id=\"235d2181\" data-element_type=\"widget\" data-widget_type=\"text-editor.default\">\n\t\t\t\t<div class=\"elementor-widget-container\">\n\t\t\t\t\t\t\t\t<div class=\"elementor-text-editor elementor-clearfix\">\n\t\t\t\t<p>Nous inte\u0301grons des solutions de VoIP base\u0301e sur des syste\u0300mes bien connus dans le monde de la te\u0301le\u0301phonie IP et qui offre une qualite\u0301 de service exceptionnelle ainsi que des fonctionnalite\u0301s avance\u0301es pour un cou\u0302t bien infe\u0301rieur aux solutions proprie\u0301taires.<\/p><p>Avec le service de te\u0301le\u0301phonie d\u2019entreprise en VoIP de Micro Solutions<\/p><ul><li>profiter des avantages d\u2019une solution comple\u0300te, efficace et e\u0301conomique, pour les besoins de communications professionnelles de votre entreprise<\/li><li>ge\u0301rez vos communications te\u0301le\u0301phoniques vers les fixes et les mobiles et vers l\u2019international de vos diffe\u0301rentes lignes en toute simplicite\u0301,<\/li><li>parame\u0301trer facilement vos lignes (affectation, renvoi d\u2019appels, standard, statistiques d\u2019appels, &#8230;etc.).<\/li><li>Accroitre la productivite\u0301 tout en re\u0301alisant des e\u0301conomies<\/li><\/ul><p>\u00a0<\/p>\t\t\t\t\t<\/div>\n\t\t\t\t\t\t<\/div>\n\t\t\t\t<\/div>\n\t\t\t\t\t\t<\/div>\n\t\t\t\t\t<\/div>\n\t\t<\/div>\n\t\t\t\t\t\t\t\t<\/div>\n\t\t\t\t\t<\/div>\n\t\t<\/section>\n\t\t\t\t\t\t<\/div>\n\t\t\t\t\t<\/div>\n\t\t<\/div>\n\t\t\t\t\t\t\t\t<\/div>\n\t\t\t\t\t<\/div>\n\t\t<\/section>\n\t\t\t\t\t\t\t\t\t<\/div>\n\t\t\t<\/div>\n\t\t\t\t\t<\/div>\n\t\t","protected":false},"excerpt":{"rendered":"<p>T\u00e9l\u00e9phonie IP Viop Nous inte\u0301grons des solutions de VoIP base\u0301e sur des syste\u0300mes bien connus dans le monde de la te\u0301le\u0301phonie IP et qui offre une qualite\u0301 de service exceptionnelle ainsi que des fonctionnalite\u0301s avance\u0301es pour un cou\u0302t bien infe\u0301rieur aux solutions proprie\u0301taires. Avec le service de te\u0301le\u0301phonie d\u2019entreprise en VoIP de Micro Solutions profiter [&hellip;]<\/p>\n","protected":false},"author":1,"featured_media":0,"parent":0,"menu_order":0,"comment_status":"closed","ping_status":"closed","template":"template\/full-width-template.php","meta":[],"yoast_head":"<!-- This site is optimized with the Yoast SEO plugin v19.1 - https:\/\/yoast.com\/wordpress\/plugins\/seo\/ -->\n<title>T\u00e9l\u00e9phonie IP Viop - Micro Solutions<\/title>\n<meta name=\"robots\" content=\"index, follow, max-snippet:-1, max-image-preview:large, max-video-preview:-1\" \/>\n<link rel=\"canonical\" href=\"https:\/\/microst.net\/?page_id=5826\" \/>\n<meta property=\"og:locale\" content=\"fr_FR\" \/>\n<meta property=\"og:type\" content=\"article\" \/>\n<meta property=\"og:title\" content=\"T\u00e9l\u00e9phonie IP Viop - Micro Solutions\" \/>\n<meta property=\"og:description\" content=\"T\u00e9l\u00e9phonie IP Viop Nous inte\u0301grons des solutions de VoIP base\u0301e sur des syste\u0300mes bien connus dans le monde de la te\u0301le\u0301phonie IP et qui offre une qualite\u0301 de service exceptionnelle ainsi que des fonctionnalite\u0301s avance\u0301es pour un cou\u0302t bien infe\u0301rieur aux solutions proprie\u0301taires. Avec le service de te\u0301le\u0301phonie d\u2019entreprise en VoIP de Micro Solutions profiter [&hellip;]\" \/>\n<meta property=\"og:url\" content=\"https:\/\/microst.net\/?page_id=5826\" \/>\n<meta property=\"og:site_name\" content=\"Micro Solutions\" \/>\n<meta property=\"article:modified_time\" content=\"2020-11-23T12:43:02+00:00\" \/>\n<meta property=\"og:image\" content=\"http:\/\/microst.net\/wp-content\/uploads\/2020\/08\/756-1024x683.jpg\" \/>\n<meta name=\"twitter:card\" content=\"summary_large_image\" \/>\n<meta name=\"twitter:label1\" content=\"Dur\u00e9e de lecture estim\u00e9e\" \/>\n\t<meta name=\"twitter:data1\" content=\"1 minute\" \/>\n<script type=\"application\/ld+json\" class=\"yoast-schema-graph\">{\"@context\":\"https:\/\/schema.org\",\"@graph\":[{\"@type\":\"WebSite\",\"@id\":\"https:\/\/microst.net\/#website\",\"url\":\"https:\/\/microst.net\/\",\"name\":\"Micro Solutions\",\"description\":\"\",\"potentialAction\":[{\"@type\":\"SearchAction\",\"target\":{\"@type\":\"EntryPoint\",\"urlTemplate\":\"https:\/\/microst.net\/?s={search_term_string}\"},\"query-input\":\"required name=search_term_string\"}],\"inLanguage\":\"fr-FR\"},{\"@type\":\"ImageObject\",\"inLanguage\":\"fr-FR\",\"@id\":\"https:\/\/microst.net\/?page_id=5826#primaryimage\",\"url\":\"http:\/\/microst.net\/wp-content\/uploads\/2020\/08\/756-1024x683.jpg\",\"contentUrl\":\"http:\/\/microst.net\/wp-content\/uploads\/2020\/08\/756-1024x683.jpg\"},{\"@type\":\"WebPage\",\"@id\":\"https:\/\/microst.net\/?page_id=5826#webpage\",\"url\":\"https:\/\/microst.net\/?page_id=5826\",\"name\":\"T\u00e9l\u00e9phonie IP Viop - Micro Solutions\",\"isPartOf\":{\"@id\":\"https:\/\/microst.net\/#website\"},\"primaryImageOfPage\":{\"@id\":\"https:\/\/microst.net\/?page_id=5826#primaryimage\"},\"datePublished\":\"2020-08-24T14:07:50+00:00\",\"dateModified\":\"2020-11-23T12:43:02+00:00\",\"breadcrumb\":{\"@id\":\"https:\/\/microst.net\/?page_id=5826#breadcrumb\"},\"inLanguage\":\"fr-FR\",\"potentialAction\":[{\"@type\":\"ReadAction\",\"target\":[\"https:\/\/microst.net\/?page_id=5826\"]}]},{\"@type\":\"BreadcrumbList\",\"@id\":\"https:\/\/microst.net\/?page_id=5826#breadcrumb\",\"itemListElement\":[{\"@type\":\"ListItem\",\"position\":1,\"name\":\"Accueil\",\"item\":\"https:\/\/microst.net\/\"},{\"@type\":\"ListItem\",\"position\":2,\"name\":\"T\u00e9l\u00e9phonie IP Viop\"}]}]}<\/script>\n<!-- \/ Yoast SEO plugin. -->","yoast_head_json":{"title":"T\u00e9l\u00e9phonie IP Viop - Micro Solutions","robots":{"index":"index","follow":"follow","max-snippet":"max-snippet:-1","max-image-preview":"max-image-preview:large","max-video-preview":"max-video-preview:-1"},"canonical":"https:\/\/microst.net\/?page_id=5826","og_locale":"fr_FR","og_type":"article","og_title":"T\u00e9l\u00e9phonie IP Viop - Micro Solutions","og_description":"T\u00e9l\u00e9phonie IP Viop Nous inte\u0301grons des solutions de VoIP base\u0301e sur des syste\u0300mes bien connus dans le monde de la te\u0301le\u0301phonie IP et qui offre une qualite\u0301 de service exceptionnelle ainsi que des fonctionnalite\u0301s avance\u0301es pour un cou\u0302t bien infe\u0301rieur aux solutions proprie\u0301taires. Avec le service de te\u0301le\u0301phonie d\u2019entreprise en VoIP de Micro Solutions profiter [&hellip;]","og_url":"https:\/\/microst.net\/?page_id=5826","og_site_name":"Micro Solutions","article_modified_time":"2020-11-23T12:43:02+00:00","og_image":[{"url":"http:\/\/microst.net\/wp-content\/uploads\/2020\/08\/756-1024x683.jpg"}],"twitter_card":"summary_large_image","twitter_misc":{"Dur\u00e9e de lecture estim\u00e9e":"1 minute"},"schema":{"@context":"https:\/\/schema.org","@graph":[{"@type":"WebSite","@id":"https:\/\/microst.net\/#website","url":"https:\/\/microst.net\/","name":"Micro Solutions","description":"","potentialAction":[{"@type":"SearchAction","target":{"@type":"EntryPoint","urlTemplate":"https:\/\/microst.net\/?s={search_term_string}"},"query-input":"required name=search_term_string"}],"inLanguage":"fr-FR"},{"@type":"ImageObject","inLanguage":"fr-FR","@id":"https:\/\/microst.net\/?page_id=5826#primaryimage","url":"http:\/\/microst.net\/wp-content\/uploads\/2020\/08\/756-1024x683.jpg","contentUrl":"http:\/\/microst.net\/wp-content\/uploads\/2020\/08\/756-1024x683.jpg"},{"@type":"WebPage","@id":"https:\/\/microst.net\/?page_id=5826#webpage","url":"https:\/\/microst.net\/?page_id=5826","name":"T\u00e9l\u00e9phonie IP Viop - Micro Solutions","isPartOf":{"@id":"https:\/\/microst.net\/#website"},"primaryImageOfPage":{"@id":"https:\/\/microst.net\/?page_id=5826#primaryimage"},"datePublished":"2020-08-24T14:07:50+00:00","dateModified":"2020-11-23T12:43:02+00:00","breadcrumb":{"@id":"https:\/\/microst.net\/?page_id=5826#breadcrumb"},"inLanguage":"fr-FR","potentialAction":[{"@type":"ReadAction","target":["https:\/\/microst.net\/?page_id=5826"]}]},{"@type":"BreadcrumbList","@id":"https:\/\/microst.net\/?page_id=5826#breadcrumb","itemListElement":[{"@type":"ListItem","position":1,"name":"Accueil","item":"https:\/\/microst.net\/"},{"@type":"ListItem","position":2,"name":"T\u00e9l\u00e9phonie IP Viop"}]}]}},"_links":{"self":[{"href":"https:\/\/microst.net\/index.php?rest_route=\/wp\/v2\/pages\/5826"}],"collection":[{"href":"https:\/\/microst.net\/index.php?rest_route=\/wp\/v2\/pages"}],"about":[{"href":"https:\/\/microst.net\/index.php?rest_route=\/wp\/v2\/types\/page"}],"author":[{"embeddable":true,"href":"https:\/\/microst.net\/index.php?rest_route=\/wp\/v2\/users\/1"}],"replies":[{"embeddable":true,"href":"https:\/\/microst.net\/index.php?rest_route=%2Fwp%2Fv2%2Fcomments&post=5826"}],"version-history":[{"count":4,"href":"https:\/\/microst.net\/index.php?rest_route=\/wp\/v2\/pages\/5826\/revisions"}],"predecessor-version":[{"id":5997,"href":"https:\/\/microst.net\/index.php?rest_route=\/wp\/v2\/pages\/5826\/revisions\/5997"}],"wp:attachment":[{"href":"https:\/\/microst.net\/index.php?rest_route=%2Fwp%2Fv2%2Fmedia&parent=5826"}],"curies":[{"name":"wp","href":"https:\/\/api.w.org\/{rel}","templated":true}]}}