{"id":5828,"date":"2020-08-24T15:07:50","date_gmt":"2020-08-24T14:07:50","guid":{"rendered":"http:\/\/microst.net\/?page_id=5828"},"modified":"2020-11-23T13:44:13","modified_gmt":"2020-11-23T12:44:13","slug":"integration-systemes","status":"publish","type":"page","link":"https:\/\/microst.net\/?page_id=5828","title":{"rendered":"Int\u00e9gration syst\u00e8mes"},"content":{"rendered":"\t\t<div data-elementor-type=\"wp-page\" data-elementor-id=\"5828\" class=\"elementor elementor-5828\">\n\t\t\t\t\t\t<div class=\"elementor-inner\">\n\t\t\t\t<div class=\"elementor-section-wrap\">\n\t\t\t\t\t\t\t\t\t<section class=\"elementor-section elementor-top-section elementor-element elementor-element-7aebc525 elementor-section-stretched elementor-section-full_width elementor-section-height-default elementor-section-height-default\" data-id=\"7aebc525\" data-element_type=\"section\" data-settings=\"{&quot;stretch_section&quot;:&quot;section-stretched&quot;}\">\n\t\t\t\t\t\t<div class=\"elementor-container elementor-column-gap-default\">\n\t\t\t\t\t\t\t<div class=\"elementor-row\">\n\t\t\t\t\t<div class=\"elementor-column elementor-col-100 elementor-top-column elementor-element elementor-element-112cf76f\" data-id=\"112cf76f\" data-element_type=\"column\">\n\t\t\t<div class=\"elementor-column-wrap elementor-element-populated\">\n\t\t\t\t\t\t\t<div class=\"elementor-widget-wrap\">\n\t\t\t\t\t\t<section class=\"elementor-section elementor-inner-section elementor-element elementor-element-5337b98b elementor-section-boxed elementor-section-height-default elementor-section-height-default\" data-id=\"5337b98b\" data-element_type=\"section\">\n\t\t\t\t\t\t<div class=\"elementor-container elementor-column-gap-default\">\n\t\t\t\t\t\t\t<div class=\"elementor-row\">\n\t\t\t\t\t<div class=\"elementor-column elementor-col-50 elementor-inner-column elementor-element elementor-element-14cfcdac\" data-id=\"14cfcdac\" data-element_type=\"column\">\n\t\t\t<div class=\"elementor-column-wrap elementor-element-populated\">\n\t\t\t\t\t\t\t<div class=\"elementor-widget-wrap\">\n\t\t\t\t\t\t<div class=\"elementor-element elementor-element-1284dab elementor-invisible elementor-widget elementor-widget-image\" data-id=\"1284dab\" data-element_type=\"widget\" data-settings=\"{&quot;_animation&quot;:&quot;fadeInLeft&quot;}\" data-widget_type=\"image.default\">\n\t\t\t\t<div class=\"elementor-widget-container\">\n\t\t\t\t\t\t\t\t<div class=\"elementor-image\">\n\t\t\t\t\t\t\t\t\t\t\t\t<img width=\"800\" height=\"534\" src=\"https:\/\/microst.net\/wp-content\/uploads\/2020\/08\/1026-1024x683.jpg\" class=\"attachment-large size-large\" alt=\"\" loading=\"lazy\" srcset=\"https:\/\/microst.net\/wp-content\/uploads\/2020\/08\/1026-1024x683.jpg 1024w, https:\/\/microst.net\/wp-content\/uploads\/2020\/08\/1026-300x200.jpg 300w, https:\/\/microst.net\/wp-content\/uploads\/2020\/08\/1026-768x512.jpg 768w, https:\/\/microst.net\/wp-content\/uploads\/2020\/08\/1026-1536x1024.jpg 1536w, https:\/\/microst.net\/wp-content\/uploads\/2020\/08\/1026-2048x1365.jpg 2048w, https:\/\/microst.net\/wp-content\/uploads\/2020\/08\/1026-600x400.jpg 600w\" sizes=\"(max-width: 800px) 100vw, 800px\" \/>\t\t\t\t\t\t\t\t\t\t\t\t\t\t<\/div>\n\t\t\t\t\t\t<\/div>\n\t\t\t\t<\/div>\n\t\t\t\t\t\t<\/div>\n\t\t\t\t\t<\/div>\n\t\t<\/div>\n\t\t\t\t<div class=\"elementor-column elementor-col-50 elementor-inner-column elementor-element elementor-element-93b01bd elementor-invisible\" data-id=\"93b01bd\" data-element_type=\"column\" data-settings=\"{&quot;animation&quot;:&quot;fadeInRight&quot;}\">\n\t\t\t<div class=\"elementor-column-wrap elementor-element-populated\">\n\t\t\t\t\t\t\t<div class=\"elementor-widget-wrap\">\n\t\t\t\t\t\t<div class=\"elementor-element elementor-element-a4c97f0 elementor-widget elementor-widget-elementskit-heading\" data-id=\"a4c97f0\" data-element_type=\"widget\" data-widget_type=\"elementskit-heading.default\">\n\t\t\t\t<div class=\"elementor-widget-container\">\n\t\t\t<div class=\"ekit-wid-con\" ><div class=\"ekit-heading elementskit-section-title-wraper text_left   ekit_heading_tablet-   ekit_heading_mobile-\"><h2 class=\"ekit-heading--title elementskit-section-title \">\n\t\t\t\t\tInt\u00e9gration Syst\u00e8mes\n\t\t\t\t<\/h2><div class=\"ekit_heading_separetor_wraper ekit_heading_elementskit-border-divider\"><div class=\"elementskit-border-divider\"><\/div><\/div><\/div><\/div>\t\t<\/div>\n\t\t\t\t<\/div>\n\t\t\t\t<div class=\"elementor-element elementor-element-31ba0168 elementor-widget elementor-widget-text-editor\" data-id=\"31ba0168\" data-element_type=\"widget\" data-widget_type=\"text-editor.default\">\n\t\t\t\t<div class=\"elementor-widget-container\">\n\t\t\t\t\t\t\t\t<div class=\"elementor-text-editor elementor-clearfix\">\n\t\t\t\t<p>Les solutions de Services G\u00e9r\u00e9s que nous fournissons \u00e0 nos clients soutiennent, entretiennent et am\u00e9liorent vos logiciels d\u2019applications indispensables \u00e0 votre activit\u00e9. Le personnel informatique est ainsi lib\u00e9r\u00e9 et peut se concentrer sur la conception de produits innovants et de nouvelles applications. Cela a pour r\u00e9sultat la mise en place d\u2019un mod\u00e8le de livraison d\u2019applications et des \u00e9conomies d\u2019\u00e9chelle qui am\u00e9liorent la qualit\u00e9,la fiabilit\u00e9 et r\u00e9duit le co\u00fbt total de possession de votre portefeuille d\u2019applications. Notre expertise en technologies consiste \u00e0\u2014processus certifi\u00e9s de gestion des applications et en options g\u00e9n\u00e9rales impl\u00e9mentassions \u2014on-site, offshore, and near-shore\u2014, vous assure l\u2019obtention d\u2019une solution adapt\u00e9e \u00e0 vos besoins.<\/p>\t\t\t\t\t<\/div>\n\t\t\t\t\t\t<\/div>\n\t\t\t\t<\/div>\n\t\t\t\t\t\t<\/div>\n\t\t\t\t\t<\/div>\n\t\t<\/div>\n\t\t\t\t\t\t\t\t<\/div>\n\t\t\t\t\t<\/div>\n\t\t<\/section>\n\t\t\t\t\t\t<\/div>\n\t\t\t\t\t<\/div>\n\t\t<\/div>\n\t\t\t\t\t\t\t\t<\/div>\n\t\t\t\t\t<\/div>\n\t\t<\/section>\n\t\t\t\t\t\t\t\t\t<\/div>\n\t\t\t<\/div>\n\t\t\t\t\t<\/div>\n\t\t","protected":false},"excerpt":{"rendered":"<p>Int\u00e9gration Syst\u00e8mes Les solutions de Services G\u00e9r\u00e9s que nous fournissons \u00e0 nos clients soutiennent, entretiennent et am\u00e9liorent vos logiciels d\u2019applications indispensables \u00e0 votre activit\u00e9. Le personnel informatique est ainsi lib\u00e9r\u00e9 et peut se concentrer sur la conception de produits innovants et de nouvelles applications. Cela a pour r\u00e9sultat la mise en place d\u2019un mod\u00e8le de [&hellip;]<\/p>\n","protected":false},"author":1,"featured_media":0,"parent":0,"menu_order":0,"comment_status":"closed","ping_status":"closed","template":"template\/full-width-template.php","meta":[],"yoast_head":"<!-- This site is optimized with the Yoast SEO plugin v19.1 - https:\/\/yoast.com\/wordpress\/plugins\/seo\/ -->\n<title>Int\u00e9gration syst\u00e8mes - Micro Solutions<\/title>\n<meta name=\"robots\" content=\"index, follow, max-snippet:-1, max-image-preview:large, max-video-preview:-1\" \/>\n<link rel=\"canonical\" href=\"https:\/\/microst.net\/?page_id=5828\" \/>\n<meta property=\"og:locale\" content=\"fr_FR\" \/>\n<meta property=\"og:type\" content=\"article\" \/>\n<meta property=\"og:title\" content=\"Int\u00e9gration syst\u00e8mes - Micro Solutions\" \/>\n<meta property=\"og:description\" content=\"Int\u00e9gration Syst\u00e8mes Les solutions de Services G\u00e9r\u00e9s que nous fournissons \u00e0 nos clients soutiennent, entretiennent et am\u00e9liorent vos logiciels d\u2019applications indispensables \u00e0 votre activit\u00e9. Le personnel informatique est ainsi lib\u00e9r\u00e9 et peut se concentrer sur la conception de produits innovants et de nouvelles applications. Cela a pour r\u00e9sultat la mise en place d\u2019un mod\u00e8le de [&hellip;]\" \/>\n<meta property=\"og:url\" content=\"https:\/\/microst.net\/?page_id=5828\" \/>\n<meta property=\"og:site_name\" content=\"Micro Solutions\" \/>\n<meta property=\"article:modified_time\" content=\"2020-11-23T12:44:13+00:00\" \/>\n<meta property=\"og:image\" content=\"http:\/\/microst.net\/wp-content\/uploads\/2020\/08\/1026-1024x683.jpg\" \/>\n<meta name=\"twitter:card\" content=\"summary_large_image\" \/>\n<meta name=\"twitter:label1\" content=\"Dur\u00e9e de lecture estim\u00e9e\" \/>\n\t<meta name=\"twitter:data1\" content=\"1 minute\" \/>\n<script type=\"application\/ld+json\" class=\"yoast-schema-graph\">{\"@context\":\"https:\/\/schema.org\",\"@graph\":[{\"@type\":\"WebSite\",\"@id\":\"https:\/\/microst.net\/#website\",\"url\":\"https:\/\/microst.net\/\",\"name\":\"Micro Solutions\",\"description\":\"\",\"potentialAction\":[{\"@type\":\"SearchAction\",\"target\":{\"@type\":\"EntryPoint\",\"urlTemplate\":\"https:\/\/microst.net\/?s={search_term_string}\"},\"query-input\":\"required name=search_term_string\"}],\"inLanguage\":\"fr-FR\"},{\"@type\":\"ImageObject\",\"inLanguage\":\"fr-FR\",\"@id\":\"https:\/\/microst.net\/?page_id=5828#primaryimage\",\"url\":\"http:\/\/microst.net\/wp-content\/uploads\/2020\/08\/1026-1024x683.jpg\",\"contentUrl\":\"http:\/\/microst.net\/wp-content\/uploads\/2020\/08\/1026-1024x683.jpg\"},{\"@type\":\"WebPage\",\"@id\":\"https:\/\/microst.net\/?page_id=5828#webpage\",\"url\":\"https:\/\/microst.net\/?page_id=5828\",\"name\":\"Int\u00e9gration syst\u00e8mes - Micro Solutions\",\"isPartOf\":{\"@id\":\"https:\/\/microst.net\/#website\"},\"primaryImageOfPage\":{\"@id\":\"https:\/\/microst.net\/?page_id=5828#primaryimage\"},\"datePublished\":\"2020-08-24T14:07:50+00:00\",\"dateModified\":\"2020-11-23T12:44:13+00:00\",\"breadcrumb\":{\"@id\":\"https:\/\/microst.net\/?page_id=5828#breadcrumb\"},\"inLanguage\":\"fr-FR\",\"potentialAction\":[{\"@type\":\"ReadAction\",\"target\":[\"https:\/\/microst.net\/?page_id=5828\"]}]},{\"@type\":\"BreadcrumbList\",\"@id\":\"https:\/\/microst.net\/?page_id=5828#breadcrumb\",\"itemListElement\":[{\"@type\":\"ListItem\",\"position\":1,\"name\":\"Accueil\",\"item\":\"https:\/\/microst.net\/\"},{\"@type\":\"ListItem\",\"position\":2,\"name\":\"Int\u00e9gration syst\u00e8mes\"}]}]}<\/script>\n<!-- \/ Yoast SEO plugin. -->","yoast_head_json":{"title":"Int\u00e9gration syst\u00e8mes - Micro Solutions","robots":{"index":"index","follow":"follow","max-snippet":"max-snippet:-1","max-image-preview":"max-image-preview:large","max-video-preview":"max-video-preview:-1"},"canonical":"https:\/\/microst.net\/?page_id=5828","og_locale":"fr_FR","og_type":"article","og_title":"Int\u00e9gration syst\u00e8mes - Micro Solutions","og_description":"Int\u00e9gration Syst\u00e8mes Les solutions de Services G\u00e9r\u00e9s que nous fournissons \u00e0 nos clients soutiennent, entretiennent et am\u00e9liorent vos logiciels d\u2019applications indispensables \u00e0 votre activit\u00e9. Le personnel informatique est ainsi lib\u00e9r\u00e9 et peut se concentrer sur la conception de produits innovants et de nouvelles applications. Cela a pour r\u00e9sultat la mise en place d\u2019un mod\u00e8le de [&hellip;]","og_url":"https:\/\/microst.net\/?page_id=5828","og_site_name":"Micro Solutions","article_modified_time":"2020-11-23T12:44:13+00:00","og_image":[{"url":"http:\/\/microst.net\/wp-content\/uploads\/2020\/08\/1026-1024x683.jpg"}],"twitter_card":"summary_large_image","twitter_misc":{"Dur\u00e9e de lecture estim\u00e9e":"1 minute"},"schema":{"@context":"https:\/\/schema.org","@graph":[{"@type":"WebSite","@id":"https:\/\/microst.net\/#website","url":"https:\/\/microst.net\/","name":"Micro Solutions","description":"","potentialAction":[{"@type":"SearchAction","target":{"@type":"EntryPoint","urlTemplate":"https:\/\/microst.net\/?s={search_term_string}"},"query-input":"required name=search_term_string"}],"inLanguage":"fr-FR"},{"@type":"ImageObject","inLanguage":"fr-FR","@id":"https:\/\/microst.net\/?page_id=5828#primaryimage","url":"http:\/\/microst.net\/wp-content\/uploads\/2020\/08\/1026-1024x683.jpg","contentUrl":"http:\/\/microst.net\/wp-content\/uploads\/2020\/08\/1026-1024x683.jpg"},{"@type":"WebPage","@id":"https:\/\/microst.net\/?page_id=5828#webpage","url":"https:\/\/microst.net\/?page_id=5828","name":"Int\u00e9gration syst\u00e8mes - Micro Solutions","isPartOf":{"@id":"https:\/\/microst.net\/#website"},"primaryImageOfPage":{"@id":"https:\/\/microst.net\/?page_id=5828#primaryimage"},"datePublished":"2020-08-24T14:07:50+00:00","dateModified":"2020-11-23T12:44:13+00:00","breadcrumb":{"@id":"https:\/\/microst.net\/?page_id=5828#breadcrumb"},"inLanguage":"fr-FR","potentialAction":[{"@type":"ReadAction","target":["https:\/\/microst.net\/?page_id=5828"]}]},{"@type":"BreadcrumbList","@id":"https:\/\/microst.net\/?page_id=5828#breadcrumb","itemListElement":[{"@type":"ListItem","position":1,"name":"Accueil","item":"https:\/\/microst.net\/"},{"@type":"ListItem","position":2,"name":"Int\u00e9gration syst\u00e8mes"}]}]}},"_links":{"self":[{"href":"https:\/\/microst.net\/index.php?rest_route=\/wp\/v2\/pages\/5828"}],"collection":[{"href":"https:\/\/microst.net\/index.php?rest_route=\/wp\/v2\/pages"}],"about":[{"href":"https:\/\/microst.net\/index.php?rest_route=\/wp\/v2\/types\/page"}],"author":[{"embeddable":true,"href":"https:\/\/microst.net\/index.php?rest_route=\/wp\/v2\/users\/1"}],"replies":[{"embeddable":true,"href":"https:\/\/microst.net\/index.php?rest_route=%2Fwp%2Fv2%2Fcomments&post=5828"}],"version-history":[{"count":5,"href":"https:\/\/microst.net\/index.php?rest_route=\/wp\/v2\/pages\/5828\/revisions"}],"predecessor-version":[{"id":5999,"href":"https:\/\/microst.net\/index.php?rest_route=\/wp\/v2\/pages\/5828\/revisions\/5999"}],"wp:attachment":[{"href":"https:\/\/microst.net\/index.php?rest_route=%2Fwp%2Fv2%2Fmedia&parent=5828"}],"curies":[{"name":"wp","href":"https:\/\/api.w.org\/{rel}","templated":true}]}}