{"id":6008,"date":"2021-03-16T14:55:20","date_gmt":"2021-03-16T13:55:20","guid":{"rendered":"http:\/\/microst.net\/?page_id=6008"},"modified":"2021-03-17T17:13:28","modified_gmt":"2021-03-17T16:13:28","slug":"panduit","status":"publish","type":"page","link":"https:\/\/microst.net\/?page_id=6008","title":{"rendered":"Panduit"},"content":{"rendered":"\t\t<div data-elementor-type=\"wp-page\" data-elementor-id=\"6008\" class=\"elementor elementor-6008\">\n\t\t\t\t\t\t<div class=\"elementor-inner\">\n\t\t\t\t<div class=\"elementor-section-wrap\">\n\t\t\t\t\t\t\t\t\t<section class=\"elementor-section elementor-top-section elementor-element elementor-element-f651e8e elementor-section-boxed elementor-section-height-default elementor-section-height-default\" data-id=\"f651e8e\" data-element_type=\"section\">\n\t\t\t\t\t\t<div class=\"elementor-container elementor-column-gap-default\">\n\t\t\t\t\t\t\t<div class=\"elementor-row\">\n\t\t\t\t\t<div class=\"elementor-column elementor-col-50 elementor-top-column elementor-element elementor-element-7769312\" data-id=\"7769312\" data-element_type=\"column\">\n\t\t\t<div class=\"elementor-column-wrap elementor-element-populated\">\n\t\t\t\t\t\t\t<div class=\"elementor-widget-wrap\">\n\t\t\t\t\t\t<div class=\"elementor-element elementor-element-1504999 elementor-widget elementor-widget-image\" data-id=\"1504999\" data-element_type=\"widget\" data-widget_type=\"image.default\">\n\t\t\t\t<div class=\"elementor-widget-container\">\n\t\t\t\t\t\t\t\t<div class=\"elementor-image\">\n\t\t\t\t\t\t\t\t\t\t\t\t<img width=\"300\" height=\"300\" src=\"https:\/\/microst.net\/wp-content\/uploads\/2021\/03\/812-300x300.jpg\" class=\"attachment-woocommerce_thumbnail size-woocommerce_thumbnail\" alt=\"\" loading=\"lazy\" srcset=\"https:\/\/microst.net\/wp-content\/uploads\/2021\/03\/812-300x300.jpg 300w, https:\/\/microst.net\/wp-content\/uploads\/2021\/03\/812-150x150.jpg 150w, https:\/\/microst.net\/wp-content\/uploads\/2021\/03\/812-100x100.jpg 100w\" sizes=\"(max-width: 300px) 100vw, 300px\" \/>\t\t\t\t\t\t\t\t\t\t\t\t\t\t<\/div>\n\t\t\t\t\t\t<\/div>\n\t\t\t\t<\/div>\n\t\t\t\t\t\t<\/div>\n\t\t\t\t\t<\/div>\n\t\t<\/div>\n\t\t\t\t<div class=\"elementor-column elementor-col-50 elementor-top-column elementor-element elementor-element-120e9bf\" data-id=\"120e9bf\" data-element_type=\"column\">\n\t\t\t<div class=\"elementor-column-wrap elementor-element-populated\">\n\t\t\t\t\t\t\t<div class=\"elementor-widget-wrap\">\n\t\t\t\t\t\t<div class=\"elementor-element elementor-element-25b73e8 elementor-widget elementor-widget-text-editor\" data-id=\"25b73e8\" data-element_type=\"widget\" data-widget_type=\"text-editor.default\">\n\t\t\t\t<div class=\"elementor-widget-container\">\n\t\t\t\t\t\t\t\t<div class=\"elementor-text-editor elementor-clearfix\">\n\t\t\t\t<p>Panduit est une entreprise qui vous offre des solutions innovantes. Ainsi avec leur collaboration, nous avons pu mettre \u00e0 votre disposition une expertise permettant de vous accompagner dans le bon fonctionnement de vos entreprises, et de fournir des solutions d\u2019infrastructures physiques, innovantes qui r\u00e9pondent aux besoins \u00e9volutifs de nos clients, allant des mat\u00e9riels et logiciels aux conseils et services.<\/p>\t\t\t\t\t<\/div>\n\t\t\t\t\t\t<\/div>\n\t\t\t\t<\/div>\n\t\t\t\t<div class=\"elementor-element elementor-element-d134321 elementor-align-right elementor-widget elementor-widget-button\" data-id=\"d134321\" data-element_type=\"widget\" data-widget_type=\"button.default\">\n\t\t\t\t<div class=\"elementor-widget-container\">\n\t\t\t\t\t<div class=\"elementor-button-wrapper\">\n\t\t\t<a href=\"#\" class=\"elementor-button-link elementor-button elementor-size-md\" role=\"button\">\n\t\t\t\t\t\t<span class=\"elementor-button-content-wrapper\">\n\t\t\t\t\t\t<span class=\"elementor-button-text\">Demander Devis<\/span>\n\t\t<\/span>\n\t\t\t\t\t<\/a>\n\t\t<\/div>\n\t\t\t\t<\/div>\n\t\t\t\t<\/div>\n\t\t\t\t\t\t<\/div>\n\t\t\t\t\t<\/div>\n\t\t<\/div>\n\t\t\t\t\t\t\t\t<\/div>\n\t\t\t\t\t<\/div>\n\t\t<\/section>\n\t\t\t\t\t\t\t\t\t<\/div>\n\t\t\t<\/div>\n\t\t\t\t\t<\/div>\n\t\t","protected":false},"excerpt":{"rendered":"<p>Panduit est une entreprise qui vous offre des solutions innovantes. Ainsi avec leur collaboration, nous avons pu mettre \u00e0 votre disposition une expertise permettant de vous accompagner dans le bon fonctionnement de vos entreprises, et de fournir des solutions d\u2019infrastructures physiques, innovantes qui r\u00e9pondent aux besoins \u00e9volutifs de nos clients, allant des mat\u00e9riels et logiciels [&hellip;]<\/p>\n","protected":false},"author":1,"featured_media":0,"parent":0,"menu_order":0,"comment_status":"closed","ping_status":"closed","template":"","meta":[],"yoast_head":"<!-- This site is optimized with the Yoast SEO plugin v19.1 - https:\/\/yoast.com\/wordpress\/plugins\/seo\/ -->\n<title>Panduit - Micro Solutions<\/title>\n<meta name=\"robots\" content=\"index, follow, max-snippet:-1, max-image-preview:large, max-video-preview:-1\" \/>\n<link rel=\"canonical\" href=\"https:\/\/microst.net\/?page_id=6008\" \/>\n<meta property=\"og:locale\" content=\"fr_FR\" \/>\n<meta property=\"og:type\" content=\"article\" \/>\n<meta property=\"og:title\" content=\"Panduit - Micro Solutions\" \/>\n<meta property=\"og:description\" content=\"Panduit est une entreprise qui vous offre des solutions innovantes. Ainsi avec leur collaboration, nous avons pu mettre \u00e0 votre disposition une expertise permettant de vous accompagner dans le bon fonctionnement de vos entreprises, et de fournir des solutions d\u2019infrastructures physiques, innovantes qui r\u00e9pondent aux besoins \u00e9volutifs de nos clients, allant des mat\u00e9riels et logiciels [&hellip;]\" \/>\n<meta property=\"og:url\" content=\"https:\/\/microst.net\/?page_id=6008\" \/>\n<meta property=\"og:site_name\" content=\"Micro Solutions\" \/>\n<meta property=\"article:modified_time\" content=\"2021-03-17T16:13:28+00:00\" \/>\n<meta property=\"og:image\" content=\"http:\/\/microst.net\/wp-content\/uploads\/2021\/03\/812-300x300.jpg\" \/>\n<meta name=\"twitter:card\" content=\"summary_large_image\" \/>\n<script type=\"application\/ld+json\" class=\"yoast-schema-graph\">{\"@context\":\"https:\/\/schema.org\",\"@graph\":[{\"@type\":\"WebSite\",\"@id\":\"https:\/\/microst.net\/#website\",\"url\":\"https:\/\/microst.net\/\",\"name\":\"Micro Solutions\",\"description\":\"\",\"potentialAction\":[{\"@type\":\"SearchAction\",\"target\":{\"@type\":\"EntryPoint\",\"urlTemplate\":\"https:\/\/microst.net\/?s={search_term_string}\"},\"query-input\":\"required name=search_term_string\"}],\"inLanguage\":\"fr-FR\"},{\"@type\":\"ImageObject\",\"inLanguage\":\"fr-FR\",\"@id\":\"https:\/\/microst.net\/?page_id=6008#primaryimage\",\"url\":\"http:\/\/microst.net\/wp-content\/uploads\/2021\/03\/812-300x300.jpg\",\"contentUrl\":\"http:\/\/microst.net\/wp-content\/uploads\/2021\/03\/812-300x300.jpg\"},{\"@type\":\"WebPage\",\"@id\":\"https:\/\/microst.net\/?page_id=6008#webpage\",\"url\":\"https:\/\/microst.net\/?page_id=6008\",\"name\":\"Panduit - Micro Solutions\",\"isPartOf\":{\"@id\":\"https:\/\/microst.net\/#website\"},\"primaryImageOfPage\":{\"@id\":\"https:\/\/microst.net\/?page_id=6008#primaryimage\"},\"datePublished\":\"2021-03-16T13:55:20+00:00\",\"dateModified\":\"2021-03-17T16:13:28+00:00\",\"breadcrumb\":{\"@id\":\"https:\/\/microst.net\/?page_id=6008#breadcrumb\"},\"inLanguage\":\"fr-FR\",\"potentialAction\":[{\"@type\":\"ReadAction\",\"target\":[\"https:\/\/microst.net\/?page_id=6008\"]}]},{\"@type\":\"BreadcrumbList\",\"@id\":\"https:\/\/microst.net\/?page_id=6008#breadcrumb\",\"itemListElement\":[{\"@type\":\"ListItem\",\"position\":1,\"name\":\"Accueil\",\"item\":\"https:\/\/microst.net\/\"},{\"@type\":\"ListItem\",\"position\":2,\"name\":\"Panduit\"}]}]}<\/script>\n<!-- \/ Yoast SEO plugin. -->","yoast_head_json":{"title":"Panduit - Micro Solutions","robots":{"index":"index","follow":"follow","max-snippet":"max-snippet:-1","max-image-preview":"max-image-preview:large","max-video-preview":"max-video-preview:-1"},"canonical":"https:\/\/microst.net\/?page_id=6008","og_locale":"fr_FR","og_type":"article","og_title":"Panduit - Micro Solutions","og_description":"Panduit est une entreprise qui vous offre des solutions innovantes. Ainsi avec leur collaboration, nous avons pu mettre \u00e0 votre disposition une expertise permettant de vous accompagner dans le bon fonctionnement de vos entreprises, et de fournir des solutions d\u2019infrastructures physiques, innovantes qui r\u00e9pondent aux besoins \u00e9volutifs de nos clients, allant des mat\u00e9riels et logiciels [&hellip;]","og_url":"https:\/\/microst.net\/?page_id=6008","og_site_name":"Micro Solutions","article_modified_time":"2021-03-17T16:13:28+00:00","og_image":[{"url":"http:\/\/microst.net\/wp-content\/uploads\/2021\/03\/812-300x300.jpg"}],"twitter_card":"summary_large_image","schema":{"@context":"https:\/\/schema.org","@graph":[{"@type":"WebSite","@id":"https:\/\/microst.net\/#website","url":"https:\/\/microst.net\/","name":"Micro Solutions","description":"","potentialAction":[{"@type":"SearchAction","target":{"@type":"EntryPoint","urlTemplate":"https:\/\/microst.net\/?s={search_term_string}"},"query-input":"required name=search_term_string"}],"inLanguage":"fr-FR"},{"@type":"ImageObject","inLanguage":"fr-FR","@id":"https:\/\/microst.net\/?page_id=6008#primaryimage","url":"http:\/\/microst.net\/wp-content\/uploads\/2021\/03\/812-300x300.jpg","contentUrl":"http:\/\/microst.net\/wp-content\/uploads\/2021\/03\/812-300x300.jpg"},{"@type":"WebPage","@id":"https:\/\/microst.net\/?page_id=6008#webpage","url":"https:\/\/microst.net\/?page_id=6008","name":"Panduit - Micro Solutions","isPartOf":{"@id":"https:\/\/microst.net\/#website"},"primaryImageOfPage":{"@id":"https:\/\/microst.net\/?page_id=6008#primaryimage"},"datePublished":"2021-03-16T13:55:20+00:00","dateModified":"2021-03-17T16:13:28+00:00","breadcrumb":{"@id":"https:\/\/microst.net\/?page_id=6008#breadcrumb"},"inLanguage":"fr-FR","potentialAction":[{"@type":"ReadAction","target":["https:\/\/microst.net\/?page_id=6008"]}]},{"@type":"BreadcrumbList","@id":"https:\/\/microst.net\/?page_id=6008#breadcrumb","itemListElement":[{"@type":"ListItem","position":1,"name":"Accueil","item":"https:\/\/microst.net\/"},{"@type":"ListItem","position":2,"name":"Panduit"}]}]}},"_links":{"self":[{"href":"https:\/\/microst.net\/index.php?rest_route=\/wp\/v2\/pages\/6008"}],"collection":[{"href":"https:\/\/microst.net\/index.php?rest_route=\/wp\/v2\/pages"}],"about":[{"href":"https:\/\/microst.net\/index.php?rest_route=\/wp\/v2\/types\/page"}],"author":[{"embeddable":true,"href":"https:\/\/microst.net\/index.php?rest_route=\/wp\/v2\/users\/1"}],"replies":[{"embeddable":true,"href":"https:\/\/microst.net\/index.php?rest_route=%2Fwp%2Fv2%2Fcomments&post=6008"}],"version-history":[{"count":14,"href":"https:\/\/microst.net\/index.php?rest_route=\/wp\/v2\/pages\/6008\/revisions"}],"predecessor-version":[{"id":6122,"href":"https:\/\/microst.net\/index.php?rest_route=\/wp\/v2\/pages\/6008\/revisions\/6122"}],"wp:attachment":[{"href":"https:\/\/microst.net\/index.php?rest_route=%2Fwp%2Fv2%2Fmedia&parent=6008"}],"curies":[{"name":"wp","href":"https:\/\/api.w.org\/{rel}","templated":true}]}}