{"id":6011,"date":"2021-03-16T14:57:35","date_gmt":"2021-03-16T13:57:35","guid":{"rendered":"http:\/\/microst.net\/?page_id=6011"},"modified":"2021-03-16T16:09:40","modified_gmt":"2021-03-16T15:09:40","slug":"vmware","status":"publish","type":"page","link":"https:\/\/microst.net\/?page_id=6011","title":{"rendered":"Vmware"},"content":{"rendered":"\t\t<div data-elementor-type=\"wp-page\" data-elementor-id=\"6011\" class=\"elementor elementor-6011\">\n\t\t\t\t\t\t<div class=\"elementor-inner\">\n\t\t\t\t<div class=\"elementor-section-wrap\">\n\t\t\t\t\t\t\t\t\t<section class=\"elementor-section elementor-top-section elementor-element elementor-element-eb04645 elementor-section-boxed elementor-section-height-default elementor-section-height-default\" data-id=\"eb04645\" data-element_type=\"section\">\n\t\t\t\t\t\t<div class=\"elementor-container elementor-column-gap-default\">\n\t\t\t\t\t\t\t<div class=\"elementor-row\">\n\t\t\t\t\t<div class=\"elementor-column elementor-col-50 elementor-top-column elementor-element elementor-element-b9bdfd4\" data-id=\"b9bdfd4\" data-element_type=\"column\">\n\t\t\t<div class=\"elementor-column-wrap elementor-element-populated\">\n\t\t\t\t\t\t\t<div class=\"elementor-widget-wrap\">\n\t\t\t\t\t\t<div class=\"elementor-element elementor-element-cf7ca86 elementor-widget elementor-widget-image\" data-id=\"cf7ca86\" data-element_type=\"widget\" data-widget_type=\"image.default\">\n\t\t\t\t<div class=\"elementor-widget-container\">\n\t\t\t\t\t\t\t\t<div class=\"elementor-image\">\n\t\t\t\t\t\t\t\t\t\t\t\t<img width=\"300\" height=\"300\" src=\"https:\/\/microst.net\/wp-content\/uploads\/2021\/03\/3440660-300x300.jpg\" class=\"attachment-woocommerce_thumbnail size-woocommerce_thumbnail\" alt=\"\" loading=\"lazy\" srcset=\"https:\/\/microst.net\/wp-content\/uploads\/2021\/03\/3440660-300x300.jpg 300w, https:\/\/microst.net\/wp-content\/uploads\/2021\/03\/3440660-150x150.jpg 150w, https:\/\/microst.net\/wp-content\/uploads\/2021\/03\/3440660-100x100.jpg 100w\" sizes=\"(max-width: 300px) 100vw, 300px\" \/>\t\t\t\t\t\t\t\t\t\t\t\t\t\t<\/div>\n\t\t\t\t\t\t<\/div>\n\t\t\t\t<\/div>\n\t\t\t\t\t\t<\/div>\n\t\t\t\t\t<\/div>\n\t\t<\/div>\n\t\t\t\t<div class=\"elementor-column elementor-col-50 elementor-top-column elementor-element elementor-element-2b8280f\" data-id=\"2b8280f\" data-element_type=\"column\">\n\t\t\t<div class=\"elementor-column-wrap elementor-element-populated\">\n\t\t\t\t\t\t\t<div class=\"elementor-widget-wrap\">\n\t\t\t\t\t\t<div class=\"elementor-element elementor-element-2f8efb7 elementor-widget elementor-widget-text-editor\" data-id=\"2f8efb7\" data-element_type=\"widget\" data-widget_type=\"text-editor.default\">\n\t\t\t\t<div class=\"elementor-widget-container\">\n\t\t\t\t\t\t\t\t<div class=\"elementor-text-editor elementor-clearfix\">\n\t\t\t\t<p>Avec Vmware, nous travaillons tous les jours \u00e0 relever les d\u00e9fis les plus difficiles de nos clients gr\u00e2ce \u00e0 des technologies innovantes comme l&rsquo;Edge Computing, l&rsquo;Intelligence Artificielle, la Blockchain, l&rsquo;Autoapprentissage, Kubernetes et bien d&rsquo;autres, en vue de cr\u00e9er le socle num\u00e9rique qui permettra d&rsquo;acc\u00e9l\u00e9rer la prochaine s\u00e9rie d&rsquo;innovations.<\/p>\t\t\t\t\t<\/div>\n\t\t\t\t\t\t<\/div>\n\t\t\t\t<\/div>\n\t\t\t\t<div class=\"elementor-element elementor-element-4f02f89 elementor-align-right elementor-widget elementor-widget-button\" data-id=\"4f02f89\" data-element_type=\"widget\" data-widget_type=\"button.default\">\n\t\t\t\t<div class=\"elementor-widget-container\">\n\t\t\t\t\t<div class=\"elementor-button-wrapper\">\n\t\t\t<a href=\"#\" class=\"elementor-button-link elementor-button elementor-size-sm\" role=\"button\">\n\t\t\t\t\t\t<span class=\"elementor-button-content-wrapper\">\n\t\t\t\t\t\t<span class=\"elementor-button-text\">Demander Devis<\/span>\n\t\t<\/span>\n\t\t\t\t\t<\/a>\n\t\t<\/div>\n\t\t\t\t<\/div>\n\t\t\t\t<\/div>\n\t\t\t\t\t\t<\/div>\n\t\t\t\t\t<\/div>\n\t\t<\/div>\n\t\t\t\t\t\t\t\t<\/div>\n\t\t\t\t\t<\/div>\n\t\t<\/section>\n\t\t\t\t\t\t\t\t\t<\/div>\n\t\t\t<\/div>\n\t\t\t\t\t<\/div>\n\t\t","protected":false},"excerpt":{"rendered":"<p>Avec Vmware, nous travaillons tous les jours \u00e0 relever les d\u00e9fis les plus difficiles de nos clients gr\u00e2ce \u00e0 des technologies innovantes comme l&rsquo;Edge Computing, l&rsquo;Intelligence Artificielle, la Blockchain, l&rsquo;Autoapprentissage, Kubernetes et bien d&rsquo;autres, en vue de cr\u00e9er le socle num\u00e9rique qui permettra d&rsquo;acc\u00e9l\u00e9rer la prochaine s\u00e9rie d&rsquo;innovations. Demander Devis<\/p>\n","protected":false},"author":1,"featured_media":0,"parent":0,"menu_order":0,"comment_status":"closed","ping_status":"closed","template":"","meta":[],"yoast_head":"<!-- This site is optimized with the Yoast SEO plugin v19.1 - https:\/\/yoast.com\/wordpress\/plugins\/seo\/ -->\n<title>Vmware - Micro Solutions<\/title>\n<meta name=\"robots\" content=\"index, follow, max-snippet:-1, max-image-preview:large, max-video-preview:-1\" \/>\n<link rel=\"canonical\" href=\"https:\/\/microst.net\/?page_id=6011\" \/>\n<meta property=\"og:locale\" content=\"fr_FR\" \/>\n<meta property=\"og:type\" content=\"article\" \/>\n<meta property=\"og:title\" content=\"Vmware - Micro Solutions\" \/>\n<meta property=\"og:description\" content=\"Avec Vmware, nous travaillons tous les jours \u00e0 relever les d\u00e9fis les plus difficiles de nos clients gr\u00e2ce \u00e0 des technologies innovantes comme l&rsquo;Edge Computing, l&rsquo;Intelligence Artificielle, la Blockchain, l&rsquo;Autoapprentissage, Kubernetes et bien d&rsquo;autres, en vue de cr\u00e9er le socle num\u00e9rique qui permettra d&rsquo;acc\u00e9l\u00e9rer la prochaine s\u00e9rie d&rsquo;innovations. Demander Devis\" \/>\n<meta property=\"og:url\" content=\"https:\/\/microst.net\/?page_id=6011\" \/>\n<meta property=\"og:site_name\" content=\"Micro Solutions\" \/>\n<meta property=\"article:modified_time\" content=\"2021-03-16T15:09:40+00:00\" \/>\n<meta property=\"og:image\" content=\"http:\/\/microst.net\/wp-content\/uploads\/2021\/03\/3440660-300x300.jpg\" \/>\n<meta name=\"twitter:card\" content=\"summary_large_image\" \/>\n<script type=\"application\/ld+json\" class=\"yoast-schema-graph\">{\"@context\":\"https:\/\/schema.org\",\"@graph\":[{\"@type\":\"WebSite\",\"@id\":\"https:\/\/microst.net\/#website\",\"url\":\"https:\/\/microst.net\/\",\"name\":\"Micro Solutions\",\"description\":\"\",\"potentialAction\":[{\"@type\":\"SearchAction\",\"target\":{\"@type\":\"EntryPoint\",\"urlTemplate\":\"https:\/\/microst.net\/?s={search_term_string}\"},\"query-input\":\"required name=search_term_string\"}],\"inLanguage\":\"fr-FR\"},{\"@type\":\"ImageObject\",\"inLanguage\":\"fr-FR\",\"@id\":\"https:\/\/microst.net\/?page_id=6011#primaryimage\",\"url\":\"http:\/\/microst.net\/wp-content\/uploads\/2021\/03\/3440660-300x300.jpg\",\"contentUrl\":\"http:\/\/microst.net\/wp-content\/uploads\/2021\/03\/3440660-300x300.jpg\"},{\"@type\":\"WebPage\",\"@id\":\"https:\/\/microst.net\/?page_id=6011#webpage\",\"url\":\"https:\/\/microst.net\/?page_id=6011\",\"name\":\"Vmware - Micro Solutions\",\"isPartOf\":{\"@id\":\"https:\/\/microst.net\/#website\"},\"primaryImageOfPage\":{\"@id\":\"https:\/\/microst.net\/?page_id=6011#primaryimage\"},\"datePublished\":\"2021-03-16T13:57:35+00:00\",\"dateModified\":\"2021-03-16T15:09:40+00:00\",\"breadcrumb\":{\"@id\":\"https:\/\/microst.net\/?page_id=6011#breadcrumb\"},\"inLanguage\":\"fr-FR\",\"potentialAction\":[{\"@type\":\"ReadAction\",\"target\":[\"https:\/\/microst.net\/?page_id=6011\"]}]},{\"@type\":\"BreadcrumbList\",\"@id\":\"https:\/\/microst.net\/?page_id=6011#breadcrumb\",\"itemListElement\":[{\"@type\":\"ListItem\",\"position\":1,\"name\":\"Accueil\",\"item\":\"https:\/\/microst.net\/\"},{\"@type\":\"ListItem\",\"position\":2,\"name\":\"Vmware\"}]}]}<\/script>\n<!-- \/ Yoast SEO plugin. -->","yoast_head_json":{"title":"Vmware - Micro Solutions","robots":{"index":"index","follow":"follow","max-snippet":"max-snippet:-1","max-image-preview":"max-image-preview:large","max-video-preview":"max-video-preview:-1"},"canonical":"https:\/\/microst.net\/?page_id=6011","og_locale":"fr_FR","og_type":"article","og_title":"Vmware - Micro Solutions","og_description":"Avec Vmware, nous travaillons tous les jours \u00e0 relever les d\u00e9fis les plus difficiles de nos clients gr\u00e2ce \u00e0 des technologies innovantes comme l&rsquo;Edge Computing, l&rsquo;Intelligence Artificielle, la Blockchain, l&rsquo;Autoapprentissage, Kubernetes et bien d&rsquo;autres, en vue de cr\u00e9er le socle num\u00e9rique qui permettra d&rsquo;acc\u00e9l\u00e9rer la prochaine s\u00e9rie d&rsquo;innovations. Demander Devis","og_url":"https:\/\/microst.net\/?page_id=6011","og_site_name":"Micro Solutions","article_modified_time":"2021-03-16T15:09:40+00:00","og_image":[{"url":"http:\/\/microst.net\/wp-content\/uploads\/2021\/03\/3440660-300x300.jpg"}],"twitter_card":"summary_large_image","schema":{"@context":"https:\/\/schema.org","@graph":[{"@type":"WebSite","@id":"https:\/\/microst.net\/#website","url":"https:\/\/microst.net\/","name":"Micro Solutions","description":"","potentialAction":[{"@type":"SearchAction","target":{"@type":"EntryPoint","urlTemplate":"https:\/\/microst.net\/?s={search_term_string}"},"query-input":"required name=search_term_string"}],"inLanguage":"fr-FR"},{"@type":"ImageObject","inLanguage":"fr-FR","@id":"https:\/\/microst.net\/?page_id=6011#primaryimage","url":"http:\/\/microst.net\/wp-content\/uploads\/2021\/03\/3440660-300x300.jpg","contentUrl":"http:\/\/microst.net\/wp-content\/uploads\/2021\/03\/3440660-300x300.jpg"},{"@type":"WebPage","@id":"https:\/\/microst.net\/?page_id=6011#webpage","url":"https:\/\/microst.net\/?page_id=6011","name":"Vmware - Micro Solutions","isPartOf":{"@id":"https:\/\/microst.net\/#website"},"primaryImageOfPage":{"@id":"https:\/\/microst.net\/?page_id=6011#primaryimage"},"datePublished":"2021-03-16T13:57:35+00:00","dateModified":"2021-03-16T15:09:40+00:00","breadcrumb":{"@id":"https:\/\/microst.net\/?page_id=6011#breadcrumb"},"inLanguage":"fr-FR","potentialAction":[{"@type":"ReadAction","target":["https:\/\/microst.net\/?page_id=6011"]}]},{"@type":"BreadcrumbList","@id":"https:\/\/microst.net\/?page_id=6011#breadcrumb","itemListElement":[{"@type":"ListItem","position":1,"name":"Accueil","item":"https:\/\/microst.net\/"},{"@type":"ListItem","position":2,"name":"Vmware"}]}]}},"_links":{"self":[{"href":"https:\/\/microst.net\/index.php?rest_route=\/wp\/v2\/pages\/6011"}],"collection":[{"href":"https:\/\/microst.net\/index.php?rest_route=\/wp\/v2\/pages"}],"about":[{"href":"https:\/\/microst.net\/index.php?rest_route=\/wp\/v2\/types\/page"}],"author":[{"embeddable":true,"href":"https:\/\/microst.net\/index.php?rest_route=\/wp\/v2\/users\/1"}],"replies":[{"embeddable":true,"href":"https:\/\/microst.net\/index.php?rest_route=%2Fwp%2Fv2%2Fcomments&post=6011"}],"version-history":[{"count":4,"href":"https:\/\/microst.net\/index.php?rest_route=\/wp\/v2\/pages\/6011\/revisions"}],"predecessor-version":[{"id":6068,"href":"https:\/\/microst.net\/index.php?rest_route=\/wp\/v2\/pages\/6011\/revisions\/6068"}],"wp:attachment":[{"href":"https:\/\/microst.net\/index.php?rest_route=%2Fwp%2Fv2%2Fmedia&parent=6011"}],"curies":[{"name":"wp","href":"https:\/\/api.w.org\/{rel}","templated":true}]}}