{"id":6013,"date":"2021-03-16T14:58:06","date_gmt":"2021-03-16T13:58:06","guid":{"rendered":"http:\/\/microst.net\/?page_id=6013"},"modified":"2021-03-17T17:22:33","modified_gmt":"2021-03-17T16:22:33","slug":"sophos","status":"publish","type":"page","link":"https:\/\/microst.net\/?page_id=6013","title":{"rendered":"Sophos"},"content":{"rendered":"\t\t<div data-elementor-type=\"wp-page\" data-elementor-id=\"6013\" class=\"elementor elementor-6013\">\n\t\t\t\t\t\t<div class=\"elementor-inner\">\n\t\t\t\t<div class=\"elementor-section-wrap\">\n\t\t\t\t\t\t\t\t\t<section class=\"elementor-section elementor-top-section elementor-element elementor-element-14c741e elementor-section-boxed elementor-section-height-default elementor-section-height-default\" data-id=\"14c741e\" data-element_type=\"section\">\n\t\t\t\t\t\t<div class=\"elementor-container elementor-column-gap-default\">\n\t\t\t\t\t\t\t<div class=\"elementor-row\">\n\t\t\t\t\t<div class=\"elementor-column elementor-col-50 elementor-top-column elementor-element elementor-element-723da7f\" data-id=\"723da7f\" data-element_type=\"column\">\n\t\t\t<div class=\"elementor-column-wrap elementor-element-populated\">\n\t\t\t\t\t\t\t<div class=\"elementor-widget-wrap\">\n\t\t\t\t\t\t<div class=\"elementor-element elementor-element-7cc8174 elementor-widget elementor-widget-image\" data-id=\"7cc8174\" data-element_type=\"widget\" data-widget_type=\"image.default\">\n\t\t\t\t<div class=\"elementor-widget-container\">\n\t\t\t\t\t\t\t\t<div class=\"elementor-image\">\n\t\t\t\t\t\t\t\t\t\t\t\t<img width=\"300\" height=\"300\" src=\"https:\/\/microst.net\/wp-content\/uploads\/2021\/03\/93472-300x300.jpg\" class=\"attachment-woocommerce_thumbnail size-woocommerce_thumbnail\" alt=\"\" loading=\"lazy\" srcset=\"https:\/\/microst.net\/wp-content\/uploads\/2021\/03\/93472-300x300.jpg 300w, https:\/\/microst.net\/wp-content\/uploads\/2021\/03\/93472-150x150.jpg 150w, https:\/\/microst.net\/wp-content\/uploads\/2021\/03\/93472-100x100.jpg 100w\" sizes=\"(max-width: 300px) 100vw, 300px\" \/>\t\t\t\t\t\t\t\t\t\t\t\t\t\t<\/div>\n\t\t\t\t\t\t<\/div>\n\t\t\t\t<\/div>\n\t\t\t\t\t\t<\/div>\n\t\t\t\t\t<\/div>\n\t\t<\/div>\n\t\t\t\t<div class=\"elementor-column elementor-col-50 elementor-top-column elementor-element elementor-element-0e3a1cd\" data-id=\"0e3a1cd\" data-element_type=\"column\">\n\t\t\t<div class=\"elementor-column-wrap elementor-element-populated\">\n\t\t\t\t\t\t\t<div class=\"elementor-widget-wrap\">\n\t\t\t\t\t\t<div class=\"elementor-element elementor-element-d57b795 elementor-widget elementor-widget-text-editor\" data-id=\"d57b795\" data-element_type=\"widget\" data-widget_type=\"text-editor.default\">\n\t\t\t\t<div class=\"elementor-widget-container\">\n\t\t\t\t\t\t\t\t<div class=\"elementor-text-editor elementor-clearfix\">\n\t\t\t\t<p>Sophos d\u00e9veloppe des antivirus et des solutions de chiffrement qui vous permet de prot\u00e9ger rapidement votre r\u00e9seau et vos utilisateurs. Elle a \u00e9t\u00e9 con\u00e7ue pour faciliter les t\u00e2ches d&rsquo;administrations quotidiennes.&nbsp;<br>Ainsi cette collaboration permet d&rsquo;offrir un large choix de produits: Protection r\u00e9seau, Wireless protection, Web protection, Sandboxing, Email protection, Web sever potection.<\/p>\t\t\t\t\t<\/div>\n\t\t\t\t\t\t<\/div>\n\t\t\t\t<\/div>\n\t\t\t\t<div class=\"elementor-element elementor-element-6d5864c elementor-align-right elementor-widget elementor-widget-button\" data-id=\"6d5864c\" data-element_type=\"widget\" data-widget_type=\"button.default\">\n\t\t\t\t<div class=\"elementor-widget-container\">\n\t\t\t\t\t<div class=\"elementor-button-wrapper\">\n\t\t\t<a href=\"#\" class=\"elementor-button-link elementor-button elementor-size-sm\" role=\"button\">\n\t\t\t\t\t\t<span class=\"elementor-button-content-wrapper\">\n\t\t\t\t\t\t<span class=\"elementor-button-text\">Demander Devis<\/span>\n\t\t<\/span>\n\t\t\t\t\t<\/a>\n\t\t<\/div>\n\t\t\t\t<\/div>\n\t\t\t\t<\/div>\n\t\t\t\t\t\t<\/div>\n\t\t\t\t\t<\/div>\n\t\t<\/div>\n\t\t\t\t\t\t\t\t<\/div>\n\t\t\t\t\t<\/div>\n\t\t<\/section>\n\t\t\t\t\t\t\t\t\t<\/div>\n\t\t\t<\/div>\n\t\t\t\t\t<\/div>\n\t\t","protected":false},"excerpt":{"rendered":"<p>Sophos d\u00e9veloppe des antivirus et des solutions de chiffrement qui vous permet de prot\u00e9ger rapidement votre r\u00e9seau et vos utilisateurs. Elle a \u00e9t\u00e9 con\u00e7ue pour faciliter les t\u00e2ches d&rsquo;administrations quotidiennes.&nbsp;Ainsi cette collaboration permet d&rsquo;offrir un large choix de produits: Protection r\u00e9seau, Wireless protection, Web protection, Sandboxing, Email protection, Web sever potection. Demander Devis<\/p>\n","protected":false},"author":1,"featured_media":0,"parent":0,"menu_order":0,"comment_status":"closed","ping_status":"closed","template":"","meta":[],"yoast_head":"<!-- This site is optimized with the Yoast SEO plugin v19.1 - https:\/\/yoast.com\/wordpress\/plugins\/seo\/ -->\n<title>Sophos - Micro Solutions<\/title>\n<meta name=\"robots\" content=\"index, follow, max-snippet:-1, max-image-preview:large, max-video-preview:-1\" \/>\n<link rel=\"canonical\" href=\"https:\/\/microst.net\/?page_id=6013\" \/>\n<meta property=\"og:locale\" content=\"fr_FR\" \/>\n<meta property=\"og:type\" content=\"article\" \/>\n<meta property=\"og:title\" content=\"Sophos - Micro Solutions\" \/>\n<meta property=\"og:description\" content=\"Sophos d\u00e9veloppe des antivirus et des solutions de chiffrement qui vous permet de prot\u00e9ger rapidement votre r\u00e9seau et vos utilisateurs. Elle a \u00e9t\u00e9 con\u00e7ue pour faciliter les t\u00e2ches d&rsquo;administrations quotidiennes.&nbsp;Ainsi cette collaboration permet d&rsquo;offrir un large choix de produits: Protection r\u00e9seau, Wireless protection, Web protection, Sandboxing, Email protection, Web sever potection. Demander Devis\" \/>\n<meta property=\"og:url\" content=\"https:\/\/microst.net\/?page_id=6013\" \/>\n<meta property=\"og:site_name\" content=\"Micro Solutions\" \/>\n<meta property=\"article:modified_time\" content=\"2021-03-17T16:22:33+00:00\" \/>\n<meta property=\"og:image\" content=\"http:\/\/microst.net\/wp-content\/uploads\/2021\/03\/93472-300x300.jpg\" \/>\n<meta name=\"twitter:card\" content=\"summary_large_image\" \/>\n<script type=\"application\/ld+json\" class=\"yoast-schema-graph\">{\"@context\":\"https:\/\/schema.org\",\"@graph\":[{\"@type\":\"WebSite\",\"@id\":\"https:\/\/microst.net\/#website\",\"url\":\"https:\/\/microst.net\/\",\"name\":\"Micro Solutions\",\"description\":\"\",\"potentialAction\":[{\"@type\":\"SearchAction\",\"target\":{\"@type\":\"EntryPoint\",\"urlTemplate\":\"https:\/\/microst.net\/?s={search_term_string}\"},\"query-input\":\"required name=search_term_string\"}],\"inLanguage\":\"fr-FR\"},{\"@type\":\"ImageObject\",\"inLanguage\":\"fr-FR\",\"@id\":\"https:\/\/microst.net\/?page_id=6013#primaryimage\",\"url\":\"http:\/\/microst.net\/wp-content\/uploads\/2021\/03\/93472-300x300.jpg\",\"contentUrl\":\"http:\/\/microst.net\/wp-content\/uploads\/2021\/03\/93472-300x300.jpg\"},{\"@type\":\"WebPage\",\"@id\":\"https:\/\/microst.net\/?page_id=6013#webpage\",\"url\":\"https:\/\/microst.net\/?page_id=6013\",\"name\":\"Sophos - Micro Solutions\",\"isPartOf\":{\"@id\":\"https:\/\/microst.net\/#website\"},\"primaryImageOfPage\":{\"@id\":\"https:\/\/microst.net\/?page_id=6013#primaryimage\"},\"datePublished\":\"2021-03-16T13:58:06+00:00\",\"dateModified\":\"2021-03-17T16:22:33+00:00\",\"breadcrumb\":{\"@id\":\"https:\/\/microst.net\/?page_id=6013#breadcrumb\"},\"inLanguage\":\"fr-FR\",\"potentialAction\":[{\"@type\":\"ReadAction\",\"target\":[\"https:\/\/microst.net\/?page_id=6013\"]}]},{\"@type\":\"BreadcrumbList\",\"@id\":\"https:\/\/microst.net\/?page_id=6013#breadcrumb\",\"itemListElement\":[{\"@type\":\"ListItem\",\"position\":1,\"name\":\"Accueil\",\"item\":\"https:\/\/microst.net\/\"},{\"@type\":\"ListItem\",\"position\":2,\"name\":\"Sophos\"}]}]}<\/script>\n<!-- \/ Yoast SEO plugin. -->","yoast_head_json":{"title":"Sophos - Micro Solutions","robots":{"index":"index","follow":"follow","max-snippet":"max-snippet:-1","max-image-preview":"max-image-preview:large","max-video-preview":"max-video-preview:-1"},"canonical":"https:\/\/microst.net\/?page_id=6013","og_locale":"fr_FR","og_type":"article","og_title":"Sophos - Micro Solutions","og_description":"Sophos d\u00e9veloppe des antivirus et des solutions de chiffrement qui vous permet de prot\u00e9ger rapidement votre r\u00e9seau et vos utilisateurs. Elle a \u00e9t\u00e9 con\u00e7ue pour faciliter les t\u00e2ches d&rsquo;administrations quotidiennes.&nbsp;Ainsi cette collaboration permet d&rsquo;offrir un large choix de produits: Protection r\u00e9seau, Wireless protection, Web protection, Sandboxing, Email protection, Web sever potection. Demander Devis","og_url":"https:\/\/microst.net\/?page_id=6013","og_site_name":"Micro Solutions","article_modified_time":"2021-03-17T16:22:33+00:00","og_image":[{"url":"http:\/\/microst.net\/wp-content\/uploads\/2021\/03\/93472-300x300.jpg"}],"twitter_card":"summary_large_image","schema":{"@context":"https:\/\/schema.org","@graph":[{"@type":"WebSite","@id":"https:\/\/microst.net\/#website","url":"https:\/\/microst.net\/","name":"Micro Solutions","description":"","potentialAction":[{"@type":"SearchAction","target":{"@type":"EntryPoint","urlTemplate":"https:\/\/microst.net\/?s={search_term_string}"},"query-input":"required name=search_term_string"}],"inLanguage":"fr-FR"},{"@type":"ImageObject","inLanguage":"fr-FR","@id":"https:\/\/microst.net\/?page_id=6013#primaryimage","url":"http:\/\/microst.net\/wp-content\/uploads\/2021\/03\/93472-300x300.jpg","contentUrl":"http:\/\/microst.net\/wp-content\/uploads\/2021\/03\/93472-300x300.jpg"},{"@type":"WebPage","@id":"https:\/\/microst.net\/?page_id=6013#webpage","url":"https:\/\/microst.net\/?page_id=6013","name":"Sophos - Micro Solutions","isPartOf":{"@id":"https:\/\/microst.net\/#website"},"primaryImageOfPage":{"@id":"https:\/\/microst.net\/?page_id=6013#primaryimage"},"datePublished":"2021-03-16T13:58:06+00:00","dateModified":"2021-03-17T16:22:33+00:00","breadcrumb":{"@id":"https:\/\/microst.net\/?page_id=6013#breadcrumb"},"inLanguage":"fr-FR","potentialAction":[{"@type":"ReadAction","target":["https:\/\/microst.net\/?page_id=6013"]}]},{"@type":"BreadcrumbList","@id":"https:\/\/microst.net\/?page_id=6013#breadcrumb","itemListElement":[{"@type":"ListItem","position":1,"name":"Accueil","item":"https:\/\/microst.net\/"},{"@type":"ListItem","position":2,"name":"Sophos"}]}]}},"_links":{"self":[{"href":"https:\/\/microst.net\/index.php?rest_route=\/wp\/v2\/pages\/6013"}],"collection":[{"href":"https:\/\/microst.net\/index.php?rest_route=\/wp\/v2\/pages"}],"about":[{"href":"https:\/\/microst.net\/index.php?rest_route=\/wp\/v2\/types\/page"}],"author":[{"embeddable":true,"href":"https:\/\/microst.net\/index.php?rest_route=\/wp\/v2\/users\/1"}],"replies":[{"embeddable":true,"href":"https:\/\/microst.net\/index.php?rest_route=%2Fwp%2Fv2%2Fcomments&post=6013"}],"version-history":[{"count":4,"href":"https:\/\/microst.net\/index.php?rest_route=\/wp\/v2\/pages\/6013\/revisions"}],"predecessor-version":[{"id":6130,"href":"https:\/\/microst.net\/index.php?rest_route=\/wp\/v2\/pages\/6013\/revisions\/6130"}],"wp:attachment":[{"href":"https:\/\/microst.net\/index.php?rest_route=%2Fwp%2Fv2%2Fmedia&parent=6013"}],"curies":[{"name":"wp","href":"https:\/\/api.w.org\/{rel}","templated":true}]}}