{"id":6015,"date":"2021-03-16T14:59:29","date_gmt":"2021-03-16T13:59:29","guid":{"rendered":"http:\/\/microst.net\/?page_id=6015"},"modified":"2021-03-17T17:28:42","modified_gmt":"2021-03-17T16:28:42","slug":"cisco-meraki","status":"publish","type":"page","link":"https:\/\/microst.net\/?page_id=6015","title":{"rendered":"Cisco Meraki"},"content":{"rendered":"\t\t<div data-elementor-type=\"wp-page\" data-elementor-id=\"6015\" class=\"elementor elementor-6015\">\n\t\t\t\t\t\t<div class=\"elementor-inner\">\n\t\t\t\t<div class=\"elementor-section-wrap\">\n\t\t\t\t\t\t\t\t\t<section class=\"elementor-section elementor-top-section elementor-element elementor-element-50175ca elementor-section-boxed elementor-section-height-default elementor-section-height-default\" data-id=\"50175ca\" data-element_type=\"section\">\n\t\t\t\t\t\t<div class=\"elementor-container elementor-column-gap-default\">\n\t\t\t\t\t\t\t<div class=\"elementor-row\">\n\t\t\t\t\t<div class=\"elementor-column elementor-col-50 elementor-top-column elementor-element elementor-element-2454a8b\" data-id=\"2454a8b\" data-element_type=\"column\">\n\t\t\t<div class=\"elementor-column-wrap elementor-element-populated\">\n\t\t\t\t\t\t\t<div class=\"elementor-widget-wrap\">\n\t\t\t\t\t\t<div class=\"elementor-element elementor-element-42665d1 elementor-widget elementor-widget-image\" data-id=\"42665d1\" data-element_type=\"widget\" data-widget_type=\"image.default\">\n\t\t\t\t<div class=\"elementor-widget-container\">\n\t\t\t\t\t\t\t\t<div class=\"elementor-image\">\n\t\t\t\t\t\t\t\t\t\t\t\t<img src=\"https:\/\/microst.net\/wp-content\/uploads\/2021\/03\/5084234-scaled.jpg\" title=\"5084234\" alt=\"5084234\" \/>\t\t\t\t\t\t\t\t\t\t\t\t\t\t<\/div>\n\t\t\t\t\t\t<\/div>\n\t\t\t\t<\/div>\n\t\t\t\t\t\t<\/div>\n\t\t\t\t\t<\/div>\n\t\t<\/div>\n\t\t\t\t<div class=\"elementor-column elementor-col-50 elementor-top-column elementor-element elementor-element-a32ab7a\" data-id=\"a32ab7a\" data-element_type=\"column\">\n\t\t\t<div class=\"elementor-column-wrap elementor-element-populated\">\n\t\t\t\t\t\t\t<div class=\"elementor-widget-wrap\">\n\t\t\t\t\t\t<div class=\"elementor-element elementor-element-76fadde elementor-widget elementor-widget-text-editor\" data-id=\"76fadde\" data-element_type=\"widget\" data-widget_type=\"text-editor.default\">\n\t\t\t\t<div class=\"elementor-widget-container\">\n\t\t\t\t\t\t\t\t<div class=\"elementor-text-editor elementor-clearfix\">\n\t\t\t\t<p>Cisco vous propose des solutions informatiques simples et intelligentes. Ses solutions sont dans le but de simplifier la s\u00e9curit\u00e9, de tirer parti du Wifi nouvelle g\u00e9n\u00e9ration et num\u00e9riser le lieu de travail.\u00a0<br \/>Dans ce cadre nous utilisons ces technologies pour vous proposer plusieurs produits dont un acc\u00e8s d\u00e9fini par logiciel (LAN sans fil, Commutateur), r\u00e9seau \u00e9tendu (s\u00e9curit\u00e9 et SD-WAN, Wan sans fil\u2026), IOT (Cam\u00e9ras intelligentes, capteurs\u2026).<\/p>\t\t\t\t\t<\/div>\n\t\t\t\t\t\t<\/div>\n\t\t\t\t<\/div>\n\t\t\t\t<div class=\"elementor-element elementor-element-baa2077 elementor-align-right elementor-widget elementor-widget-button\" data-id=\"baa2077\" data-element_type=\"widget\" data-widget_type=\"button.default\">\n\t\t\t\t<div class=\"elementor-widget-container\">\n\t\t\t\t\t<div class=\"elementor-button-wrapper\">\n\t\t\t<a href=\"#\" class=\"elementor-button-link elementor-button elementor-size-sm\" role=\"button\">\n\t\t\t\t\t\t<span class=\"elementor-button-content-wrapper\">\n\t\t\t\t\t\t<span class=\"elementor-button-text\">Demander Devis<\/span>\n\t\t<\/span>\n\t\t\t\t\t<\/a>\n\t\t<\/div>\n\t\t\t\t<\/div>\n\t\t\t\t<\/div>\n\t\t\t\t\t\t<\/div>\n\t\t\t\t\t<\/div>\n\t\t<\/div>\n\t\t\t\t\t\t\t\t<\/div>\n\t\t\t\t\t<\/div>\n\t\t<\/section>\n\t\t\t\t\t\t\t\t\t<\/div>\n\t\t\t<\/div>\n\t\t\t\t\t<\/div>\n\t\t","protected":false},"excerpt":{"rendered":"<p>Cisco vous propose des solutions informatiques simples et intelligentes. Ses solutions sont dans le but de simplifier la s\u00e9curit\u00e9, de tirer parti du Wifi nouvelle g\u00e9n\u00e9ration et num\u00e9riser le lieu de travail.\u00a0Dans ce cadre nous utilisons ces technologies pour vous proposer plusieurs produits dont un acc\u00e8s d\u00e9fini par logiciel (LAN sans fil, Commutateur), r\u00e9seau \u00e9tendu [&hellip;]<\/p>\n","protected":false},"author":1,"featured_media":0,"parent":0,"menu_order":0,"comment_status":"closed","ping_status":"closed","template":"","meta":[],"yoast_head":"<!-- This site is optimized with the Yoast SEO plugin v19.1 - https:\/\/yoast.com\/wordpress\/plugins\/seo\/ -->\n<title>Cisco Meraki - Micro Solutions<\/title>\n<meta name=\"robots\" content=\"index, follow, max-snippet:-1, max-image-preview:large, max-video-preview:-1\" \/>\n<link rel=\"canonical\" href=\"https:\/\/microst.net\/?page_id=6015\" \/>\n<meta property=\"og:locale\" content=\"fr_FR\" \/>\n<meta property=\"og:type\" content=\"article\" \/>\n<meta property=\"og:title\" content=\"Cisco Meraki - Micro Solutions\" \/>\n<meta property=\"og:description\" content=\"Cisco vous propose des solutions informatiques simples et intelligentes. Ses solutions sont dans le but de simplifier la s\u00e9curit\u00e9, de tirer parti du Wifi nouvelle g\u00e9n\u00e9ration et num\u00e9riser le lieu de travail.\u00a0Dans ce cadre nous utilisons ces technologies pour vous proposer plusieurs produits dont un acc\u00e8s d\u00e9fini par logiciel (LAN sans fil, Commutateur), r\u00e9seau \u00e9tendu [&hellip;]\" \/>\n<meta property=\"og:url\" content=\"https:\/\/microst.net\/?page_id=6015\" \/>\n<meta property=\"og:site_name\" content=\"Micro Solutions\" \/>\n<meta property=\"article:modified_time\" content=\"2021-03-17T16:28:42+00:00\" \/>\n<meta property=\"og:image\" content=\"http:\/\/microst.net\/wp-content\/uploads\/elementor\/thumbs\/5084234-scaled-p4b5zlnztpx7nyfhgd0jobkxeicw0l4fs8zz542phw.jpg\" \/>\n<meta name=\"twitter:card\" content=\"summary_large_image\" \/>\n<script type=\"application\/ld+json\" class=\"yoast-schema-graph\">{\"@context\":\"https:\/\/schema.org\",\"@graph\":[{\"@type\":\"WebSite\",\"@id\":\"https:\/\/microst.net\/#website\",\"url\":\"https:\/\/microst.net\/\",\"name\":\"Micro Solutions\",\"description\":\"\",\"potentialAction\":[{\"@type\":\"SearchAction\",\"target\":{\"@type\":\"EntryPoint\",\"urlTemplate\":\"https:\/\/microst.net\/?s={search_term_string}\"},\"query-input\":\"required name=search_term_string\"}],\"inLanguage\":\"fr-FR\"},{\"@type\":\"ImageObject\",\"inLanguage\":\"fr-FR\",\"@id\":\"https:\/\/microst.net\/?page_id=6015#primaryimage\",\"url\":\"http:\/\/microst.net\/wp-content\/uploads\/elementor\/thumbs\/5084234-scaled-p4b5zlnztpx7nyfhgd0jobkxeicw0l4fs8zz542phw.jpg\",\"contentUrl\":\"http:\/\/microst.net\/wp-content\/uploads\/elementor\/thumbs\/5084234-scaled-p4b5zlnztpx7nyfhgd0jobkxeicw0l4fs8zz542phw.jpg\"},{\"@type\":\"WebPage\",\"@id\":\"https:\/\/microst.net\/?page_id=6015#webpage\",\"url\":\"https:\/\/microst.net\/?page_id=6015\",\"name\":\"Cisco Meraki - Micro Solutions\",\"isPartOf\":{\"@id\":\"https:\/\/microst.net\/#website\"},\"primaryImageOfPage\":{\"@id\":\"https:\/\/microst.net\/?page_id=6015#primaryimage\"},\"datePublished\":\"2021-03-16T13:59:29+00:00\",\"dateModified\":\"2021-03-17T16:28:42+00:00\",\"breadcrumb\":{\"@id\":\"https:\/\/microst.net\/?page_id=6015#breadcrumb\"},\"inLanguage\":\"fr-FR\",\"potentialAction\":[{\"@type\":\"ReadAction\",\"target\":[\"https:\/\/microst.net\/?page_id=6015\"]}]},{\"@type\":\"BreadcrumbList\",\"@id\":\"https:\/\/microst.net\/?page_id=6015#breadcrumb\",\"itemListElement\":[{\"@type\":\"ListItem\",\"position\":1,\"name\":\"Accueil\",\"item\":\"https:\/\/microst.net\/\"},{\"@type\":\"ListItem\",\"position\":2,\"name\":\"Cisco Meraki\"}]}]}<\/script>\n<!-- \/ Yoast SEO plugin. -->","yoast_head_json":{"title":"Cisco Meraki - Micro Solutions","robots":{"index":"index","follow":"follow","max-snippet":"max-snippet:-1","max-image-preview":"max-image-preview:large","max-video-preview":"max-video-preview:-1"},"canonical":"https:\/\/microst.net\/?page_id=6015","og_locale":"fr_FR","og_type":"article","og_title":"Cisco Meraki - Micro Solutions","og_description":"Cisco vous propose des solutions informatiques simples et intelligentes. Ses solutions sont dans le but de simplifier la s\u00e9curit\u00e9, de tirer parti du Wifi nouvelle g\u00e9n\u00e9ration et num\u00e9riser le lieu de travail.\u00a0Dans ce cadre nous utilisons ces technologies pour vous proposer plusieurs produits dont un acc\u00e8s d\u00e9fini par logiciel (LAN sans fil, Commutateur), r\u00e9seau \u00e9tendu [&hellip;]","og_url":"https:\/\/microst.net\/?page_id=6015","og_site_name":"Micro Solutions","article_modified_time":"2021-03-17T16:28:42+00:00","og_image":[{"url":"http:\/\/microst.net\/wp-content\/uploads\/elementor\/thumbs\/5084234-scaled-p4b5zlnztpx7nyfhgd0jobkxeicw0l4fs8zz542phw.jpg"}],"twitter_card":"summary_large_image","schema":{"@context":"https:\/\/schema.org","@graph":[{"@type":"WebSite","@id":"https:\/\/microst.net\/#website","url":"https:\/\/microst.net\/","name":"Micro Solutions","description":"","potentialAction":[{"@type":"SearchAction","target":{"@type":"EntryPoint","urlTemplate":"https:\/\/microst.net\/?s={search_term_string}"},"query-input":"required name=search_term_string"}],"inLanguage":"fr-FR"},{"@type":"ImageObject","inLanguage":"fr-FR","@id":"https:\/\/microst.net\/?page_id=6015#primaryimage","url":"http:\/\/microst.net\/wp-content\/uploads\/elementor\/thumbs\/5084234-scaled-p4b5zlnztpx7nyfhgd0jobkxeicw0l4fs8zz542phw.jpg","contentUrl":"http:\/\/microst.net\/wp-content\/uploads\/elementor\/thumbs\/5084234-scaled-p4b5zlnztpx7nyfhgd0jobkxeicw0l4fs8zz542phw.jpg"},{"@type":"WebPage","@id":"https:\/\/microst.net\/?page_id=6015#webpage","url":"https:\/\/microst.net\/?page_id=6015","name":"Cisco Meraki - Micro Solutions","isPartOf":{"@id":"https:\/\/microst.net\/#website"},"primaryImageOfPage":{"@id":"https:\/\/microst.net\/?page_id=6015#primaryimage"},"datePublished":"2021-03-16T13:59:29+00:00","dateModified":"2021-03-17T16:28:42+00:00","breadcrumb":{"@id":"https:\/\/microst.net\/?page_id=6015#breadcrumb"},"inLanguage":"fr-FR","potentialAction":[{"@type":"ReadAction","target":["https:\/\/microst.net\/?page_id=6015"]}]},{"@type":"BreadcrumbList","@id":"https:\/\/microst.net\/?page_id=6015#breadcrumb","itemListElement":[{"@type":"ListItem","position":1,"name":"Accueil","item":"https:\/\/microst.net\/"},{"@type":"ListItem","position":2,"name":"Cisco Meraki"}]}]}},"_links":{"self":[{"href":"https:\/\/microst.net\/index.php?rest_route=\/wp\/v2\/pages\/6015"}],"collection":[{"href":"https:\/\/microst.net\/index.php?rest_route=\/wp\/v2\/pages"}],"about":[{"href":"https:\/\/microst.net\/index.php?rest_route=\/wp\/v2\/types\/page"}],"author":[{"embeddable":true,"href":"https:\/\/microst.net\/index.php?rest_route=\/wp\/v2\/users\/1"}],"replies":[{"embeddable":true,"href":"https:\/\/microst.net\/index.php?rest_route=%2Fwp%2Fv2%2Fcomments&post=6015"}],"version-history":[{"count":5,"href":"https:\/\/microst.net\/index.php?rest_route=\/wp\/v2\/pages\/6015\/revisions"}],"predecessor-version":[{"id":6135,"href":"https:\/\/microst.net\/index.php?rest_route=\/wp\/v2\/pages\/6015\/revisions\/6135"}],"wp:attachment":[{"href":"https:\/\/microst.net\/index.php?rest_route=%2Fwp%2Fv2%2Fmedia&parent=6015"}],"curies":[{"name":"wp","href":"https:\/\/api.w.org\/{rel}","templated":true}]}}