{"id":6017,"date":"2021-03-16T14:59:55","date_gmt":"2021-03-16T13:59:55","guid":{"rendered":"http:\/\/microst.net\/?page_id=6017"},"modified":"2021-03-17T17:25:17","modified_gmt":"2021-03-17T16:25:17","slug":"gdata-2","status":"publish","type":"page","link":"https:\/\/microst.net\/?page_id=6017","title":{"rendered":"GDATA"},"content":{"rendered":"\t\t<div data-elementor-type=\"wp-page\" data-elementor-id=\"6017\" class=\"elementor elementor-6017\">\n\t\t\t\t\t\t<div class=\"elementor-inner\">\n\t\t\t\t<div class=\"elementor-section-wrap\">\n\t\t\t\t\t\t\t\t\t<section class=\"elementor-section elementor-top-section elementor-element elementor-element-56f1444 elementor-section-boxed elementor-section-height-default elementor-section-height-default\" data-id=\"56f1444\" data-element_type=\"section\">\n\t\t\t\t\t\t<div class=\"elementor-container elementor-column-gap-default\">\n\t\t\t\t\t\t\t<div class=\"elementor-row\">\n\t\t\t\t\t<div class=\"elementor-column elementor-col-50 elementor-top-column elementor-element elementor-element-139ba7c\" data-id=\"139ba7c\" data-element_type=\"column\">\n\t\t\t<div class=\"elementor-column-wrap elementor-element-populated\">\n\t\t\t\t\t\t\t<div class=\"elementor-widget-wrap\">\n\t\t\t\t\t\t<div class=\"elementor-element elementor-element-5c1f4f8 elementor-widget elementor-widget-image\" data-id=\"5c1f4f8\" data-element_type=\"widget\" data-widget_type=\"image.default\">\n\t\t\t\t<div class=\"elementor-widget-container\">\n\t\t\t\t\t\t\t\t<div class=\"elementor-image\">\n\t\t\t\t\t\t\t\t\t\t\t\t<img width=\"300\" height=\"300\" src=\"https:\/\/microst.net\/wp-content\/uploads\/2021\/03\/business-corporate-protection-safety-security-concept-300x300.jpg\" class=\"attachment-woocommerce_thumbnail size-woocommerce_thumbnail\" alt=\"\" loading=\"lazy\" srcset=\"https:\/\/microst.net\/wp-content\/uploads\/2021\/03\/business-corporate-protection-safety-security-concept-300x300.jpg 300w, https:\/\/microst.net\/wp-content\/uploads\/2021\/03\/business-corporate-protection-safety-security-concept-150x150.jpg 150w, https:\/\/microst.net\/wp-content\/uploads\/2021\/03\/business-corporate-protection-safety-security-concept-100x100.jpg 100w\" sizes=\"(max-width: 300px) 100vw, 300px\" \/>\t\t\t\t\t\t\t\t\t\t\t\t\t\t<\/div>\n\t\t\t\t\t\t<\/div>\n\t\t\t\t<\/div>\n\t\t\t\t\t\t<\/div>\n\t\t\t\t\t<\/div>\n\t\t<\/div>\n\t\t\t\t<div class=\"elementor-column elementor-col-50 elementor-top-column elementor-element elementor-element-0093588\" data-id=\"0093588\" data-element_type=\"column\">\n\t\t\t<div class=\"elementor-column-wrap elementor-element-populated\">\n\t\t\t\t\t\t\t<div class=\"elementor-widget-wrap\">\n\t\t\t\t\t\t<div class=\"elementor-element elementor-element-9a36731 elementor-widget elementor-widget-text-editor\" data-id=\"9a36731\" data-element_type=\"widget\" data-widget_type=\"text-editor.default\">\n\t\t\t\t<div class=\"elementor-widget-container\">\n\t\t\t\t\t\t\t\t<div class=\"elementor-text-editor elementor-clearfix\">\n\t\t\t\t<p>GDATA \u00e9volue dans le domaine de la s\u00e9curit\u00e9 et le maintien de l&rsquo;autonomie num\u00e9rique pour ses clients.<br \/>Ainsi par leur expertise, nous permettons \u00e0 nos clients d\u2019agir de mani\u00e8re autonome et ind\u00e9pendante dans le monde num\u00e9rique avec des logiciels antivirus ultramodernes, la protection des endpoints et les technologies d\u2019IA comme DeepRay ainsi que les Security Awareness Trainings.\u00a0<\/p><p>\u00a0<\/p>\t\t\t\t\t<\/div>\n\t\t\t\t\t\t<\/div>\n\t\t\t\t<\/div>\n\t\t\t\t<div class=\"elementor-element elementor-element-3e09fdf elementor-align-right elementor-widget elementor-widget-button\" data-id=\"3e09fdf\" data-element_type=\"widget\" data-widget_type=\"button.default\">\n\t\t\t\t<div class=\"elementor-widget-container\">\n\t\t\t\t\t<div class=\"elementor-button-wrapper\">\n\t\t\t<a href=\"#\" class=\"elementor-button-link elementor-button elementor-size-sm\" role=\"button\">\n\t\t\t\t\t\t<span class=\"elementor-button-content-wrapper\">\n\t\t\t\t\t\t<span class=\"elementor-button-text\">Demander Devis<\/span>\n\t\t<\/span>\n\t\t\t\t\t<\/a>\n\t\t<\/div>\n\t\t\t\t<\/div>\n\t\t\t\t<\/div>\n\t\t\t\t\t\t<\/div>\n\t\t\t\t\t<\/div>\n\t\t<\/div>\n\t\t\t\t\t\t\t\t<\/div>\n\t\t\t\t\t<\/div>\n\t\t<\/section>\n\t\t\t\t\t\t\t\t\t<\/div>\n\t\t\t<\/div>\n\t\t\t\t\t<\/div>\n\t\t","protected":false},"excerpt":{"rendered":"<p>GDATA \u00e9volue dans le domaine de la s\u00e9curit\u00e9 et le maintien de l&rsquo;autonomie num\u00e9rique pour ses clients.Ainsi par leur expertise, nous permettons \u00e0 nos clients d\u2019agir de mani\u00e8re autonome et ind\u00e9pendante dans le monde num\u00e9rique avec des logiciels antivirus ultramodernes, la protection des endpoints et les technologies d\u2019IA comme DeepRay ainsi que les Security Awareness [&hellip;]<\/p>\n","protected":false},"author":1,"featured_media":0,"parent":0,"menu_order":0,"comment_status":"closed","ping_status":"closed","template":"","meta":[],"yoast_head":"<!-- This site is optimized with the Yoast SEO plugin v19.1 - https:\/\/yoast.com\/wordpress\/plugins\/seo\/ -->\n<title>GDATA - Micro Solutions<\/title>\n<meta name=\"robots\" content=\"index, follow, max-snippet:-1, max-image-preview:large, max-video-preview:-1\" \/>\n<link rel=\"canonical\" href=\"https:\/\/microst.net\/?page_id=6017\" \/>\n<meta property=\"og:locale\" content=\"fr_FR\" \/>\n<meta property=\"og:type\" content=\"article\" \/>\n<meta property=\"og:title\" content=\"GDATA - Micro Solutions\" \/>\n<meta property=\"og:description\" content=\"GDATA \u00e9volue dans le domaine de la s\u00e9curit\u00e9 et le maintien de l&rsquo;autonomie num\u00e9rique pour ses clients.Ainsi par leur expertise, nous permettons \u00e0 nos clients d\u2019agir de mani\u00e8re autonome et ind\u00e9pendante dans le monde num\u00e9rique avec des logiciels antivirus ultramodernes, la protection des endpoints et les technologies d\u2019IA comme DeepRay ainsi que les Security Awareness [&hellip;]\" \/>\n<meta property=\"og:url\" content=\"https:\/\/microst.net\/?page_id=6017\" \/>\n<meta property=\"og:site_name\" content=\"Micro Solutions\" \/>\n<meta property=\"article:modified_time\" content=\"2021-03-17T16:25:17+00:00\" \/>\n<meta property=\"og:image\" content=\"http:\/\/microst.net\/wp-content\/uploads\/2021\/03\/business-corporate-protection-safety-security-concept-300x300.jpg\" \/>\n<meta name=\"twitter:card\" content=\"summary_large_image\" \/>\n<script type=\"application\/ld+json\" class=\"yoast-schema-graph\">{\"@context\":\"https:\/\/schema.org\",\"@graph\":[{\"@type\":\"WebSite\",\"@id\":\"https:\/\/microst.net\/#website\",\"url\":\"https:\/\/microst.net\/\",\"name\":\"Micro Solutions\",\"description\":\"\",\"potentialAction\":[{\"@type\":\"SearchAction\",\"target\":{\"@type\":\"EntryPoint\",\"urlTemplate\":\"https:\/\/microst.net\/?s={search_term_string}\"},\"query-input\":\"required name=search_term_string\"}],\"inLanguage\":\"fr-FR\"},{\"@type\":\"ImageObject\",\"inLanguage\":\"fr-FR\",\"@id\":\"https:\/\/microst.net\/?page_id=6017#primaryimage\",\"url\":\"http:\/\/microst.net\/wp-content\/uploads\/2021\/03\/business-corporate-protection-safety-security-concept-300x300.jpg\",\"contentUrl\":\"http:\/\/microst.net\/wp-content\/uploads\/2021\/03\/business-corporate-protection-safety-security-concept-300x300.jpg\"},{\"@type\":\"WebPage\",\"@id\":\"https:\/\/microst.net\/?page_id=6017#webpage\",\"url\":\"https:\/\/microst.net\/?page_id=6017\",\"name\":\"GDATA - Micro Solutions\",\"isPartOf\":{\"@id\":\"https:\/\/microst.net\/#website\"},\"primaryImageOfPage\":{\"@id\":\"https:\/\/microst.net\/?page_id=6017#primaryimage\"},\"datePublished\":\"2021-03-16T13:59:55+00:00\",\"dateModified\":\"2021-03-17T16:25:17+00:00\",\"breadcrumb\":{\"@id\":\"https:\/\/microst.net\/?page_id=6017#breadcrumb\"},\"inLanguage\":\"fr-FR\",\"potentialAction\":[{\"@type\":\"ReadAction\",\"target\":[\"https:\/\/microst.net\/?page_id=6017\"]}]},{\"@type\":\"BreadcrumbList\",\"@id\":\"https:\/\/microst.net\/?page_id=6017#breadcrumb\",\"itemListElement\":[{\"@type\":\"ListItem\",\"position\":1,\"name\":\"Accueil\",\"item\":\"https:\/\/microst.net\/\"},{\"@type\":\"ListItem\",\"position\":2,\"name\":\"GDATA\"}]}]}<\/script>\n<!-- \/ Yoast SEO plugin. -->","yoast_head_json":{"title":"GDATA - Micro Solutions","robots":{"index":"index","follow":"follow","max-snippet":"max-snippet:-1","max-image-preview":"max-image-preview:large","max-video-preview":"max-video-preview:-1"},"canonical":"https:\/\/microst.net\/?page_id=6017","og_locale":"fr_FR","og_type":"article","og_title":"GDATA - Micro Solutions","og_description":"GDATA \u00e9volue dans le domaine de la s\u00e9curit\u00e9 et le maintien de l&rsquo;autonomie num\u00e9rique pour ses clients.Ainsi par leur expertise, nous permettons \u00e0 nos clients d\u2019agir de mani\u00e8re autonome et ind\u00e9pendante dans le monde num\u00e9rique avec des logiciels antivirus ultramodernes, la protection des endpoints et les technologies d\u2019IA comme DeepRay ainsi que les Security Awareness [&hellip;]","og_url":"https:\/\/microst.net\/?page_id=6017","og_site_name":"Micro Solutions","article_modified_time":"2021-03-17T16:25:17+00:00","og_image":[{"url":"http:\/\/microst.net\/wp-content\/uploads\/2021\/03\/business-corporate-protection-safety-security-concept-300x300.jpg"}],"twitter_card":"summary_large_image","schema":{"@context":"https:\/\/schema.org","@graph":[{"@type":"WebSite","@id":"https:\/\/microst.net\/#website","url":"https:\/\/microst.net\/","name":"Micro Solutions","description":"","potentialAction":[{"@type":"SearchAction","target":{"@type":"EntryPoint","urlTemplate":"https:\/\/microst.net\/?s={search_term_string}"},"query-input":"required name=search_term_string"}],"inLanguage":"fr-FR"},{"@type":"ImageObject","inLanguage":"fr-FR","@id":"https:\/\/microst.net\/?page_id=6017#primaryimage","url":"http:\/\/microst.net\/wp-content\/uploads\/2021\/03\/business-corporate-protection-safety-security-concept-300x300.jpg","contentUrl":"http:\/\/microst.net\/wp-content\/uploads\/2021\/03\/business-corporate-protection-safety-security-concept-300x300.jpg"},{"@type":"WebPage","@id":"https:\/\/microst.net\/?page_id=6017#webpage","url":"https:\/\/microst.net\/?page_id=6017","name":"GDATA - Micro Solutions","isPartOf":{"@id":"https:\/\/microst.net\/#website"},"primaryImageOfPage":{"@id":"https:\/\/microst.net\/?page_id=6017#primaryimage"},"datePublished":"2021-03-16T13:59:55+00:00","dateModified":"2021-03-17T16:25:17+00:00","breadcrumb":{"@id":"https:\/\/microst.net\/?page_id=6017#breadcrumb"},"inLanguage":"fr-FR","potentialAction":[{"@type":"ReadAction","target":["https:\/\/microst.net\/?page_id=6017"]}]},{"@type":"BreadcrumbList","@id":"https:\/\/microst.net\/?page_id=6017#breadcrumb","itemListElement":[{"@type":"ListItem","position":1,"name":"Accueil","item":"https:\/\/microst.net\/"},{"@type":"ListItem","position":2,"name":"GDATA"}]}]}},"_links":{"self":[{"href":"https:\/\/microst.net\/index.php?rest_route=\/wp\/v2\/pages\/6017"}],"collection":[{"href":"https:\/\/microst.net\/index.php?rest_route=\/wp\/v2\/pages"}],"about":[{"href":"https:\/\/microst.net\/index.php?rest_route=\/wp\/v2\/types\/page"}],"author":[{"embeddable":true,"href":"https:\/\/microst.net\/index.php?rest_route=\/wp\/v2\/users\/1"}],"replies":[{"embeddable":true,"href":"https:\/\/microst.net\/index.php?rest_route=%2Fwp%2Fv2%2Fcomments&post=6017"}],"version-history":[{"count":4,"href":"https:\/\/microst.net\/index.php?rest_route=\/wp\/v2\/pages\/6017\/revisions"}],"predecessor-version":[{"id":6132,"href":"https:\/\/microst.net\/index.php?rest_route=\/wp\/v2\/pages\/6017\/revisions\/6132"}],"wp:attachment":[{"href":"https:\/\/microst.net\/index.php?rest_route=%2Fwp%2Fv2%2Fmedia&parent=6017"}],"curies":[{"name":"wp","href":"https:\/\/api.w.org\/{rel}","templated":true}]}}