{"id":6019,"date":"2021-03-16T15:00:56","date_gmt":"2021-03-16T14:00:56","guid":{"rendered":"http:\/\/microst.net\/?page_id=6019"},"modified":"2021-03-16T17:58:37","modified_gmt":"2021-03-16T16:58:37","slug":"unitrends","status":"publish","type":"page","link":"https:\/\/microst.net\/?page_id=6019","title":{"rendered":"Unitrends"},"content":{"rendered":"\t\t<div data-elementor-type=\"wp-page\" data-elementor-id=\"6019\" class=\"elementor elementor-6019\">\n\t\t\t\t\t\t<div class=\"elementor-inner\">\n\t\t\t\t<div class=\"elementor-section-wrap\">\n\t\t\t\t\t\t\t\t\t<section class=\"elementor-section elementor-top-section elementor-element elementor-element-8f296cd elementor-section-boxed elementor-section-height-default elementor-section-height-default\" data-id=\"8f296cd\" data-element_type=\"section\">\n\t\t\t\t\t\t<div class=\"elementor-container elementor-column-gap-default\">\n\t\t\t\t\t\t\t<div class=\"elementor-row\">\n\t\t\t\t\t<div class=\"elementor-column elementor-col-50 elementor-top-column elementor-element elementor-element-da8d548\" data-id=\"da8d548\" data-element_type=\"column\">\n\t\t\t<div class=\"elementor-column-wrap elementor-element-populated\">\n\t\t\t\t\t\t\t<div class=\"elementor-widget-wrap\">\n\t\t\t\t\t\t<div class=\"elementor-element elementor-element-d1c5319 elementor-widget elementor-widget-image\" data-id=\"d1c5319\" data-element_type=\"widget\" data-widget_type=\"image.default\">\n\t\t\t\t<div class=\"elementor-widget-container\">\n\t\t\t\t\t\t\t\t<div class=\"elementor-image\">\n\t\t\t\t\t\t\t\t\t\t\t\t<img width=\"300\" height=\"300\" src=\"https:\/\/microst.net\/wp-content\/uploads\/2021\/03\/SL-101820-36860-11-300x300.jpg\" class=\"attachment-woocommerce_thumbnail size-woocommerce_thumbnail\" alt=\"\" loading=\"lazy\" srcset=\"https:\/\/microst.net\/wp-content\/uploads\/2021\/03\/SL-101820-36860-11-300x300.jpg 300w, https:\/\/microst.net\/wp-content\/uploads\/2021\/03\/SL-101820-36860-11-150x150.jpg 150w, https:\/\/microst.net\/wp-content\/uploads\/2021\/03\/SL-101820-36860-11-100x100.jpg 100w\" sizes=\"(max-width: 300px) 100vw, 300px\" \/>\t\t\t\t\t\t\t\t\t\t\t\t\t\t<\/div>\n\t\t\t\t\t\t<\/div>\n\t\t\t\t<\/div>\n\t\t\t\t\t\t<\/div>\n\t\t\t\t\t<\/div>\n\t\t<\/div>\n\t\t\t\t<div class=\"elementor-column elementor-col-50 elementor-top-column elementor-element elementor-element-73453a4\" data-id=\"73453a4\" data-element_type=\"column\">\n\t\t\t<div class=\"elementor-column-wrap elementor-element-populated\">\n\t\t\t\t\t\t\t<div class=\"elementor-widget-wrap\">\n\t\t\t\t\t\t<div class=\"elementor-element elementor-element-19e7cd6 elementor-widget elementor-widget-text-editor\" data-id=\"19e7cd6\" data-element_type=\"widget\" data-widget_type=\"text-editor.default\">\n\t\t\t\t<div class=\"elementor-widget-container\">\n\t\t\t\t\t\t\t\t<div class=\"elementor-text-editor elementor-clearfix\">\n\t\t\t\t<p>Unitrends fournit une large gamme de mat\u00e9riels et de logiciels pour la sauvegarde et la restauration des donn\u00e9es et des applications critiques d&rsquo;une entreprise.<br \/>Microst avec cette collaboration assure une protection de bout en bout et la r\u00e9cup\u00e9ration imm\u00e9diate des donn\u00e9es de tous les syst\u00e8mes physiques et virtuels.\u00a0<\/p>\t\t\t\t\t<\/div>\n\t\t\t\t\t\t<\/div>\n\t\t\t\t<\/div>\n\t\t\t\t<div class=\"elementor-element elementor-element-071dbad elementor-align-right elementor-widget elementor-widget-button\" data-id=\"071dbad\" data-element_type=\"widget\" data-widget_type=\"button.default\">\n\t\t\t\t<div class=\"elementor-widget-container\">\n\t\t\t\t\t<div class=\"elementor-button-wrapper\">\n\t\t\t<a href=\"#\" class=\"elementor-button-link elementor-button elementor-size-sm\" role=\"button\">\n\t\t\t\t\t\t<span class=\"elementor-button-content-wrapper\">\n\t\t\t\t\t\t<span class=\"elementor-button-text\">Demander Devis<\/span>\n\t\t<\/span>\n\t\t\t\t\t<\/a>\n\t\t<\/div>\n\t\t\t\t<\/div>\n\t\t\t\t<\/div>\n\t\t\t\t\t\t<\/div>\n\t\t\t\t\t<\/div>\n\t\t<\/div>\n\t\t\t\t\t\t\t\t<\/div>\n\t\t\t\t\t<\/div>\n\t\t<\/section>\n\t\t\t\t\t\t\t\t\t<\/div>\n\t\t\t<\/div>\n\t\t\t\t\t<\/div>\n\t\t","protected":false},"excerpt":{"rendered":"<p>Unitrends fournit une large gamme de mat\u00e9riels et de logiciels pour la sauvegarde et la restauration des donn\u00e9es et des applications critiques d&rsquo;une entreprise.Microst avec cette collaboration assure une protection de bout en bout et la r\u00e9cup\u00e9ration imm\u00e9diate des donn\u00e9es de tous les syst\u00e8mes physiques et virtuels.\u00a0 Demander Devis<\/p>\n","protected":false},"author":1,"featured_media":0,"parent":0,"menu_order":0,"comment_status":"closed","ping_status":"closed","template":"","meta":[],"yoast_head":"<!-- This site is optimized with the Yoast SEO plugin v19.1 - https:\/\/yoast.com\/wordpress\/plugins\/seo\/ -->\n<title>Unitrends - Micro Solutions<\/title>\n<meta name=\"robots\" content=\"index, follow, max-snippet:-1, max-image-preview:large, max-video-preview:-1\" \/>\n<link rel=\"canonical\" href=\"https:\/\/microst.net\/?page_id=6019\" \/>\n<meta property=\"og:locale\" content=\"fr_FR\" \/>\n<meta property=\"og:type\" content=\"article\" \/>\n<meta property=\"og:title\" content=\"Unitrends - Micro Solutions\" \/>\n<meta property=\"og:description\" content=\"Unitrends fournit une large gamme de mat\u00e9riels et de logiciels pour la sauvegarde et la restauration des donn\u00e9es et des applications critiques d&rsquo;une entreprise.Microst avec cette collaboration assure une protection de bout en bout et la r\u00e9cup\u00e9ration imm\u00e9diate des donn\u00e9es de tous les syst\u00e8mes physiques et virtuels.\u00a0 Demander Devis\" \/>\n<meta property=\"og:url\" content=\"https:\/\/microst.net\/?page_id=6019\" \/>\n<meta property=\"og:site_name\" content=\"Micro Solutions\" \/>\n<meta property=\"article:modified_time\" content=\"2021-03-16T16:58:37+00:00\" \/>\n<meta property=\"og:image\" content=\"http:\/\/microst.net\/wp-content\/uploads\/2021\/03\/SL-101820-36860-11-300x300.jpg\" \/>\n<meta name=\"twitter:card\" content=\"summary_large_image\" \/>\n<script type=\"application\/ld+json\" class=\"yoast-schema-graph\">{\"@context\":\"https:\/\/schema.org\",\"@graph\":[{\"@type\":\"WebSite\",\"@id\":\"https:\/\/microst.net\/#website\",\"url\":\"https:\/\/microst.net\/\",\"name\":\"Micro Solutions\",\"description\":\"\",\"potentialAction\":[{\"@type\":\"SearchAction\",\"target\":{\"@type\":\"EntryPoint\",\"urlTemplate\":\"https:\/\/microst.net\/?s={search_term_string}\"},\"query-input\":\"required name=search_term_string\"}],\"inLanguage\":\"fr-FR\"},{\"@type\":\"ImageObject\",\"inLanguage\":\"fr-FR\",\"@id\":\"https:\/\/microst.net\/?page_id=6019#primaryimage\",\"url\":\"http:\/\/microst.net\/wp-content\/uploads\/2021\/03\/SL-101820-36860-11-300x300.jpg\",\"contentUrl\":\"http:\/\/microst.net\/wp-content\/uploads\/2021\/03\/SL-101820-36860-11-300x300.jpg\"},{\"@type\":\"WebPage\",\"@id\":\"https:\/\/microst.net\/?page_id=6019#webpage\",\"url\":\"https:\/\/microst.net\/?page_id=6019\",\"name\":\"Unitrends - Micro Solutions\",\"isPartOf\":{\"@id\":\"https:\/\/microst.net\/#website\"},\"primaryImageOfPage\":{\"@id\":\"https:\/\/microst.net\/?page_id=6019#primaryimage\"},\"datePublished\":\"2021-03-16T14:00:56+00:00\",\"dateModified\":\"2021-03-16T16:58:37+00:00\",\"breadcrumb\":{\"@id\":\"https:\/\/microst.net\/?page_id=6019#breadcrumb\"},\"inLanguage\":\"fr-FR\",\"potentialAction\":[{\"@type\":\"ReadAction\",\"target\":[\"https:\/\/microst.net\/?page_id=6019\"]}]},{\"@type\":\"BreadcrumbList\",\"@id\":\"https:\/\/microst.net\/?page_id=6019#breadcrumb\",\"itemListElement\":[{\"@type\":\"ListItem\",\"position\":1,\"name\":\"Accueil\",\"item\":\"https:\/\/microst.net\/\"},{\"@type\":\"ListItem\",\"position\":2,\"name\":\"Unitrends\"}]}]}<\/script>\n<!-- \/ Yoast SEO plugin. -->","yoast_head_json":{"title":"Unitrends - Micro Solutions","robots":{"index":"index","follow":"follow","max-snippet":"max-snippet:-1","max-image-preview":"max-image-preview:large","max-video-preview":"max-video-preview:-1"},"canonical":"https:\/\/microst.net\/?page_id=6019","og_locale":"fr_FR","og_type":"article","og_title":"Unitrends - Micro Solutions","og_description":"Unitrends fournit une large gamme de mat\u00e9riels et de logiciels pour la sauvegarde et la restauration des donn\u00e9es et des applications critiques d&rsquo;une entreprise.Microst avec cette collaboration assure une protection de bout en bout et la r\u00e9cup\u00e9ration imm\u00e9diate des donn\u00e9es de tous les syst\u00e8mes physiques et virtuels.\u00a0 Demander Devis","og_url":"https:\/\/microst.net\/?page_id=6019","og_site_name":"Micro Solutions","article_modified_time":"2021-03-16T16:58:37+00:00","og_image":[{"url":"http:\/\/microst.net\/wp-content\/uploads\/2021\/03\/SL-101820-36860-11-300x300.jpg"}],"twitter_card":"summary_large_image","schema":{"@context":"https:\/\/schema.org","@graph":[{"@type":"WebSite","@id":"https:\/\/microst.net\/#website","url":"https:\/\/microst.net\/","name":"Micro Solutions","description":"","potentialAction":[{"@type":"SearchAction","target":{"@type":"EntryPoint","urlTemplate":"https:\/\/microst.net\/?s={search_term_string}"},"query-input":"required name=search_term_string"}],"inLanguage":"fr-FR"},{"@type":"ImageObject","inLanguage":"fr-FR","@id":"https:\/\/microst.net\/?page_id=6019#primaryimage","url":"http:\/\/microst.net\/wp-content\/uploads\/2021\/03\/SL-101820-36860-11-300x300.jpg","contentUrl":"http:\/\/microst.net\/wp-content\/uploads\/2021\/03\/SL-101820-36860-11-300x300.jpg"},{"@type":"WebPage","@id":"https:\/\/microst.net\/?page_id=6019#webpage","url":"https:\/\/microst.net\/?page_id=6019","name":"Unitrends - Micro Solutions","isPartOf":{"@id":"https:\/\/microst.net\/#website"},"primaryImageOfPage":{"@id":"https:\/\/microst.net\/?page_id=6019#primaryimage"},"datePublished":"2021-03-16T14:00:56+00:00","dateModified":"2021-03-16T16:58:37+00:00","breadcrumb":{"@id":"https:\/\/microst.net\/?page_id=6019#breadcrumb"},"inLanguage":"fr-FR","potentialAction":[{"@type":"ReadAction","target":["https:\/\/microst.net\/?page_id=6019"]}]},{"@type":"BreadcrumbList","@id":"https:\/\/microst.net\/?page_id=6019#breadcrumb","itemListElement":[{"@type":"ListItem","position":1,"name":"Accueil","item":"https:\/\/microst.net\/"},{"@type":"ListItem","position":2,"name":"Unitrends"}]}]}},"_links":{"self":[{"href":"https:\/\/microst.net\/index.php?rest_route=\/wp\/v2\/pages\/6019"}],"collection":[{"href":"https:\/\/microst.net\/index.php?rest_route=\/wp\/v2\/pages"}],"about":[{"href":"https:\/\/microst.net\/index.php?rest_route=\/wp\/v2\/types\/page"}],"author":[{"embeddable":true,"href":"https:\/\/microst.net\/index.php?rest_route=\/wp\/v2\/users\/1"}],"replies":[{"embeddable":true,"href":"https:\/\/microst.net\/index.php?rest_route=%2Fwp%2Fv2%2Fcomments&post=6019"}],"version-history":[{"count":2,"href":"https:\/\/microst.net\/index.php?rest_route=\/wp\/v2\/pages\/6019\/revisions"}],"predecessor-version":[{"id":6090,"href":"https:\/\/microst.net\/index.php?rest_route=\/wp\/v2\/pages\/6019\/revisions\/6090"}],"wp:attachment":[{"href":"https:\/\/microst.net\/index.php?rest_route=%2Fwp%2Fv2%2Fmedia&parent=6019"}],"curies":[{"name":"wp","href":"https:\/\/api.w.org\/{rel}","templated":true}]}}