{"id":6021,"date":"2021-03-16T15:01:34","date_gmt":"2021-03-16T14:01:34","guid":{"rendered":"http:\/\/microst.net\/?page_id=6021"},"modified":"2021-03-17T17:20:18","modified_gmt":"2021-03-17T16:20:18","slug":"synerway","status":"publish","type":"page","link":"https:\/\/microst.net\/?page_id=6021","title":{"rendered":"Synerway"},"content":{"rendered":"\t\t<div data-elementor-type=\"wp-page\" data-elementor-id=\"6021\" class=\"elementor elementor-6021\">\n\t\t\t\t\t\t<div class=\"elementor-inner\">\n\t\t\t\t<div class=\"elementor-section-wrap\">\n\t\t\t\t\t\t\t\t\t<section class=\"elementor-section elementor-top-section elementor-element elementor-element-6edec06 elementor-section-boxed elementor-section-height-default elementor-section-height-default\" data-id=\"6edec06\" data-element_type=\"section\">\n\t\t\t\t\t\t<div class=\"elementor-container elementor-column-gap-default\">\n\t\t\t\t\t\t\t<div class=\"elementor-row\">\n\t\t\t\t\t<div class=\"elementor-column elementor-col-50 elementor-top-column elementor-element elementor-element-61a4232\" data-id=\"61a4232\" data-element_type=\"column\">\n\t\t\t<div class=\"elementor-column-wrap elementor-element-populated\">\n\t\t\t\t\t\t\t<div class=\"elementor-widget-wrap\">\n\t\t\t\t\t\t<div class=\"elementor-element elementor-element-e473164 elementor-widget elementor-widget-image\" data-id=\"e473164\" data-element_type=\"widget\" data-widget_type=\"image.default\">\n\t\t\t\t<div class=\"elementor-widget-container\">\n\t\t\t\t\t\t\t\t<div class=\"elementor-image\">\n\t\t\t\t\t\t\t\t\t\t\t\t<img width=\"300\" height=\"300\" src=\"https:\/\/microst.net\/wp-content\/uploads\/2021\/03\/data_-300x300.png\" class=\"attachment-woocommerce_thumbnail size-woocommerce_thumbnail\" alt=\"\" loading=\"lazy\" srcset=\"https:\/\/microst.net\/wp-content\/uploads\/2021\/03\/data_-300x300.png 300w, https:\/\/microst.net\/wp-content\/uploads\/2021\/03\/data_-150x150.png 150w, https:\/\/microst.net\/wp-content\/uploads\/2021\/03\/data_-100x100.png 100w\" sizes=\"(max-width: 300px) 100vw, 300px\" \/>\t\t\t\t\t\t\t\t\t\t\t\t\t\t<\/div>\n\t\t\t\t\t\t<\/div>\n\t\t\t\t<\/div>\n\t\t\t\t\t\t<\/div>\n\t\t\t\t\t<\/div>\n\t\t<\/div>\n\t\t\t\t<div class=\"elementor-column elementor-col-50 elementor-top-column elementor-element elementor-element-6c829ec\" data-id=\"6c829ec\" data-element_type=\"column\">\n\t\t\t<div class=\"elementor-column-wrap elementor-element-populated\">\n\t\t\t\t\t\t\t<div class=\"elementor-widget-wrap\">\n\t\t\t\t\t\t<div class=\"elementor-element elementor-element-7328bcf elementor-widget elementor-widget-text-editor\" data-id=\"7328bcf\" data-element_type=\"widget\" data-widget_type=\"text-editor.default\">\n\t\t\t\t<div class=\"elementor-widget-container\">\n\t\t\t\t\t\t\t\t<div class=\"elementor-text-editor elementor-clearfix\">\n\t\t\t\t<p>Synerway d\u00e9veloppe des solutions et des services pour la protection unifi\u00e9e du syst\u00e8me <br \/>d&rsquo;information : donn\u00e9es, applications, messageries et syst\u00e8mes des entreprises. Synerway con\u00e7oit des solutions logicielles brevet\u00e9es, des Appliances physiques ou virtuelles int\u00e9gr\u00e9es et pr\u00eates \u00e0 l&#8217;emploi.\u00a0<br \/>En acqu\u00e9rant leurs\u00a0 comp\u00e9tences technologiques, nous assurons ces m\u00eames services.<\/p>\t\t\t\t\t<\/div>\n\t\t\t\t\t\t<\/div>\n\t\t\t\t<\/div>\n\t\t\t\t<div class=\"elementor-element elementor-element-b6053b5 elementor-align-right elementor-widget elementor-widget-button\" data-id=\"b6053b5\" data-element_type=\"widget\" data-widget_type=\"button.default\">\n\t\t\t\t<div class=\"elementor-widget-container\">\n\t\t\t\t\t<div class=\"elementor-button-wrapper\">\n\t\t\t<a href=\"#\" class=\"elementor-button-link elementor-button elementor-size-sm\" role=\"button\">\n\t\t\t\t\t\t<span class=\"elementor-button-content-wrapper\">\n\t\t\t\t\t\t<span class=\"elementor-button-text\">Demander Devis<\/span>\n\t\t<\/span>\n\t\t\t\t\t<\/a>\n\t\t<\/div>\n\t\t\t\t<\/div>\n\t\t\t\t<\/div>\n\t\t\t\t\t\t<\/div>\n\t\t\t\t\t<\/div>\n\t\t<\/div>\n\t\t\t\t\t\t\t\t<\/div>\n\t\t\t\t\t<\/div>\n\t\t<\/section>\n\t\t\t\t\t\t\t\t\t<\/div>\n\t\t\t<\/div>\n\t\t\t\t\t<\/div>\n\t\t","protected":false},"excerpt":{"rendered":"<p>Synerway d\u00e9veloppe des solutions et des services pour la protection unifi\u00e9e du syst\u00e8me d&rsquo;information : donn\u00e9es, applications, messageries et syst\u00e8mes des entreprises. Synerway con\u00e7oit des solutions logicielles brevet\u00e9es, des Appliances physiques ou virtuelles int\u00e9gr\u00e9es et pr\u00eates \u00e0 l&#8217;emploi.\u00a0En acqu\u00e9rant leurs\u00a0 comp\u00e9tences technologiques, nous assurons ces m\u00eames services. Demander Devis<\/p>\n","protected":false},"author":1,"featured_media":0,"parent":0,"menu_order":0,"comment_status":"closed","ping_status":"closed","template":"","meta":[],"yoast_head":"<!-- This site is optimized with the Yoast SEO plugin v19.1 - https:\/\/yoast.com\/wordpress\/plugins\/seo\/ -->\n<title>Synerway - Micro Solutions<\/title>\n<meta name=\"robots\" content=\"index, follow, max-snippet:-1, max-image-preview:large, max-video-preview:-1\" \/>\n<link rel=\"canonical\" href=\"https:\/\/microst.net\/?page_id=6021\" \/>\n<meta property=\"og:locale\" content=\"fr_FR\" \/>\n<meta property=\"og:type\" content=\"article\" \/>\n<meta property=\"og:title\" content=\"Synerway - Micro Solutions\" \/>\n<meta property=\"og:description\" content=\"Synerway d\u00e9veloppe des solutions et des services pour la protection unifi\u00e9e du syst\u00e8me d&rsquo;information : donn\u00e9es, applications, messageries et syst\u00e8mes des entreprises. Synerway con\u00e7oit des solutions logicielles brevet\u00e9es, des Appliances physiques ou virtuelles int\u00e9gr\u00e9es et pr\u00eates \u00e0 l&#8217;emploi.\u00a0En acqu\u00e9rant leurs\u00a0 comp\u00e9tences technologiques, nous assurons ces m\u00eames services. Demander Devis\" \/>\n<meta property=\"og:url\" content=\"https:\/\/microst.net\/?page_id=6021\" \/>\n<meta property=\"og:site_name\" content=\"Micro Solutions\" \/>\n<meta property=\"article:modified_time\" content=\"2021-03-17T16:20:18+00:00\" \/>\n<meta property=\"og:image\" content=\"http:\/\/microst.net\/wp-content\/uploads\/2021\/03\/data_-300x300.png\" \/>\n<meta name=\"twitter:card\" content=\"summary_large_image\" \/>\n<script type=\"application\/ld+json\" class=\"yoast-schema-graph\">{\"@context\":\"https:\/\/schema.org\",\"@graph\":[{\"@type\":\"WebSite\",\"@id\":\"https:\/\/microst.net\/#website\",\"url\":\"https:\/\/microst.net\/\",\"name\":\"Micro Solutions\",\"description\":\"\",\"potentialAction\":[{\"@type\":\"SearchAction\",\"target\":{\"@type\":\"EntryPoint\",\"urlTemplate\":\"https:\/\/microst.net\/?s={search_term_string}\"},\"query-input\":\"required name=search_term_string\"}],\"inLanguage\":\"fr-FR\"},{\"@type\":\"ImageObject\",\"inLanguage\":\"fr-FR\",\"@id\":\"https:\/\/microst.net\/?page_id=6021#primaryimage\",\"url\":\"https:\/\/microst.net\/wp-content\/uploads\/2021\/03\/data_.png\",\"contentUrl\":\"https:\/\/microst.net\/wp-content\/uploads\/2021\/03\/data_.png\",\"width\":2520,\"height\":1418},{\"@type\":\"WebPage\",\"@id\":\"https:\/\/microst.net\/?page_id=6021#webpage\",\"url\":\"https:\/\/microst.net\/?page_id=6021\",\"name\":\"Synerway - Micro Solutions\",\"isPartOf\":{\"@id\":\"https:\/\/microst.net\/#website\"},\"primaryImageOfPage\":{\"@id\":\"https:\/\/microst.net\/?page_id=6021#primaryimage\"},\"datePublished\":\"2021-03-16T14:01:34+00:00\",\"dateModified\":\"2021-03-17T16:20:18+00:00\",\"breadcrumb\":{\"@id\":\"https:\/\/microst.net\/?page_id=6021#breadcrumb\"},\"inLanguage\":\"fr-FR\",\"potentialAction\":[{\"@type\":\"ReadAction\",\"target\":[\"https:\/\/microst.net\/?page_id=6021\"]}]},{\"@type\":\"BreadcrumbList\",\"@id\":\"https:\/\/microst.net\/?page_id=6021#breadcrumb\",\"itemListElement\":[{\"@type\":\"ListItem\",\"position\":1,\"name\":\"Accueil\",\"item\":\"https:\/\/microst.net\/\"},{\"@type\":\"ListItem\",\"position\":2,\"name\":\"Synerway\"}]}]}<\/script>\n<!-- \/ Yoast SEO plugin. -->","yoast_head_json":{"title":"Synerway - Micro Solutions","robots":{"index":"index","follow":"follow","max-snippet":"max-snippet:-1","max-image-preview":"max-image-preview:large","max-video-preview":"max-video-preview:-1"},"canonical":"https:\/\/microst.net\/?page_id=6021","og_locale":"fr_FR","og_type":"article","og_title":"Synerway - Micro Solutions","og_description":"Synerway d\u00e9veloppe des solutions et des services pour la protection unifi\u00e9e du syst\u00e8me d&rsquo;information : donn\u00e9es, applications, messageries et syst\u00e8mes des entreprises. Synerway con\u00e7oit des solutions logicielles brevet\u00e9es, des Appliances physiques ou virtuelles int\u00e9gr\u00e9es et pr\u00eates \u00e0 l&#8217;emploi.\u00a0En acqu\u00e9rant leurs\u00a0 comp\u00e9tences technologiques, nous assurons ces m\u00eames services. Demander Devis","og_url":"https:\/\/microst.net\/?page_id=6021","og_site_name":"Micro Solutions","article_modified_time":"2021-03-17T16:20:18+00:00","og_image":[{"url":"http:\/\/microst.net\/wp-content\/uploads\/2021\/03\/data_-300x300.png"}],"twitter_card":"summary_large_image","schema":{"@context":"https:\/\/schema.org","@graph":[{"@type":"WebSite","@id":"https:\/\/microst.net\/#website","url":"https:\/\/microst.net\/","name":"Micro Solutions","description":"","potentialAction":[{"@type":"SearchAction","target":{"@type":"EntryPoint","urlTemplate":"https:\/\/microst.net\/?s={search_term_string}"},"query-input":"required name=search_term_string"}],"inLanguage":"fr-FR"},{"@type":"ImageObject","inLanguage":"fr-FR","@id":"https:\/\/microst.net\/?page_id=6021#primaryimage","url":"https:\/\/microst.net\/wp-content\/uploads\/2021\/03\/data_.png","contentUrl":"https:\/\/microst.net\/wp-content\/uploads\/2021\/03\/data_.png","width":2520,"height":1418},{"@type":"WebPage","@id":"https:\/\/microst.net\/?page_id=6021#webpage","url":"https:\/\/microst.net\/?page_id=6021","name":"Synerway - Micro Solutions","isPartOf":{"@id":"https:\/\/microst.net\/#website"},"primaryImageOfPage":{"@id":"https:\/\/microst.net\/?page_id=6021#primaryimage"},"datePublished":"2021-03-16T14:01:34+00:00","dateModified":"2021-03-17T16:20:18+00:00","breadcrumb":{"@id":"https:\/\/microst.net\/?page_id=6021#breadcrumb"},"inLanguage":"fr-FR","potentialAction":[{"@type":"ReadAction","target":["https:\/\/microst.net\/?page_id=6021"]}]},{"@type":"BreadcrumbList","@id":"https:\/\/microst.net\/?page_id=6021#breadcrumb","itemListElement":[{"@type":"ListItem","position":1,"name":"Accueil","item":"https:\/\/microst.net\/"},{"@type":"ListItem","position":2,"name":"Synerway"}]}]}},"_links":{"self":[{"href":"https:\/\/microst.net\/index.php?rest_route=\/wp\/v2\/pages\/6021"}],"collection":[{"href":"https:\/\/microst.net\/index.php?rest_route=\/wp\/v2\/pages"}],"about":[{"href":"https:\/\/microst.net\/index.php?rest_route=\/wp\/v2\/types\/page"}],"author":[{"embeddable":true,"href":"https:\/\/microst.net\/index.php?rest_route=\/wp\/v2\/users\/1"}],"replies":[{"embeddable":true,"href":"https:\/\/microst.net\/index.php?rest_route=%2Fwp%2Fv2%2Fcomments&post=6021"}],"version-history":[{"count":4,"href":"https:\/\/microst.net\/index.php?rest_route=\/wp\/v2\/pages\/6021\/revisions"}],"predecessor-version":[{"id":6128,"href":"https:\/\/microst.net\/index.php?rest_route=\/wp\/v2\/pages\/6021\/revisions\/6128"}],"wp:attachment":[{"href":"https:\/\/microst.net\/index.php?rest_route=%2Fwp%2Fv2%2Fmedia&parent=6021"}],"curies":[{"name":"wp","href":"https:\/\/api.w.org\/{rel}","templated":true}]}}