{"id":6027,"date":"2021-03-16T15:03:42","date_gmt":"2021-03-16T14:03:42","guid":{"rendered":"http:\/\/microst.net\/?page_id=6027"},"modified":"2021-03-17T16:02:53","modified_gmt":"2021-03-17T15:02:53","slug":"elastix","status":"publish","type":"page","link":"https:\/\/microst.net\/?page_id=6027","title":{"rendered":"Elastix"},"content":{"rendered":"\t\t<div data-elementor-type=\"wp-page\" data-elementor-id=\"6027\" class=\"elementor elementor-6027\">\n\t\t\t\t\t\t<div class=\"elementor-inner\">\n\t\t\t\t<div class=\"elementor-section-wrap\">\n\t\t\t\t\t\t\t\t\t<section class=\"elementor-section elementor-top-section elementor-element elementor-element-d43ac29 elementor-section-boxed elementor-section-height-default elementor-section-height-default\" data-id=\"d43ac29\" data-element_type=\"section\">\n\t\t\t\t\t\t<div class=\"elementor-container elementor-column-gap-default\">\n\t\t\t\t\t\t\t<div class=\"elementor-row\">\n\t\t\t\t\t<div class=\"elementor-column elementor-col-50 elementor-top-column elementor-element elementor-element-55030a2\" data-id=\"55030a2\" data-element_type=\"column\">\n\t\t\t<div class=\"elementor-column-wrap elementor-element-populated\">\n\t\t\t\t\t\t\t<div class=\"elementor-widget-wrap\">\n\t\t\t\t\t\t<div class=\"elementor-element elementor-element-836bedf elementor-widget elementor-widget-image\" data-id=\"836bedf\" data-element_type=\"widget\" data-widget_type=\"image.default\">\n\t\t\t\t<div class=\"elementor-widget-container\">\n\t\t\t\t\t\t\t\t<div class=\"elementor-image\">\n\t\t\t\t\t\t\t\t\t\t\t\t<img width=\"300\" height=\"300\" src=\"https:\/\/microst.net\/wp-content\/uploads\/2021\/03\/super-computer-server-racks-datacenter-3d-illustration-300x300.jpg\" class=\"attachment-woocommerce_thumbnail size-woocommerce_thumbnail\" alt=\"\" loading=\"lazy\" srcset=\"https:\/\/microst.net\/wp-content\/uploads\/2021\/03\/super-computer-server-racks-datacenter-3d-illustration-300x300.jpg 300w, https:\/\/microst.net\/wp-content\/uploads\/2021\/03\/super-computer-server-racks-datacenter-3d-illustration-150x150.jpg 150w, https:\/\/microst.net\/wp-content\/uploads\/2021\/03\/super-computer-server-racks-datacenter-3d-illustration-100x100.jpg 100w\" sizes=\"(max-width: 300px) 100vw, 300px\" \/>\t\t\t\t\t\t\t\t\t\t\t\t\t\t<\/div>\n\t\t\t\t\t\t<\/div>\n\t\t\t\t<\/div>\n\t\t\t\t\t\t<\/div>\n\t\t\t\t\t<\/div>\n\t\t<\/div>\n\t\t\t\t<div class=\"elementor-column elementor-col-50 elementor-top-column elementor-element elementor-element-9bd6683\" data-id=\"9bd6683\" data-element_type=\"column\">\n\t\t\t<div class=\"elementor-column-wrap elementor-element-populated\">\n\t\t\t\t\t\t\t<div class=\"elementor-widget-wrap\">\n\t\t\t\t\t\t<div class=\"elementor-element elementor-element-e1ea765 elementor-widget elementor-widget-text-editor\" data-id=\"e1ea765\" data-element_type=\"widget\" data-widget_type=\"text-editor.default\">\n\t\t\t\t<div class=\"elementor-widget-container\">\n\t\t\t\t\t\t\t\t<div class=\"elementor-text-editor elementor-clearfix\">\n\t\t\t\t<p>Elastix est un logiciel de serveur de communications unifi\u00e9es qui rassemble les fonctionnalit\u00e9s de PBX IP, de messagerie \u00e9lectronique, de messagerie instantan\u00e9e. Il dispose d&rsquo;une interface Web et comprend des fonctionnalit\u00e9s telles qu&rsquo;un logiciel de centre d&rsquo;appels avec num\u00e9rotation pr\u00e9dictive.<br \/>Dans ce cadre nous usons de ces technologies pour servir vos besoins au mieux.<\/p>\t\t\t\t\t<\/div>\n\t\t\t\t\t\t<\/div>\n\t\t\t\t<\/div>\n\t\t\t\t<div class=\"elementor-element elementor-element-9e05d9f elementor-align-right elementor-widget elementor-widget-button\" data-id=\"9e05d9f\" data-element_type=\"widget\" data-widget_type=\"button.default\">\n\t\t\t\t<div class=\"elementor-widget-container\">\n\t\t\t\t\t<div class=\"elementor-button-wrapper\">\n\t\t\t<a href=\"#\" class=\"elementor-button-link elementor-button elementor-size-sm\" role=\"button\">\n\t\t\t\t\t\t<span class=\"elementor-button-content-wrapper\">\n\t\t\t\t\t\t<span class=\"elementor-button-text\">Demander Devis<\/span>\n\t\t<\/span>\n\t\t\t\t\t<\/a>\n\t\t<\/div>\n\t\t\t\t<\/div>\n\t\t\t\t<\/div>\n\t\t\t\t\t\t<\/div>\n\t\t\t\t\t<\/div>\n\t\t<\/div>\n\t\t\t\t\t\t\t\t<\/div>\n\t\t\t\t\t<\/div>\n\t\t<\/section>\n\t\t\t\t\t\t\t\t\t<\/div>\n\t\t\t<\/div>\n\t\t\t\t\t<\/div>\n\t\t","protected":false},"excerpt":{"rendered":"<p>Elastix est un logiciel de serveur de communications unifi\u00e9es qui rassemble les fonctionnalit\u00e9s de PBX IP, de messagerie \u00e9lectronique, de messagerie instantan\u00e9e. Il dispose d&rsquo;une interface Web et comprend des fonctionnalit\u00e9s telles qu&rsquo;un logiciel de centre d&rsquo;appels avec num\u00e9rotation pr\u00e9dictive.Dans ce cadre nous usons de ces technologies pour servir vos besoins au mieux. Demander Devis<\/p>\n","protected":false},"author":1,"featured_media":0,"parent":0,"menu_order":0,"comment_status":"closed","ping_status":"closed","template":"","meta":[],"yoast_head":"<!-- This site is optimized with the Yoast SEO plugin v19.1 - https:\/\/yoast.com\/wordpress\/plugins\/seo\/ -->\n<title>Elastix - Micro Solutions<\/title>\n<meta name=\"robots\" content=\"index, follow, max-snippet:-1, max-image-preview:large, max-video-preview:-1\" \/>\n<link rel=\"canonical\" href=\"https:\/\/microst.net\/?page_id=6027\" \/>\n<meta property=\"og:locale\" content=\"fr_FR\" \/>\n<meta property=\"og:type\" content=\"article\" \/>\n<meta property=\"og:title\" content=\"Elastix - Micro Solutions\" \/>\n<meta property=\"og:description\" content=\"Elastix est un logiciel de serveur de communications unifi\u00e9es qui rassemble les fonctionnalit\u00e9s de PBX IP, de messagerie \u00e9lectronique, de messagerie instantan\u00e9e. Il dispose d&rsquo;une interface Web et comprend des fonctionnalit\u00e9s telles qu&rsquo;un logiciel de centre d&rsquo;appels avec num\u00e9rotation pr\u00e9dictive.Dans ce cadre nous usons de ces technologies pour servir vos besoins au mieux. Demander Devis\" \/>\n<meta property=\"og:url\" content=\"https:\/\/microst.net\/?page_id=6027\" \/>\n<meta property=\"og:site_name\" content=\"Micro Solutions\" \/>\n<meta property=\"article:modified_time\" content=\"2021-03-17T15:02:53+00:00\" \/>\n<meta property=\"og:image\" content=\"http:\/\/microst.net\/wp-content\/uploads\/2021\/03\/super-computer-server-racks-datacenter-3d-illustration-300x300.jpg\" \/>\n<meta name=\"twitter:card\" content=\"summary_large_image\" \/>\n<script type=\"application\/ld+json\" class=\"yoast-schema-graph\">{\"@context\":\"https:\/\/schema.org\",\"@graph\":[{\"@type\":\"WebSite\",\"@id\":\"https:\/\/microst.net\/#website\",\"url\":\"https:\/\/microst.net\/\",\"name\":\"Micro Solutions\",\"description\":\"\",\"potentialAction\":[{\"@type\":\"SearchAction\",\"target\":{\"@type\":\"EntryPoint\",\"urlTemplate\":\"https:\/\/microst.net\/?s={search_term_string}\"},\"query-input\":\"required name=search_term_string\"}],\"inLanguage\":\"fr-FR\"},{\"@type\":\"ImageObject\",\"inLanguage\":\"fr-FR\",\"@id\":\"https:\/\/microst.net\/?page_id=6027#primaryimage\",\"url\":\"http:\/\/microst.net\/wp-content\/uploads\/2021\/03\/super-computer-server-racks-datacenter-3d-illustration-300x300.jpg\",\"contentUrl\":\"http:\/\/microst.net\/wp-content\/uploads\/2021\/03\/super-computer-server-racks-datacenter-3d-illustration-300x300.jpg\"},{\"@type\":\"WebPage\",\"@id\":\"https:\/\/microst.net\/?page_id=6027#webpage\",\"url\":\"https:\/\/microst.net\/?page_id=6027\",\"name\":\"Elastix - Micro Solutions\",\"isPartOf\":{\"@id\":\"https:\/\/microst.net\/#website\"},\"primaryImageOfPage\":{\"@id\":\"https:\/\/microst.net\/?page_id=6027#primaryimage\"},\"datePublished\":\"2021-03-16T14:03:42+00:00\",\"dateModified\":\"2021-03-17T15:02:53+00:00\",\"breadcrumb\":{\"@id\":\"https:\/\/microst.net\/?page_id=6027#breadcrumb\"},\"inLanguage\":\"fr-FR\",\"potentialAction\":[{\"@type\":\"ReadAction\",\"target\":[\"https:\/\/microst.net\/?page_id=6027\"]}]},{\"@type\":\"BreadcrumbList\",\"@id\":\"https:\/\/microst.net\/?page_id=6027#breadcrumb\",\"itemListElement\":[{\"@type\":\"ListItem\",\"position\":1,\"name\":\"Accueil\",\"item\":\"https:\/\/microst.net\/\"},{\"@type\":\"ListItem\",\"position\":2,\"name\":\"Elastix\"}]}]}<\/script>\n<!-- \/ Yoast SEO plugin. -->","yoast_head_json":{"title":"Elastix - Micro Solutions","robots":{"index":"index","follow":"follow","max-snippet":"max-snippet:-1","max-image-preview":"max-image-preview:large","max-video-preview":"max-video-preview:-1"},"canonical":"https:\/\/microst.net\/?page_id=6027","og_locale":"fr_FR","og_type":"article","og_title":"Elastix - Micro Solutions","og_description":"Elastix est un logiciel de serveur de communications unifi\u00e9es qui rassemble les fonctionnalit\u00e9s de PBX IP, de messagerie \u00e9lectronique, de messagerie instantan\u00e9e. Il dispose d&rsquo;une interface Web et comprend des fonctionnalit\u00e9s telles qu&rsquo;un logiciel de centre d&rsquo;appels avec num\u00e9rotation pr\u00e9dictive.Dans ce cadre nous usons de ces technologies pour servir vos besoins au mieux. Demander Devis","og_url":"https:\/\/microst.net\/?page_id=6027","og_site_name":"Micro Solutions","article_modified_time":"2021-03-17T15:02:53+00:00","og_image":[{"url":"http:\/\/microst.net\/wp-content\/uploads\/2021\/03\/super-computer-server-racks-datacenter-3d-illustration-300x300.jpg"}],"twitter_card":"summary_large_image","schema":{"@context":"https:\/\/schema.org","@graph":[{"@type":"WebSite","@id":"https:\/\/microst.net\/#website","url":"https:\/\/microst.net\/","name":"Micro Solutions","description":"","potentialAction":[{"@type":"SearchAction","target":{"@type":"EntryPoint","urlTemplate":"https:\/\/microst.net\/?s={search_term_string}"},"query-input":"required name=search_term_string"}],"inLanguage":"fr-FR"},{"@type":"ImageObject","inLanguage":"fr-FR","@id":"https:\/\/microst.net\/?page_id=6027#primaryimage","url":"http:\/\/microst.net\/wp-content\/uploads\/2021\/03\/super-computer-server-racks-datacenter-3d-illustration-300x300.jpg","contentUrl":"http:\/\/microst.net\/wp-content\/uploads\/2021\/03\/super-computer-server-racks-datacenter-3d-illustration-300x300.jpg"},{"@type":"WebPage","@id":"https:\/\/microst.net\/?page_id=6027#webpage","url":"https:\/\/microst.net\/?page_id=6027","name":"Elastix - Micro Solutions","isPartOf":{"@id":"https:\/\/microst.net\/#website"},"primaryImageOfPage":{"@id":"https:\/\/microst.net\/?page_id=6027#primaryimage"},"datePublished":"2021-03-16T14:03:42+00:00","dateModified":"2021-03-17T15:02:53+00:00","breadcrumb":{"@id":"https:\/\/microst.net\/?page_id=6027#breadcrumb"},"inLanguage":"fr-FR","potentialAction":[{"@type":"ReadAction","target":["https:\/\/microst.net\/?page_id=6027"]}]},{"@type":"BreadcrumbList","@id":"https:\/\/microst.net\/?page_id=6027#breadcrumb","itemListElement":[{"@type":"ListItem","position":1,"name":"Accueil","item":"https:\/\/microst.net\/"},{"@type":"ListItem","position":2,"name":"Elastix"}]}]}},"_links":{"self":[{"href":"https:\/\/microst.net\/index.php?rest_route=\/wp\/v2\/pages\/6027"}],"collection":[{"href":"https:\/\/microst.net\/index.php?rest_route=\/wp\/v2\/pages"}],"about":[{"href":"https:\/\/microst.net\/index.php?rest_route=\/wp\/v2\/types\/page"}],"author":[{"embeddable":true,"href":"https:\/\/microst.net\/index.php?rest_route=\/wp\/v2\/users\/1"}],"replies":[{"embeddable":true,"href":"https:\/\/microst.net\/index.php?rest_route=%2Fwp%2Fv2%2Fcomments&post=6027"}],"version-history":[{"count":2,"href":"https:\/\/microst.net\/index.php?rest_route=\/wp\/v2\/pages\/6027\/revisions"}],"predecessor-version":[{"id":6104,"href":"https:\/\/microst.net\/index.php?rest_route=\/wp\/v2\/pages\/6027\/revisions\/6104"}],"wp:attachment":[{"href":"https:\/\/microst.net\/index.php?rest_route=%2Fwp%2Fv2%2Fmedia&parent=6027"}],"curies":[{"name":"wp","href":"https:\/\/api.w.org\/{rel}","templated":true}]}}