{"id":6029,"date":"2021-03-16T15:04:47","date_gmt":"2021-03-16T14:04:47","guid":{"rendered":"http:\/\/microst.net\/?page_id=6029"},"modified":"2021-03-17T17:16:29","modified_gmt":"2021-03-17T16:16:29","slug":"fonality-trixbox","status":"publish","type":"page","link":"https:\/\/microst.net\/?page_id=6029","title":{"rendered":"Fonality Trixbox"},"content":{"rendered":"\t\t<div data-elementor-type=\"wp-page\" data-elementor-id=\"6029\" class=\"elementor elementor-6029\">\n\t\t\t\t\t\t<div class=\"elementor-inner\">\n\t\t\t\t<div class=\"elementor-section-wrap\">\n\t\t\t\t\t\t\t\t\t<section class=\"elementor-section elementor-top-section elementor-element elementor-element-ec0f82a elementor-section-boxed elementor-section-height-default elementor-section-height-default\" data-id=\"ec0f82a\" data-element_type=\"section\">\n\t\t\t\t\t\t<div class=\"elementor-container elementor-column-gap-default\">\n\t\t\t\t\t\t\t<div class=\"elementor-row\">\n\t\t\t\t\t<div class=\"elementor-column elementor-col-50 elementor-top-column elementor-element elementor-element-9e59dbb\" data-id=\"9e59dbb\" data-element_type=\"column\">\n\t\t\t<div class=\"elementor-column-wrap elementor-element-populated\">\n\t\t\t\t\t\t\t<div class=\"elementor-widget-wrap\">\n\t\t\t\t\t\t<div class=\"elementor-element elementor-element-251133b elementor-widget elementor-widget-image\" data-id=\"251133b\" data-element_type=\"widget\" data-widget_type=\"image.default\">\n\t\t\t\t<div class=\"elementor-widget-container\">\n\t\t\t\t\t\t\t\t<div class=\"elementor-image\">\n\t\t\t\t\t\t\t\t\t\t\t\t<img width=\"300\" height=\"300\" src=\"https:\/\/microst.net\/wp-content\/uploads\/2021\/03\/680-300x300.jpg\" class=\"attachment-woocommerce_thumbnail size-woocommerce_thumbnail\" alt=\"\" loading=\"lazy\" srcset=\"https:\/\/microst.net\/wp-content\/uploads\/2021\/03\/680-300x300.jpg 300w, https:\/\/microst.net\/wp-content\/uploads\/2021\/03\/680-150x150.jpg 150w, https:\/\/microst.net\/wp-content\/uploads\/2021\/03\/680-100x100.jpg 100w\" sizes=\"(max-width: 300px) 100vw, 300px\" \/>\t\t\t\t\t\t\t\t\t\t\t\t\t\t<\/div>\n\t\t\t\t\t\t<\/div>\n\t\t\t\t<\/div>\n\t\t\t\t\t\t<\/div>\n\t\t\t\t\t<\/div>\n\t\t<\/div>\n\t\t\t\t<div class=\"elementor-column elementor-col-50 elementor-top-column elementor-element elementor-element-108668c\" data-id=\"108668c\" data-element_type=\"column\">\n\t\t\t<div class=\"elementor-column-wrap elementor-element-populated\">\n\t\t\t\t\t\t\t<div class=\"elementor-widget-wrap\">\n\t\t\t\t\t\t<div class=\"elementor-element elementor-element-3121237 elementor-widget elementor-widget-text-editor\" data-id=\"3121237\" data-element_type=\"widget\" data-widget_type=\"text-editor.default\">\n\t\t\t\t<div class=\"elementor-widget-container\">\n\t\t\t\t\t\t\t\t<div class=\"elementor-text-editor elementor-clearfix\">\n\t\t\t\t<p>En Octobre 2006 Trixbox est rachet\u00e9 par Fonality et cette derni\u00e8re \u00e0 son tour par NetFortris.<br \/>Les solutions NetFortris sont innovantes, flexibles et int\u00e9gr\u00e9es de mani\u00e8re transparente pour fournir une plate-forme unifi\u00e9e de bout en bout pour la voix, les donn\u00e9es, la vid\u00e9o et les applications.<br \/>Toutes services \u00e0 d\u00e9livrer se basent sur l&rsquo;expertise des technologies de Fonality Trixbox<\/p>\t\t\t\t\t<\/div>\n\t\t\t\t\t\t<\/div>\n\t\t\t\t<\/div>\n\t\t\t\t<div class=\"elementor-element elementor-element-c92639d elementor-align-right elementor-widget elementor-widget-button\" data-id=\"c92639d\" data-element_type=\"widget\" data-widget_type=\"button.default\">\n\t\t\t\t<div class=\"elementor-widget-container\">\n\t\t\t\t\t<div class=\"elementor-button-wrapper\">\n\t\t\t<a href=\"#\" class=\"elementor-button-link elementor-button elementor-size-sm\" role=\"button\">\n\t\t\t\t\t\t<span class=\"elementor-button-content-wrapper\">\n\t\t\t\t\t\t<span class=\"elementor-button-text\">Demander Devis<\/span>\n\t\t<\/span>\n\t\t\t\t\t<\/a>\n\t\t<\/div>\n\t\t\t\t<\/div>\n\t\t\t\t<\/div>\n\t\t\t\t\t\t<\/div>\n\t\t\t\t\t<\/div>\n\t\t<\/div>\n\t\t\t\t\t\t\t\t<\/div>\n\t\t\t\t\t<\/div>\n\t\t<\/section>\n\t\t\t\t\t\t\t\t\t<\/div>\n\t\t\t<\/div>\n\t\t\t\t\t<\/div>\n\t\t","protected":false},"excerpt":{"rendered":"<p>En Octobre 2006 Trixbox est rachet\u00e9 par Fonality et cette derni\u00e8re \u00e0 son tour par NetFortris.Les solutions NetFortris sont innovantes, flexibles et int\u00e9gr\u00e9es de mani\u00e8re transparente pour fournir une plate-forme unifi\u00e9e de bout en bout pour la voix, les donn\u00e9es, la vid\u00e9o et les applications.Toutes services \u00e0 d\u00e9livrer se basent sur l&rsquo;expertise des technologies de [&hellip;]<\/p>\n","protected":false},"author":1,"featured_media":0,"parent":0,"menu_order":0,"comment_status":"closed","ping_status":"closed","template":"","meta":[],"yoast_head":"<!-- This site is optimized with the Yoast SEO plugin v19.1 - https:\/\/yoast.com\/wordpress\/plugins\/seo\/ -->\n<title>Fonality Trixbox - Micro Solutions<\/title>\n<meta name=\"robots\" content=\"index, follow, max-snippet:-1, max-image-preview:large, max-video-preview:-1\" \/>\n<link rel=\"canonical\" href=\"https:\/\/microst.net\/?page_id=6029\" \/>\n<meta property=\"og:locale\" content=\"fr_FR\" \/>\n<meta property=\"og:type\" content=\"article\" \/>\n<meta property=\"og:title\" content=\"Fonality Trixbox - Micro Solutions\" \/>\n<meta property=\"og:description\" content=\"En Octobre 2006 Trixbox est rachet\u00e9 par Fonality et cette derni\u00e8re \u00e0 son tour par NetFortris.Les solutions NetFortris sont innovantes, flexibles et int\u00e9gr\u00e9es de mani\u00e8re transparente pour fournir une plate-forme unifi\u00e9e de bout en bout pour la voix, les donn\u00e9es, la vid\u00e9o et les applications.Toutes services \u00e0 d\u00e9livrer se basent sur l&rsquo;expertise des technologies de [&hellip;]\" \/>\n<meta property=\"og:url\" content=\"https:\/\/microst.net\/?page_id=6029\" \/>\n<meta property=\"og:site_name\" content=\"Micro Solutions\" \/>\n<meta property=\"article:modified_time\" content=\"2021-03-17T16:16:29+00:00\" \/>\n<meta property=\"og:image\" content=\"http:\/\/microst.net\/wp-content\/uploads\/2021\/03\/680-300x300.jpg\" \/>\n<meta name=\"twitter:card\" content=\"summary_large_image\" \/>\n<script type=\"application\/ld+json\" class=\"yoast-schema-graph\">{\"@context\":\"https:\/\/schema.org\",\"@graph\":[{\"@type\":\"WebSite\",\"@id\":\"https:\/\/microst.net\/#website\",\"url\":\"https:\/\/microst.net\/\",\"name\":\"Micro Solutions\",\"description\":\"\",\"potentialAction\":[{\"@type\":\"SearchAction\",\"target\":{\"@type\":\"EntryPoint\",\"urlTemplate\":\"https:\/\/microst.net\/?s={search_term_string}\"},\"query-input\":\"required name=search_term_string\"}],\"inLanguage\":\"fr-FR\"},{\"@type\":\"ImageObject\",\"inLanguage\":\"fr-FR\",\"@id\":\"https:\/\/microst.net\/?page_id=6029#primaryimage\",\"url\":\"http:\/\/microst.net\/wp-content\/uploads\/2021\/03\/680-300x300.jpg\",\"contentUrl\":\"http:\/\/microst.net\/wp-content\/uploads\/2021\/03\/680-300x300.jpg\"},{\"@type\":\"WebPage\",\"@id\":\"https:\/\/microst.net\/?page_id=6029#webpage\",\"url\":\"https:\/\/microst.net\/?page_id=6029\",\"name\":\"Fonality Trixbox - Micro Solutions\",\"isPartOf\":{\"@id\":\"https:\/\/microst.net\/#website\"},\"primaryImageOfPage\":{\"@id\":\"https:\/\/microst.net\/?page_id=6029#primaryimage\"},\"datePublished\":\"2021-03-16T14:04:47+00:00\",\"dateModified\":\"2021-03-17T16:16:29+00:00\",\"breadcrumb\":{\"@id\":\"https:\/\/microst.net\/?page_id=6029#breadcrumb\"},\"inLanguage\":\"fr-FR\",\"potentialAction\":[{\"@type\":\"ReadAction\",\"target\":[\"https:\/\/microst.net\/?page_id=6029\"]}]},{\"@type\":\"BreadcrumbList\",\"@id\":\"https:\/\/microst.net\/?page_id=6029#breadcrumb\",\"itemListElement\":[{\"@type\":\"ListItem\",\"position\":1,\"name\":\"Accueil\",\"item\":\"https:\/\/microst.net\/\"},{\"@type\":\"ListItem\",\"position\":2,\"name\":\"Fonality Trixbox\"}]}]}<\/script>\n<!-- \/ Yoast SEO plugin. -->","yoast_head_json":{"title":"Fonality Trixbox - Micro Solutions","robots":{"index":"index","follow":"follow","max-snippet":"max-snippet:-1","max-image-preview":"max-image-preview:large","max-video-preview":"max-video-preview:-1"},"canonical":"https:\/\/microst.net\/?page_id=6029","og_locale":"fr_FR","og_type":"article","og_title":"Fonality Trixbox - Micro Solutions","og_description":"En Octobre 2006 Trixbox est rachet\u00e9 par Fonality et cette derni\u00e8re \u00e0 son tour par NetFortris.Les solutions NetFortris sont innovantes, flexibles et int\u00e9gr\u00e9es de mani\u00e8re transparente pour fournir une plate-forme unifi\u00e9e de bout en bout pour la voix, les donn\u00e9es, la vid\u00e9o et les applications.Toutes services \u00e0 d\u00e9livrer se basent sur l&rsquo;expertise des technologies de [&hellip;]","og_url":"https:\/\/microst.net\/?page_id=6029","og_site_name":"Micro Solutions","article_modified_time":"2021-03-17T16:16:29+00:00","og_image":[{"url":"http:\/\/microst.net\/wp-content\/uploads\/2021\/03\/680-300x300.jpg"}],"twitter_card":"summary_large_image","schema":{"@context":"https:\/\/schema.org","@graph":[{"@type":"WebSite","@id":"https:\/\/microst.net\/#website","url":"https:\/\/microst.net\/","name":"Micro Solutions","description":"","potentialAction":[{"@type":"SearchAction","target":{"@type":"EntryPoint","urlTemplate":"https:\/\/microst.net\/?s={search_term_string}"},"query-input":"required name=search_term_string"}],"inLanguage":"fr-FR"},{"@type":"ImageObject","inLanguage":"fr-FR","@id":"https:\/\/microst.net\/?page_id=6029#primaryimage","url":"http:\/\/microst.net\/wp-content\/uploads\/2021\/03\/680-300x300.jpg","contentUrl":"http:\/\/microst.net\/wp-content\/uploads\/2021\/03\/680-300x300.jpg"},{"@type":"WebPage","@id":"https:\/\/microst.net\/?page_id=6029#webpage","url":"https:\/\/microst.net\/?page_id=6029","name":"Fonality Trixbox - Micro Solutions","isPartOf":{"@id":"https:\/\/microst.net\/#website"},"primaryImageOfPage":{"@id":"https:\/\/microst.net\/?page_id=6029#primaryimage"},"datePublished":"2021-03-16T14:04:47+00:00","dateModified":"2021-03-17T16:16:29+00:00","breadcrumb":{"@id":"https:\/\/microst.net\/?page_id=6029#breadcrumb"},"inLanguage":"fr-FR","potentialAction":[{"@type":"ReadAction","target":["https:\/\/microst.net\/?page_id=6029"]}]},{"@type":"BreadcrumbList","@id":"https:\/\/microst.net\/?page_id=6029#breadcrumb","itemListElement":[{"@type":"ListItem","position":1,"name":"Accueil","item":"https:\/\/microst.net\/"},{"@type":"ListItem","position":2,"name":"Fonality Trixbox"}]}]}},"_links":{"self":[{"href":"https:\/\/microst.net\/index.php?rest_route=\/wp\/v2\/pages\/6029"}],"collection":[{"href":"https:\/\/microst.net\/index.php?rest_route=\/wp\/v2\/pages"}],"about":[{"href":"https:\/\/microst.net\/index.php?rest_route=\/wp\/v2\/types\/page"}],"author":[{"embeddable":true,"href":"https:\/\/microst.net\/index.php?rest_route=\/wp\/v2\/users\/1"}],"replies":[{"embeddable":true,"href":"https:\/\/microst.net\/index.php?rest_route=%2Fwp%2Fv2%2Fcomments&post=6029"}],"version-history":[{"count":8,"href":"https:\/\/microst.net\/index.php?rest_route=\/wp\/v2\/pages\/6029\/revisions"}],"predecessor-version":[{"id":6126,"href":"https:\/\/microst.net\/index.php?rest_route=\/wp\/v2\/pages\/6029\/revisions\/6126"}],"wp:attachment":[{"href":"https:\/\/microst.net\/index.php?rest_route=%2Fwp%2Fv2%2Fmedia&parent=6029"}],"curies":[{"name":"wp","href":"https:\/\/api.w.org\/{rel}","templated":true}]}}